{"id":9423,"date":"2023-05-22T21:45:28","date_gmt":"2023-05-22T20:45:28","guid":{"rendered":"https:\/\/bestpractice.bmj.com\/info\/?page_id=9423"},"modified":"2024-06-04T17:41:12","modified_gmt":"2024-06-04T16:41:12","slug":"monthly-webinars","status":"publish","type":"page","link":"https:\/\/bestpractice.bmj.com\/info\/us\/about-us\/monthly-webinars\/","title":{"rendered":"Monthly Webinars"},"content":{"rendered":"<h1>&nbsp;<\/h1><br \/>\r\n<h1>Demos and Product training on your schedule.<\/h1><br \/>\r\nCoordinating to attend a product demonstration or training can be challenging, given competing priorities.&nbsp; Whether you want to learn more about BMJ Best Practice at the Point of Care or use it in an instructional or research setting, our 30-minute sessions can help familiarize you with BMJ Best Practice.&nbsp; There will be time for Q&amp;A with a product expert.<br \/>\r\n<br \/>\r\nAt the end of each session, users will have learned the best tips for getting the most out of BMJ Best Practice, including a look at:<br \/>\r\n<ul><br \/>\r\n \t<li>Product layout and benefits<\/li><br \/>\r\n \t<li>Remote and App access<\/li><br \/>\r\n \t<li>Overview of unique features&nbsp;<\/li><br \/>\r\n \t<li>Time-saving search tips<\/li><br \/>\r\n \t<li>Editorial Makeup and the Evidence-Based Toolkit<\/li><br \/>\r\n<\/ul><br \/>\r\n<p style=\"text-align: left;\"><a class=\"fasc-button fasc-size-xlarge fasc-type-popout fasc-rounded-medium\" style=\"background-color: #bd117b; color: #ffffff;\" target=\"_blank\" rel=\"noopener\" href=\"https:\/\/bpamericas.bmj.com\/demo\/\">Choose the session most convenient to you<\/a><\/p><br \/>\r\n&nbsp;<br \/>\r\n<h4>Tenga en cuenta que las sesiones tambi\u00e9n est\u00e1n disponibles en espa\u00f1ol.&nbsp; Haga <a href=\"https:\/\/bpamericas.bmj.com\/demo\/\">clic aqu\u00ed<\/a> para elegir la sesi\u00f3n que m\u00e1s le convenga.<\/h4><br \/>\r\n&nbsp;<br \/>\r\n<br \/>\r\n&nbsp;<br \/>\r\n<br \/>\r\n<span style=\"color: #ffffff;\">\t\t\t<div \n\t\t\tclass=\"yotu-playlist yotuwp yotu-limit-min yotu-limit-max   yotu-thumb-169  yotu-template-grid\" \n\t\t\tdata-page=\"1\"\n\t\t\tid=\"yotuwp-69df65bcdcf7a\"\n\t\t\tdata-yotu=\"69df65bd03ac6\"\n\t\t\tdata-total=\"1\"\n\t\t\tdata-settings=\"eyJ0eXBlIjoidmlkZW9zIiwiaWQiOiJ1d3BiSFN0b0R4YyIsInBhZ2luYXRpb24iOiJvbiIsInBhZ2l0eXBlIjoicGFnZXIiLCJjb2x1bW4iOiIzIiwicGVyX3BhZ2UiOiIxMiIsInRlbXBsYXRlIjoiZ3JpZCIsInRpdGxlIjoib24iLCJkZXNjcmlwdGlvbiI6Im9uIiwidGh1bWJyYXRpbyI6IjE2OSIsIm1ldGEiOiJvZmYiLCJtZXRhX2RhdGEiOiJvZmYiLCJtZXRhX3Bvc2l0aW9uIjoib2ZmIiwiZGF0ZV9mb3JtYXQiOiJvZmYiLCJtZXRhX2FsaWduIjoib2ZmIiwic3Vic2NyaWJlIjoib2ZmIiwiZHVyYXRpb24iOiJvZmYiLCJtZXRhX2ljb24iOiJvZmYiLCJuZXh0dGV4dCI6IiIsInByZXZ0ZXh0IjoiIiwibG9hZG1vcmV0ZXh0IjoiIiwicGxheWVyIjp7Im1vZGUiOiJsYXJnZSIsIndpZHRoIjoiODAwIiwic2Nyb2xsaW5nIjoiMCIsImF1dG9wbGF5IjowLCJjb250cm9scyI6MSwibW9kZXN0YnJhbmRpbmciOjEsImxvb3AiOjAsImF1dG9uZXh0IjowLCJzaG93aW5mbyI6MSwicmVsIjoxLCJwbGF5aW5nIjowLCJwbGF5aW5nX2Rlc2NyaXB0aW9uIjowLCJ0aHVtYm5haWxzIjowLCJjY19sb2FkX3BvbGljeSI6IjEiLCJjY19sYW5nX3ByZWYiOiIxIiwiaGwiOiIiLCJpdl9sb2FkX3BvbGljeSI6IjEifSwibGFzdF90YWIiOiJzZXR0aW5ncyIsInVzZV9hc19tb2RhbCI6Im9mZiIsIm1vZGFsX2lkIjoib2ZmIiwibGFzdF91cGRhdGUiOiIxNTY0NjU2NTEwIiwic3R5bGluZyI6eyJwYWdlcl9sYXlvdXQiOiJkZWZhdWx0IiwiYnV0dG9uIjoiMSIsImJ1dHRvbl9jb2xvciI6IiIsImJ1dHRvbl9iZ19jb2xvciI6IiIsImJ1dHRvbl9jb2xvcl9ob3ZlciI6IiIsImJ1dHRvbl9iZ19jb2xvcl9ob3ZlciI6IiIsInZpZGVvX3N0eWxlIjoiIiwicGxheWljb25fY29sb3IiOiIiLCJob3Zlcl9pY29uIjoiIiwiZ2FsbGVyeV9iZyI6IiJ9LCJlZmZlY3RzIjp7InZpZGVvX2JveCI6IiIsImZsaXBfZWZmZWN0IjoiIn0sImdhbGxlcnlfaWQiOiI2OWRmNjViY2RjZjdhIn0=\"\n\t\t\tdata-player=\"large\"\n\t\t\tdata-showdesc=\"on\" >\n\t\t\t\t<div>\n\t\t\t\t\t\t\t\t\t\t<div class=\"yotu-wrapper-player\" style=\"width:800px\">\n\t\t\t\t\t\t\t\t\t\t\t\t<div class=\"yotu-player\">\n\t\t\t\t\t\t\t<div class=\"yotu-video-placeholder\" id=\"yotu-player-69df65bd03ac6\"><\/div>\n\t\t\t\t\t\t<\/div>\n\t\t\t\t\t\t<div class=\"yotu-playing-status\"><\/div>\n\t\t\t\t\t\t\t\t\t\t\t<\/div>\n\n\t\t\t\t\t<div class=\"yotu-pagination yotu-hide yotu-pager_layout-default yotu-pagination-top\">\n<a href=\"#\" class=\"yotu-pagination-prev yotu-button-prs yotu-button-prs-1\" data-page=\"prev\">Prev<\/a>\n<span class=\"yotu-pagination-current\">1<\/span> <span>of<\/span> <span class=\"yotu-pagination-total\">1<\/span>\n<a href=\"#\" class=\"yotu-pagination-next yotu-button-prs yotu-button-prs-1\" data-page=\"next\">Next<\/a>\n<\/div>\n<div class=\"yotu-videos yotu-mode-grid yotu-column-3 yotu-player-mode-large\">\n\t<ul>\n\t\t\t\t\t<li class=\" yotu-first yotu-last\">\n\t\t\t\t\t\t\t\t<a href=\"#uwpbHStoDxc\" class=\"yotu-video\" data-videoid=\"uwpbHStoDxc\" data-title=\"How to use the BMJ Best Practice Comorbidities Manager\" title=\"How to use the BMJ Best Practice Comorbidities Manager\">\n\t\t\t\t\t<div class=\"yotu-video-thumb-wrp\">\n\t\t\t\t\t\t<div>\n\t\t\t\t\t\t\t\t\t\t\t\t\t\t<img decoding=\"async\" class=\"yotu-video-thumb\" src=\"https:\/\/i.ytimg.com\/vi\/uwpbHStoDxc\/hqdefault.jpg\" alt=\"How to use the BMJ Best Practice Comorbidities Manager\">\t\n\t\t\t\t\t\t\t\t\t\t\t\t\t<\/div>\n\t\t\t\t\t<\/div>\n\t\t\t\t\t\t\t\t\t\t\t<h3 class=\"yotu-video-title\">How to use the BMJ Best Practice Comorbidities Manager<\/h3>\n\t\t\t\t\t\t\t\t\t\t\t\t\t\t\t\t\t\t\t\t\t<div class=\"yotu-video-description\"><\/div>\n\t\t\t\t\t\t\t\t\t<\/a>\n\t\t\t\t\t\t\t<\/li>\n\t\t\t\t\n\t\t\t\t<\/ul>\n<\/div><div class=\"yotu-pagination yotu-hide yotu-pager_layout-default yotu-pagination-bottom\">\n<a href=\"#\" class=\"yotu-pagination-prev yotu-button-prs yotu-button-prs-1\" data-page=\"prev\">Prev<\/a>\n<span class=\"yotu-pagination-current\">1<\/span> <span>of<\/span> <span class=\"yotu-pagination-total\">1<\/span>\n<a href=\"#\" class=\"yotu-pagination-next yotu-button-prs yotu-button-prs-1\" data-page=\"next\">Next<\/a>\n<\/div>\n\t\t\t\t<\/div>\n\t\t\t<\/div>\n\t\t\t<\/span>","protected":false},"excerpt":{"rendered":"<p>&nbsp; Demos and Product training on your schedule. Coordinating to attend a product demonstration or training can be challenging, given competing priorities.&nbsp; Whether you want to learn more about BMJ Best Practice at the Point of Care or use it in an instructional or research setting, our 30-minute sessions can help familiarize you with BMJ [&hellip;]<\/p>\n","protected":false},"author":41,"featured_media":6097,"parent":2985,"menu_order":0,"comment_status":"closed","ping_status":"closed","template":"","meta":{"_acf_changed":false,"footnotes":""},"class_list":["post-9423","page","type-page","status-publish","has-post-thumbnail","hentry"],"acf":[],"aioseo_notices":[],"_links":{"self":[{"href":"https:\/\/bestpractice.bmj.com\/info\/us\/wp-json\/wp\/v2\/pages\/9423","targetHints":{"allow":["GET"]}}],"collection":[{"href":"https:\/\/bestpractice.bmj.com\/info\/us\/wp-json\/wp\/v2\/pages"}],"about":[{"href":"https:\/\/bestpractice.bmj.com\/info\/us\/wp-json\/wp\/v2\/types\/page"}],"author":[{"embeddable":true,"href":"https:\/\/bestpractice.bmj.com\/info\/us\/wp-json\/wp\/v2\/users\/41"}],"replies":[{"embeddable":true,"href":"https:\/\/bestpractice.bmj.com\/info\/us\/wp-json\/wp\/v2\/comments?post=9423"}],"version-history":[{"count":0,"href":"https:\/\/bestpractice.bmj.com\/info\/us\/wp-json\/wp\/v2\/pages\/9423\/revisions"}],"up":[{"embeddable":true,"href":"https:\/\/bestpractice.bmj.com\/info\/us\/wp-json\/wp\/v2\/pages\/2985"}],"wp:featuredmedia":[{"embeddable":true,"href":"https:\/\/bestpractice.bmj.com\/info\/us\/wp-json\/wp\/v2\/media\/6097"}],"wp:attachment":[{"href":"https:\/\/bestpractice.bmj.com\/info\/us\/wp-json\/wp\/v2\/media?parent=9423"}],"curies":[{"name":"wp","href":"https:\/\/api.w.org\/{rel}","templated":true}]}}