{"id":7083,"date":"2016-05-16T14:07:59","date_gmt":"2016-05-16T13:07:59","guid":{"rendered":"https:\/\/bestpractice.bmj.com\/info\/contate-nos\/"},"modified":"2021-06-18T00:11:04","modified_gmt":"2021-06-18T00:11:04","slug":"contate-nos","status":"publish","type":"page","link":"https:\/\/bestpractice.bmj.com\/info\/pt\/contate-nos\/","title":{"rendered":"Contate-nos"},"content":{"rendered":"<h2>Servi\u00e7os ao cliente<\/h2><br \/>\r\n<strong>Brasil e Am\u00e9rica do Norte<\/strong><br \/>\r\n<ul><br \/>\r\n \t<li>T: +1 855-458-0579&nbsp;&nbsp;&nbsp; (toll free from USA)<\/li><br \/>\r\n \t<li>E: LatAmSupport@bmj.com<\/li><br \/>\r\n<\/ul><br \/>\r\n<strong>Resto do mundo<\/strong><br \/>\r\n<ul><br \/>\r\n \t<li>T: + 44 (0) 207 111 1105<\/li><br \/>\r\n \t<li>E:&nbsp; <a href=\"mailto:support@bmj.com\" target=\"_blank\" rel=\"noopener noreferrer\">support@bmj.com<\/a><\/li><br \/>\r\n \t<li>Live chat:&nbsp;<a href=\"https:\/\/support.bmj.com\" target=\"_blank\" rel=\"noopener noreferrer\">support.bmj.com<\/a><\/li><br \/>\r\n<\/ul><br \/>\r\n<h2>Sales enquiries<\/h2><br \/>\r\n<strong>Consultas sobre vendas<\/strong><br \/>\r\n<ul><br \/>\r\n \t<li>T: +1-866-458-0579<\/li><br \/>\r\n \t<li>E: <a href=\"mailto: ussupport@bmj.com\">ussupport@bmj.com<\/a><\/li><br \/>\r\n<\/ul><br \/>\r\n<strong>Rest of World<\/strong><br \/>\r\n<ul><br \/>\r\n \t<li>T: +44 (0)&nbsp;207 1111 226<\/li><br \/>\r\n \t<li>E:&nbsp;<a href=\"mailto:sales@bmj.com\" target=\"_blank\" rel=\"noopener noreferrer\">sales@bmj.com<\/a><\/li><br \/>\r\n<\/ul><br \/>\r\n<h3>Treinamento e suporte<\/h3><br \/>\r\nSe sua institui\u00e7\u00e3o subscreve ao BMJ Best Practice e voc\u00ea gostaria de organizar treinamentos, webinars ou baixar os guias do usu\u00e1rio para seus colegas, por favor, envie um e-mail: <strong>LSantana@bmj.com<\/strong><br \/>\r\n<h2>Torne-se um colaborador ou revisor de pares<\/h2><br \/>\r\nEmbora o conte\u00fado das Best Practice seja geralmente encomendado, gostar\u00edamos de ouvir as pessoas que est\u00e3o interessadas em se tornar um contribuinte especializado ou um revisor por pares. Entre em contato conosco para obter mais informa\u00e7\u00f5es.<br \/>\r\n<br \/>\r\nPermiss\u00f5es para reutiliza\u00e7\u00e3o de conte\u00fado<br \/>\r\n<br \/>\r\nVoc\u00ea pode reutilizar, reproduzir ou citar o conte\u00fado das Melhores Pr\u00e1ticas BMJ, mas precisar\u00e1 entrar em contato com <a href=\"mailto:bmj.permissions@bmj.com\">bmj.permissions@bmj.com<\/a> para fazer isso. Observe que uma taxa pode ser aplicada em alguns casos.<br \/>\r\n<h2><span style=\"font-size: 16px;\">Head office<\/span><\/h2><br \/>\r\nBMJ<br \/>\r\nBMA House<br \/>\r\nTavistock Square<br \/>\r\nLondon WC1H 9JR, UK<br \/>\r\n<br \/>\r\n<a class=\"fasc-button fasc-size-xlarge fasc-type-glossy fasc-rounded-medium\" style=\"background-color: #bd117b; color: #ffffff;\" target=\"_blank\" rel=\"noopener noreferrer\" href=\"https:\/\/bestpractice.bmj.com\">Retornar \u00e0 BMJ Practice<\/a> &nbsp;","protected":false},"excerpt":{"rendered":"<p>Servi\u00e7os ao cliente Brasil e Am\u00e9rica do Norte T: +1 855-458-0579&nbsp;&nbsp;&nbsp; (toll free from USA) E: LatAmSupport@bmj.com Resto do mundo T: + 44 (0) 207 111 1105 E:&nbsp; support@bmj.com Live chat:&nbsp;support.bmj.com Sales enquiries Consultas sobre vendas T: +1-866-458-0579 E: ussupport@bmj.com Rest of World T: +44 (0)&nbsp;207 1111 226 E:&nbsp;sales@bmj.com Treinamento e suporte Se sua institui\u00e7\u00e3o [&hellip;]<\/p>\n","protected":false},"author":3,"featured_media":0,"parent":0,"menu_order":0,"comment_status":"closed","ping_status":"closed","template":"","meta":{"_acf_changed":false,"footnotes":""},"class_list":["post-7083","page","type-page","status-publish","hentry"],"acf":[],"aioseo_notices":[],"_links":{"self":[{"href":"https:\/\/bestpractice.bmj.com\/info\/pt\/wp-json\/wp\/v2\/pages\/7083","targetHints":{"allow":["GET"]}}],"collection":[{"href":"https:\/\/bestpractice.bmj.com\/info\/pt\/wp-json\/wp\/v2\/pages"}],"about":[{"href":"https:\/\/bestpractice.bmj.com\/info\/pt\/wp-json\/wp\/v2\/types\/page"}],"author":[{"embeddable":true,"href":"https:\/\/bestpractice.bmj.com\/info\/pt\/wp-json\/wp\/v2\/users\/3"}],"replies":[{"embeddable":true,"href":"https:\/\/bestpractice.bmj.com\/info\/pt\/wp-json\/wp\/v2\/comments?post=7083"}],"version-history":[{"count":0,"href":"https:\/\/bestpractice.bmj.com\/info\/pt\/wp-json\/wp\/v2\/pages\/7083\/revisions"}],"wp:attachment":[{"href":"https:\/\/bestpractice.bmj.com\/info\/pt\/wp-json\/wp\/v2\/media?parent=7083"}],"curies":[{"name":"wp","href":"https:\/\/api.w.org\/{rel}","templated":true}]}}