{"id":5792,"date":"2017-02-27T16:13:16","date_gmt":"2017-02-27T15:13:16","guid":{"rendered":"https:\/\/bestpractice.bmj.com\/info\/?page_id=5792"},"modified":"2023-10-03T14:53:30","modified_gmt":"2023-10-03T13:53:30","slug":"download-the-app","status":"publish","type":"page","link":"https:\/\/bestpractice.bmj.com\/info\/pt\/download-the-app\/","title":{"rendered":"Baixe o aplicativo"},"content":{"rendered":"<h1><span style=\"color: #3377ff;\">Acesso r\u00e1pido e off-line \u00e0s informa\u00e7\u00f5es cl\u00ednicas de que o senhor necessita.<\/span><\/h1><br \/>\r\n<h4><strong>Oferecemos acesso gratuito ao nosso aplicativo premiado para todos os usu\u00e1rios da BMJ Best Practice Acesso r\u00e1pido e offline \u00e0s informa\u00e7\u00f5es cl\u00ednicas de que voc\u00ea precisa O aplicativo \u00e9 fornecido gratuitamente para aqueles que t\u00eam uma assinatura individual da BMJ Best Practice ou t\u00eam acesso por meio de uma institui\u00e7\u00e3o.\u00a0\u00a0<\/strong><\/h4><br \/>\r\n____________________________________________________________________________________________________________<br \/>\r\n<h2><strong>Como baixar o aplicativo<\/strong><\/h2><br \/>\r\n<strong>Voc\u00ea comprou a BMJ Best Practice para voc\u00ea?<\/strong> Basta acessar a loja de aplicativos relevante, pesquisar \u2018BMJ Best Practice\u2019 e, quando solicitado, inserir os seus dados de login da BMJ Best Practice.<br \/>\r\n<br \/>\r\n<strong>O seu acesso \u00e9 fornecido por uma institui\u00e7\u00e3o?<\/strong> Primeiro, voc\u00ea precisar\u00e1 fazer login por meio da sua institui\u00e7\u00e3o e, em seguida, preencher seu perfil de usu\u00e1rio da BMJ Best Practice antes de baixar o aplicativo. Depois de fazer isso, basta acessar a loja de aplicativos relevante, pesquisar &#8220;BMJ Best Practice&#8221; e, quando solicitado, inserir os dados do seu perfil de usu\u00e1rio da BMJ Best Practice.<br \/>\r\n<br \/>\r\n4.8 Classifica\u00e7\u00e3o do aplicativo*<br \/>\r\n<table style=\"height: 88px;\" width=\"457\"><br \/>\r\n<tbody><br \/>\r\n<tr><br \/>\r\n<td><a href=\"https:\/\/itunes.apple.com\/gb\/app\/bmj-best-practice\/id1105379489?mt=8\" target=\"_blank\" rel=\"noopener noreferrer\"><img loading=\"lazy\" decoding=\"async\" class=\"alignleft wp-image-3724\" src=\"https:\/\/bestpractice.bmj.com\/info\/wp-content\/uploads\/2017\/02\/app-store-logo-300x104.png\" alt=\"\" width=\"193\" height=\"67\" srcset=\"https:\/\/bestpractice.bmj.com\/info\/wp-content\/uploads\/2017\/02\/app-store-logo-300x104.png 300w, https:\/\/bestpractice.bmj.com\/info\/wp-content\/uploads\/2017\/02\/app-store-logo-768x265.png 768w, https:\/\/bestpractice.bmj.com\/info\/wp-content\/uploads\/2017\/02\/app-store-logo-1024x354.png 1024w\" sizes=\"auto, (max-width: 193px) 100vw, 193px\" \/><\/a><\/td><br \/>\r\n<td><a href=\"https:\/\/play.google.com\/store\/apps\/details?id=com.bmj.bmjbestpractice\" target=\"_blank\" rel=\"noopener noreferrer\"><img loading=\"lazy\" decoding=\"async\" class=\"alignleft wp-image-3725\" src=\"https:\/\/bestpractice.bmj.com\/info\/wp-content\/uploads\/2017\/02\/Android-app-store-300x94.png\" width=\"214\" height=\"67\" srcset=\"https:\/\/bestpractice.bmj.com\/info\/wp-content\/uploads\/2017\/02\/Android-app-store-300x94.png 300w, https:\/\/bestpractice.bmj.com\/info\/wp-content\/uploads\/2017\/02\/Android-app-store-768x241.png 768w, https:\/\/bestpractice.bmj.com\/info\/wp-content\/uploads\/2017\/02\/Android-app-store-1024x321.png 1024w\" sizes=\"auto, (max-width: 214px) 100vw, 214px\" \/><\/a><\/td><br \/>\r\n<\/tr><br \/>\r\n<\/tbody><br \/>\r\n<\/table><br \/>\r\n<br \/>\r\n<hr \/><br \/>\r\n<br \/>\r\n*Sua institui\u00e7\u00e3o deve ter uma assinatura ativa da BMJ Best Practice para criar uma conta pessoal ou acessar o aplicativo.<br \/>\r\n<h2><\/h2><br \/>\r\n<a href=\"https:\/\/www.youtube.com\/watch?v=lAQX8iPhHdE\"><img loading=\"lazy\" decoding=\"async\" class=\"alignnone wp-image-8308 size-full\" src=\"https:\/\/bestpractice.bmj.com\/info\/wp-content\/uploads\/2021\/09\/BMJ-Best-Practice-App-e1631048659635.jpg\" alt=\"\" width=\"565\" height=\"333\" \/><\/a><br \/>\r\n<br \/>\r\n<hr \/><br \/>\r\n<br \/>\r\n___________________________________________________________________________________________________________<br \/>\r\n<h2>Esqueceu os detalhes de sua conta de BMJ Best Practice?<\/h2><br \/>\r\nSeu perfil de usu\u00e1rio requer um endere\u00e7o de e-mail e senha.<br \/>\r\n<br \/>\r\nSe esqueceu sua senha, <a href=\"https:\/\/myaccount.bmj.com\/myaccount\/email-password.html?locale=pt_BR\">clique aqui<\/a> para redefini-la.<br \/>\r\n<br \/>\r\nSe voc\u00ea esqueceu qual e-mail usou para se cadastrar ou n\u00e3o tem mais acesso a essa conta de e-mail, entre em contato conosco.<br \/>\r\n<br \/>\r\n____________________________________________________________________________________________________________<br \/>\r\n<h2>Benef\u00edcios de baixar o aplicativo<\/h2><br \/>\r\n&nbsp;<br \/>\r\n<br \/>\r\nBaixar o aplicativo \u00e9 r\u00e1pido e f\u00e1cil e ocupa pouqu\u00edssimo espa\u00e7o no armazenamento do seu dispositivo.<br \/>\r\n<br \/>\r\n<strong>Com o aplicativo voc\u00ea ter\u00e1:<\/strong><br \/>\r\n<ul><br \/>\r\n \t<li>Acesso offline, que permite visualizar o conte\u00fado de qualquer lugar, a qualquer hora, sem depender de uma conex\u00e3o com a Internet<\/li><br \/>\r\n \t<li>Navega\u00e7\u00e3o r\u00e1pida por meio de uma interface intuitiva e ferramenta de pesquisa<\/li><br \/>\r\n \t<li>Mais de 250 calculadoras m\u00e9dicas interativas<\/li><br \/>\r\n \t<li>Mais de 500 panfletos para pacientes<\/li><br \/>\r\n \t<li>Uma barra de navega\u00e7\u00e3o para acesso r\u00e1pido a atualiza\u00e7\u00f5es importantes, especialidades e muito mais<\/li><br \/>\r\n \t<li>T\u00f3picos divididos em se\u00e7\u00f5es claras, incluindo preven\u00e7\u00e3o, diagn\u00f3stico e gerenciamento<\/li><br \/>\r\n \t<li>V\u00eddeos e imagens de procedimentos inclu\u00eddos para condi\u00e7\u00f5es relevantes<\/li><br \/>\r\n \t<li>Monitoramento autom\u00e1tico das suas atividades para fins de EMC\/DPC.<\/li><br \/>\r\n<\/ul><br \/>\r\n* Avalia\u00e7\u00f5es em agosto de 2023","protected":false},"excerpt":{"rendered":"<p>Acesso r\u00e1pido e off-line \u00e0s informa\u00e7\u00f5es cl\u00ednicas de que o senhor necessita. Oferecemos acesso gratuito ao nosso aplicativo premiado para todos os usu\u00e1rios da BMJ Best Practice Acesso r\u00e1pido e offline \u00e0s informa\u00e7\u00f5es cl\u00ednicas de que voc\u00ea precisa O aplicativo \u00e9 fornecido gratuitamente para aqueles que t\u00eam uma assinatura individual da BMJ Best Practice ou [&hellip;]<\/p>\n","protected":false},"author":41,"featured_media":0,"parent":0,"menu_order":0,"comment_status":"closed","ping_status":"closed","template":"","meta":{"_acf_changed":false,"footnotes":""},"class_list":["post-5792","page","type-page","status-publish","hentry"],"acf":[],"aioseo_notices":[],"_links":{"self":[{"href":"https:\/\/bestpractice.bmj.com\/info\/pt\/wp-json\/wp\/v2\/pages\/5792","targetHints":{"allow":["GET"]}}],"collection":[{"href":"https:\/\/bestpractice.bmj.com\/info\/pt\/wp-json\/wp\/v2\/pages"}],"about":[{"href":"https:\/\/bestpractice.bmj.com\/info\/pt\/wp-json\/wp\/v2\/types\/page"}],"author":[{"embeddable":true,"href":"https:\/\/bestpractice.bmj.com\/info\/pt\/wp-json\/wp\/v2\/users\/41"}],"replies":[{"embeddable":true,"href":"https:\/\/bestpractice.bmj.com\/info\/pt\/wp-json\/wp\/v2\/comments?post=5792"}],"version-history":[{"count":0,"href":"https:\/\/bestpractice.bmj.com\/info\/pt\/wp-json\/wp\/v2\/pages\/5792\/revisions"}],"wp:attachment":[{"href":"https:\/\/bestpractice.bmj.com\/info\/pt\/wp-json\/wp\/v2\/media?parent=5792"}],"curies":[{"name":"wp","href":"https:\/\/api.w.org\/{rel}","templated":true}]}}