{"id":4773,"date":"2017-04-06T15:45:58","date_gmt":"2017-04-06T14:45:58","guid":{"rendered":"https:\/\/bestpractice.bmj.com\/info\/?page_id=4773"},"modified":"2021-03-03T15:22:19","modified_gmt":"2021-03-03T15:22:19","slug":"pratique-mbe","status":"publish","type":"page","link":"https:\/\/bestpractice.bmj.com\/info\/pt\/evidence\/pratique-mbe\/","title":{"rendered":"Pratique MBE"},"content":{"rendered":"<h2>Explicando a EBM a seus pacientes<\/h2><br \/>\r\n<p class=\"lead\">Os artigos a seguir t\u00eam como objetivo promover e dar suporte \u00e0 tomada de decis\u00e3o compartilhada entre m\u00e9dicos e pacientes &#8211; por exemplo, ao traduzir conceitos m\u00e9dicos complexos sobre a EBM em informa\u00e7\u00f5es f\u00e1ceis de entender. Esperamos que estas informa\u00e7\u00f5es o ajudem a explicar a EBM aos seus pacientes e dar suporte a eles da melhor forma na tomada das melhores decis\u00f5es sobre os seus cuidados de sa\u00fade.<\/p><br \/>\r\n&nbsp;<br \/>\r\n<br \/>\r\n&nbsp;","protected":false},"excerpt":{"rendered":"<p>Explicando a EBM a seus pacientes Os artigos a seguir t\u00eam como objetivo promover e dar suporte \u00e0 tomada de decis\u00e3o compartilhada entre m\u00e9dicos e pacientes &#8211; por exemplo, ao traduzir conceitos m\u00e9dicos complexos sobre a EBM em informa\u00e7\u00f5es f\u00e1ceis de entender. Esperamos que estas informa\u00e7\u00f5es o ajudem a explicar a EBM aos seus pacientes [&hellip;]<\/p>\n","protected":false},"author":3,"featured_media":0,"parent":14492,"menu_order":2,"comment_status":"closed","ping_status":"closed","template":"page-clean.php","meta":{"_acf_changed":false,"footnotes":""},"class_list":["post-4773","page","type-page","status-publish","hentry"],"acf":[],"aioseo_notices":[],"_links":{"self":[{"href":"https:\/\/bestpractice.bmj.com\/info\/pt\/wp-json\/wp\/v2\/pages\/4773","targetHints":{"allow":["GET"]}}],"collection":[{"href":"https:\/\/bestpractice.bmj.com\/info\/pt\/wp-json\/wp\/v2\/pages"}],"about":[{"href":"https:\/\/bestpractice.bmj.com\/info\/pt\/wp-json\/wp\/v2\/types\/page"}],"author":[{"embeddable":true,"href":"https:\/\/bestpractice.bmj.com\/info\/pt\/wp-json\/wp\/v2\/users\/3"}],"replies":[{"embeddable":true,"href":"https:\/\/bestpractice.bmj.com\/info\/pt\/wp-json\/wp\/v2\/comments?post=4773"}],"version-history":[{"count":0,"href":"https:\/\/bestpractice.bmj.com\/info\/pt\/wp-json\/wp\/v2\/pages\/4773\/revisions"}],"up":[{"embeddable":true,"href":"https:\/\/bestpractice.bmj.com\/info\/pt\/wp-json\/wp\/v2\/pages\/14492"}],"wp:attachment":[{"href":"https:\/\/bestpractice.bmj.com\/info\/pt\/wp-json\/wp\/v2\/media?parent=4773"}],"curies":[{"name":"wp","href":"https:\/\/api.w.org\/{rel}","templated":true}]}}