{"id":4765,"date":"2017-03-29T14:30:39","date_gmt":"2017-03-29T13:30:39","guid":{"rendered":"https:\/\/bestpractice.bmj.com\/info\/?page_id=4765"},"modified":"2021-03-02T15:15:10","modified_gmt":"2021-03-02T15:15:10","slug":"filtros-de-pesquisa-de-design-de-estudo","status":"publish","type":"page","link":"https:\/\/bestpractice.bmj.com\/info\/pt\/evidence\/aprenda-ebm\/filtros-de-pesquisa-de-design-de-estudo\/","title":{"rendered":"Estudo de design de filtros de pesquisa"},"content":{"rendered":"<p class=\"lead\">Nossas estrat\u00e9gias de revis\u00e3o sistem\u00e1tica e pesquisa de ECRCs foram desenhadas e testadas internamente pelos especialistas em informa\u00e7\u00f5es do BMJ Knowledge Centre. Nossos filtros de estudos observacionais e de efeitos adversos tamb\u00e9m foram desenvolvidos internamente. Estrat\u00e9gias foram desenhadas para recuperar os estudos com maior probabilidade de atender aos nossos crit\u00e9rios metodol\u00f3gicos. Ao conceber nossas estrat\u00e9gias, temos estado conscientes dos, e por vezes recorremos aos, trabalhos sobre estrat\u00e9gias de pesquisa conduzidos por outros. O trabalho de estrat\u00e9gia que utilizamos \u2014 al\u00e9m de trabalhos adicionais relacionados \u2014 pode ser visto como cortesia do site do InterTASC Information Specialists&#8217; Sub-Group (ISSG).[1]<\/p><br \/>\r\n<strong>Nota: <\/strong>todas as estrat\u00e9gias de pesquisa mostradas abaixo foram criadas para a interface de pesquisa on-line OVID<br \/>\r\n<h3>Estrat\u00e9gia para revis\u00f5es sistem\u00e1ticas no Medline<\/h3><br \/>\r\n<ol><br \/>\r\n \t<li>review.pt.<\/li><br \/>\r\n \t<li>(medline ou medlars ou embase ou pubmed ou cochrane) .tw, sh.<\/li><br \/>\r\n \t<li>(scisearch ou psychinfo ou psycinfo) .tw, sh.<\/li><br \/>\r\n \t<li>(psychlit ou psyclit) .tw, sh.<\/li><br \/>\r\n \t<li>cinahl.tw, sh.<\/li><br \/>\r\n \t<li>((m\u00e3o adj2 search$) ou (manual$ adj2 search$)) .tw, sh.<\/li><br \/>\r\n \t<li>(banco de dados eletr\u00f4nico$ ou banco de dados bibliogr\u00e1fico$ ou computadori?ed database$ or online database$).tw,sh.<\/li><br \/>\r\n \t<li>(pooling ou pooled ou mantel haenszel) .tw, sh.<\/li><br \/>\r\n \t<li>(peto or dersimonian or der simonian or fixed effect).tw,sh.<\/li><br \/>\r\n \t<li>(retraction of publication or retracted publication).pt.<\/li><br \/>\r\n \t<li>ou\/2-10<\/li><br \/>\r\n \t<li>1 e 11<\/li><br \/>\r\n \t<li>meta-analysis.pt.<\/li><br \/>\r\n \t<li>meta-analysis.sh.<\/li><br \/>\r\n \t<li>(meta-analys$ ou meta analys$ ou metaanalys$) .tw, sh.<\/li><br \/>\r\n \t<li>(sistematic$ adj5 review$) .tw, sh.<\/li><br \/>\r\n \t<li>(sistematic$ adj5 vis\u00e3o geral $) .tw, sh.<\/li><br \/>\r\n \t<li>(quantitativ$ adj5 review$) .tw, sh.<\/li><br \/>\r\n \t<li>(quantitativ$ adj5 overview$).tw,sh.<\/li><br \/>\r\n \t<li>(quantitativ$ adj5 synthesis$).tw,sh.<\/li><br \/>\r\n \t<li>(metodologic$ adj5 review$) .tw, sh.<\/li><br \/>\r\n \t<li>(methodologic$ adj5 overview$).tw,sh.<\/li><br \/>\r\n \t<li>(integrative research review$ or research integration).tw.<\/li><br \/>\r\n \t<li>ou\/13-23<\/li><br \/>\r\n \t<li>12 ou 24<\/li><br \/>\r\n<\/ol><br \/>\r\n<h3>Estrat\u00e9gia para revis\u00f5es sistem\u00e1ticas no Embase<\/h3><br \/>\r\n<ol><br \/>\r\n \t<li>revis\u00e3o exp\/<\/li><br \/>\r\n \t<li>(literatura adj3 review$) .ti, ab.<\/li><br \/>\r\n \t<li>an\u00e1lise meta de exp\/<\/li><br \/>\r\n \t<li>exp Revis\u00e3o &#8220;Sistem\u00e1tica&#8221;\/<\/li><br \/>\r\n \t<li>ou\/1-4<\/li><br \/>\r\n \t<li>(medline ou medlars ou embase ou pubmed ou cinahl ou amed ou psychlit ou psyclit ou psychinfo ou psycinfo ou scisearch ou cochrane) .ti, ab.<\/li><br \/>\r\n \t<li>ARTIGO RETRA\u00cdDO\/<\/li><br \/>\r\n \t<li>6 ou 7<\/li><br \/>\r\n \t<li>5 e 8<\/li><br \/>\r\n \t<li>(sistematic$ adj2 (review$ ou vis\u00e3o geral)) .ti, ab.<\/li><br \/>\r\n \t<li>(Meta?anal$ ou meta anal$ ou meta-anal$ ou metaanal$ ou metanal$) .ti, ab.<\/li><br \/>\r\n \t<li>9 ou 10 ou 11<\/li><br \/>\r\n<\/ol><br \/>\r\n<h3>Estrat\u00e9gia para ensaios cl\u00ednicos randomizados e controlados no Medline<\/h3><br \/>\r\n<ol><br \/>\r\n \t<li>&#8220;randomized controlled trial&#8221;.pt.<\/li><br \/>\r\n \t<li>(random$ or placebo$ or single blind$ or double blind$ or triple blind$).ti,ab.<\/li><br \/>\r\n \t<li>(retraction of publication or retracted publication).pt.<\/li><br \/>\r\n \t<li>ou\/1-3<\/li><br \/>\r\n \t<li>(animals not humans).sh.<\/li><br \/>\r\n \t<li>((comment or editorial or meta-analysis or practice-guideline or review or letter) not &#8220;randomized controlled trial&#8221;).pt.<\/li><br \/>\r\n \t<li>(random sampl$ or random digit$ or random effect$ or random survey or random regression).ti,ab. not &#8220;randomized controlled trial&#8221;.pt.<\/li><br \/>\r\n \t<li>4 n\u00e3o (5 ou 6 ou 7)<\/li><br \/>\r\n<\/ol><br \/>\r\n<h3>Estrat\u00e9gia para ensaios cl\u00ednicos randomizados e controlados no Embase<\/h3><br \/>\r\n<ol><br \/>\r\n \t<li>(random$ or placebo$ or single blind$ or double blind$ or triple blind$).ti,ab.<\/li><br \/>\r\n \t<li>ARTIGO RETRA\u00cdDO\/<\/li><br \/>\r\n \t<li>ou\/1-2<\/li><br \/>\r\n \t<li>(animal$ n\u00e3o human$) .sh, hw.<\/li><br \/>\r\n \t<li>(livro ou documento de confer\u00eancia ou editorial ou carta ou revis\u00e3o) .pt. n\u00e3o exp ensaio controlado randomizado\/<\/li><br \/>\r\n \t<li>(random sampl$ or random digit$ or random effect$ or random survey or random regression).ti,ab. n\u00e3o exp ensaio controlado randomizado\/<\/li><br \/>\r\n \t<li>3 n\u00e3o (4 ou 5 ou 6)<\/li><br \/>\r\n<\/ol><br \/>\r\n<h3>Estrat\u00e9gia para estudos de coorte no Medline<\/h3><br \/>\r\n<ol><br \/>\r\n \t<li>exp. estudos de coorte\/<\/li><br \/>\r\n \t<li>coorte $.tw.<\/li><br \/>\r\n \t<li>controlado cl\u00ednico trial.pt.<\/li><br \/>\r\n \t<li>m\u00e9todos epidemiol\u00f3gicos\/<\/li><br \/>\r\n \t<li>limite 4 a yr=1971-1988<\/li><br \/>\r\n \t<li>ou\/1-3,5<\/li><br \/>\r\n<\/ol><br \/>\r\n<h3>Estrat\u00e9gia para estudos de coorte no Embase<\/h3><br \/>\r\n<ol><br \/>\r\n \t<li>an\u00e1lise de coorte de exp\/<\/li><br \/>\r\n \t<li>estudo longitudinal exp\/<\/li><br \/>\r\n \t<li>estudo prospectivo exp\/<\/li><br \/>\r\n \t<li>seguimento exp\/<\/li><br \/>\r\n \t<li>coorte $.tw.<\/li><br \/>\r\n \t<li>ou\/1-5<\/li><br \/>\r\n<\/ol><br \/>\r\n<h3>Estrat\u00e9gia para estudos de coorte e caso-controle no Medline<\/h3><br \/>\r\n<ol><br \/>\r\n \t<li>exp. estudos de coorte\/<\/li><br \/>\r\n \t<li>coorte $.tw.<\/li><br \/>\r\n \t<li>controlado cl\u00ednico trial.pt.<\/li><br \/>\r\n \t<li>m\u00e9todos epidemiol\u00f3gicos\/<\/li><br \/>\r\n \t<li>limite 4 a yr=1966-1989<\/li><br \/>\r\n \t<li>estudos de caso-controle do exp\/<\/li><br \/>\r\n \t<li>(case$ e control$) .tw.<\/li><br \/>\r\n \t<li>ou\/1-3,5-7<\/li><br \/>\r\n<\/ol><br \/>\r\n<h3>Estrat\u00e9gia para estudos de coorte e caso-controle no Embase<\/h3><br \/>\r\n<ol><br \/>\r\n \t<li>an\u00e1lise de coorte de exp\/<\/li><br \/>\r\n \t<li>estudo longitudinal exp\/<\/li><br \/>\r\n \t<li>estudo prospectivo exp\/<\/li><br \/>\r\n \t<li>seguimento exp\/<\/li><br \/>\r\n \t<li>coorte $.tw.<\/li><br \/>\r\n \t<li>estudo de controle de caso exp\/<\/li><br \/>\r\n \t<li>(case$ e control$) .tw.<\/li><br \/>\r\n \t<li>ou\/1-7<\/li><br \/>\r\n<\/ol><br \/>\r\n<h3>Estrat\u00e9gia para estudos de coorte, caso-controle e s\u00e9ries de casos no Medline<\/h3><br \/>\r\n<ol><br \/>\r\n \t<li>exp. estudos de coorte\/<\/li><br \/>\r\n \t<li>coorte $.tw.<\/li><br \/>\r\n \t<li>controlado cl\u00ednico trial.pt.<\/li><br \/>\r\n \t<li>m\u00e9todos epidemiol\u00f3gicos\/<\/li><br \/>\r\n \t<li>limite 4 a yr=1966-1989<\/li><br \/>\r\n \t<li>estudos de caso-controle do exp\/<\/li><br \/>\r\n \t<li>(case$ e control$) .tw.<\/li><br \/>\r\n \t<li>(case$ e s\u00e9rie) .tw.<\/li><br \/>\r\n \t<li>ou\/1-3,5-8<\/li><br \/>\r\n<\/ol><br \/>\r\n<h3>Estrat\u00e9gia para estudos de coorte, caso-controle e s\u00e9ries de casos no Embase<\/h3><br \/>\r\n<ol><br \/>\r\n \t<li>an\u00e1lise de coorte de exp\/<\/li><br \/>\r\n \t<li>estudo longitudinal exp\/<\/li><br \/>\r\n \t<li>estudo prospectivo exp\/<\/li><br \/>\r\n \t<li>seguimento exp\/<\/li><br \/>\r\n \t<li>coorte $.tw.<\/li><br \/>\r\n \t<li>estudo de controle de caso exp\/<\/li><br \/>\r\n \t<li>(case$ e control$) .tw.<\/li><br \/>\r\n \t<li>estudo de caso exp\/<\/li><br \/>\r\n \t<li>(case$ e s\u00e9rie) .tw.<\/li><br \/>\r\n \t<li>ou\/1-9<\/li><br \/>\r\n<\/ol><br \/>\r\n<h3>Estrat\u00e9gia para estudos de coorte, caso-controle, s\u00e9ries de casos e relatos de caso no Medline<\/h3><br \/>\r\n<ol><br \/>\r\n \t<li>exp. estudos de coorte\/<\/li><br \/>\r\n \t<li>coorte $.tw.<\/li><br \/>\r\n \t<li>controlado cl\u00ednico trial.pt.<\/li><br \/>\r\n \t<li>m\u00e9todos epidemiol\u00f3gicos\/<\/li><br \/>\r\n \t<li>limite 4 a yr=1966-1989<\/li><br \/>\r\n \t<li>estudos de caso-controle do exp\/<\/li><br \/>\r\n \t<li>(case$ e control$) .tw.<\/li><br \/>\r\n \t<li>(case$ e s\u00e9rie) .tw.<\/li><br \/>\r\n \t<li>caso reports.pt.<\/li><br \/>\r\n \t<li>(caso$ relat\u00f3rio adj2 $) .tw.<\/li><br \/>\r\n \t<li>(case$ adj2 stud$).tw.<\/li><br \/>\r\n \t<li>ou\/1-3,5-11<\/li><br \/>\r\n<\/ol><br \/>\r\n<h3>Estrat\u00e9gia para estudos de coorte, caso-controle, s\u00e9ries de casos e relatos de caso no Embase<\/h3><br \/>\r\n<ol><br \/>\r\n \t<li>an\u00e1lise de coorte de exp\/<\/li><br \/>\r\n \t<li>estudo longitudinal exp\/<\/li><br \/>\r\n \t<li>estudo prospectivo exp\/<\/li><br \/>\r\n \t<li>seguimento exp\/<\/li><br \/>\r\n \t<li>coorte $.tw.<\/li><br \/>\r\n \t<li>estudo de controle de caso exp\/<\/li><br \/>\r\n \t<li>(case$ e control$) .tw.<\/li><br \/>\r\n \t<li>estudo de caso exp\/<\/li><br \/>\r\n \t<li>(case$ e s\u00e9rie) .tw.<\/li><br \/>\r\n \t<li>relat\u00f3rio de caso\/<\/li><br \/>\r\n \t<li>(caso$ relat\u00f3rio adj2 $) .tw.<\/li><br \/>\r\n \t<li>(case$ adj2 stud$).tw.<\/li><br \/>\r\n \t<li>ou\/1-12<\/li><br \/>\r\n<\/ol><br \/>\r\n<h3>Estrat\u00e9gia para eventos adversos no Medline<\/h3><br \/>\r\n<ol><br \/>\r\n \t<li>(ae ou para ou po ou co) .fs.<\/li><br \/>\r\n \t<li>(seguro ou seguran\u00e7a) .ti, ab.<\/li><br \/>\r\n \t<li>efeito colateral$.ti, ab.<\/li><br \/>\r\n \t<li>((adverso ou indesej\u00e1vel ou malo$ ou grave ou t\u00f3xico) adj3 (effect$ ou reaction$ ou event$ ou outcome$)) .ti, ab.<\/li><br \/>\r\n \t<li>vigil\u00e2ncia de produtos de exp., p\u00f3s-marketing\/<\/li><br \/>\r\n \t<li>sistemas de relato de rea\u00e7\u00e3o adversa a medicamentos\/<\/li><br \/>\r\n \t<li>ensaios cl\u00ednicos exp, fase iv\/<\/li><br \/>\r\n \t<li>envenenamento exp\/<\/li><br \/>\r\n \t<li>transtornos relacionados com a subst\u00e2ncia exp<\/li><br \/>\r\n \t<li>toxicidade da droga do exp\/<\/li><br \/>\r\n \t<li>anormalidades exp, droga induzida\/<\/li><br \/>\r\n \t<li>monitora\u00e7\u00e3o da droga do exp\/<\/li><br \/>\r\n \t<li>hipersensibilidade \u00e0 droga exp\/<\/li><br \/>\r\n \t<li>(toxicidade ou complica\u00e7\u00e3o $ ou nociva ou tolerabilidade) .ti, ab.<\/li><br \/>\r\n \t<li>Complica\u00e7\u00f5es p\u00f3s-operat\u00f3rias exp\/<\/li><br \/>\r\n \t<li>Exp Complica\u00e7\u00f5es Intraoperat\u00f3rias\/<\/li><br \/>\r\n \t<li>ou\/1-16<\/li><br \/>\r\n<\/ol><br \/>\r\n<h3>Estrat\u00e9gia para eventos adversos no Embase<\/h3><br \/>\r\n<ol><br \/>\r\n \t<li>(ae ou si ou para ou co) .fs.<\/li><br \/>\r\n \t<li>(seguro ou seguran\u00e7a) .ti, ab.<\/li><br \/>\r\n \t<li>efeito colateral$.ti, ab.<\/li><br \/>\r\n \t<li>((adverso ou indesej\u00e1vel ou dano$ ou grave ou t\u00f3xico) adj3 (effect$ ou reaction$ ou event$ ou outcome$)) .ti, ab.<\/li><br \/>\r\n \t<li>reac\u00e7\u00e3o adversa da droga do exp<\/li><br \/>\r\n \t<li>toxicidade da droga do exp\/<\/li><br \/>\r\n \t<li>intoxica\u00e7\u00e3o exp\/<\/li><br \/>\r\n \t<li>seguran\u00e7a da droga do exp\/<\/li><br \/>\r\n \t<li>monitora\u00e7\u00e3o da droga do exp\/<\/li><br \/>\r\n \t<li>hipersensibilidade \u00e0 droga exp\/<\/li><br \/>\r\n \t<li>vigil\u00e2ncia p\u00f3s-comercializa\u00e7\u00e3o exp\/<\/li><br \/>\r\n \t<li>programa de vigil\u00e2ncia de drogas exp\/<\/li><br \/>\r\n \t<li>teste cl\u00ednico da fase iv do exp<\/li><br \/>\r\n \t<li>(toxicidade ou complica\u00e7\u00e3o $ ou nociva ou tolerabilidade) .ti, ab.<\/li><br \/>\r\n \t<li>complica\u00e7\u00e3o p\u00f3s-operat\u00f3ria exp\/<\/li><br \/>\r\n \t<li>Exp Complica\u00e7\u00e3o Peroperat\u00f3ria\/<\/li><br \/>\r\n \t<li>ou\/1-16<\/li><br \/>\r\n<\/ol><br \/>\r\nOs exemplos acima s\u00e3o filtros usados pelo BMJ Knowledge Centre, mas existem outros dispon\u00edveis. Alguns bancos de dados tamb\u00e9m podem ter filtros j\u00e1 configurados que voc\u00ea pode optar por usar, os quais tamb\u00e9m podem ser \u00fateis (por exemplo, PubMed). [2] Para obter mais conselhos e suporte no design e desenvolvimento de sua estrat\u00e9gia de pesquisa, consulte sua equipe de Biblioteca ou Servi\u00e7os de Informa\u00e7\u00e3o, que deve ser capaz de ajudar.<br \/>\r\n<br \/>\r\n<a class=\"fasc-button fasc-size-xlarge fasc-type-glossy fasc-rounded-medium\" style=\"background-color: #bd117b; color: #ffffff;\" target=\"_blank\" rel=\"noopener\" href=\"https:\/\/bestpractice.bmj.com\/info\/pt\/mbe-toolkit\/ferramentas-de-mbe\/bibliografia-dos-principais-recursos\/\">Leia mais<\/a><br \/>\r\n<h3>Refer\u00eancias<\/h3><br \/>\r\n<ol><br \/>\r\n \t<li>The InterTASC Information Specialists&#8217; Sub-Group (ISSG) Search Filters Resource: <a href=\"https:\/\/sites.google.com\/a\/york.ac.uk\/issg-search-filters-resource\/home\">https:\/\/sites.google.com\/a\/york.ac.uk\/issg-search-filters-resource\/<\/a> (acessado pela \u00faltima vez em 11 de fevereiro de 2019).<\/li><br \/>\r\n \t<li>PubMed Special Queries: <a href=\"https:\/\/www.nlm.nih.gov\/bsd\/special_queries.html\" target=\"_blank\" rel=\"noopener noreferrer\">https:\/\/www.nlm.nih.gov\/bsd\/special_queries.html <\/a>(acessado pela \u00faltima vez em 11 de fevereiro de 2019).<\/li><br \/>\r\n<\/ol>","protected":false},"excerpt":{"rendered":"<p>Nossas estrat\u00e9gias de revis\u00e3o sistem\u00e1tica e pesquisa de ECRCs foram desenhadas e testadas internamente pelos especialistas em informa\u00e7\u00f5es do BMJ Knowledge Centre. Nossos filtros de estudos observacionais e de efeitos adversos tamb\u00e9m foram desenvolvidos internamente. Estrat\u00e9gias foram desenhadas para recuperar os estudos com maior probabilidade de atender aos nossos crit\u00e9rios metodol\u00f3gicos. Ao conceber nossas estrat\u00e9gias, [&hellip;]<\/p>\n","protected":false},"author":41,"featured_media":0,"parent":4757,"menu_order":5,"comment_status":"closed","ping_status":"closed","template":"page-clean.php","meta":{"_acf_changed":false,"footnotes":""},"class_list":["post-4765","page","type-page","status-publish","hentry"],"acf":[],"aioseo_notices":[],"_links":{"self":[{"href":"https:\/\/bestpractice.bmj.com\/info\/pt\/wp-json\/wp\/v2\/pages\/4765","targetHints":{"allow":["GET"]}}],"collection":[{"href":"https:\/\/bestpractice.bmj.com\/info\/pt\/wp-json\/wp\/v2\/pages"}],"about":[{"href":"https:\/\/bestpractice.bmj.com\/info\/pt\/wp-json\/wp\/v2\/types\/page"}],"author":[{"embeddable":true,"href":"https:\/\/bestpractice.bmj.com\/info\/pt\/wp-json\/wp\/v2\/users\/41"}],"replies":[{"embeddable":true,"href":"https:\/\/bestpractice.bmj.com\/info\/pt\/wp-json\/wp\/v2\/comments?post=4765"}],"version-history":[{"count":0,"href":"https:\/\/bestpractice.bmj.com\/info\/pt\/wp-json\/wp\/v2\/pages\/4765\/revisions"}],"up":[{"embeddable":true,"href":"https:\/\/bestpractice.bmj.com\/info\/pt\/wp-json\/wp\/v2\/pages\/4757"}],"wp:attachment":[{"href":"https:\/\/bestpractice.bmj.com\/info\/pt\/wp-json\/wp\/v2\/media?parent=4765"}],"curies":[{"name":"wp","href":"https:\/\/api.w.org\/{rel}","templated":true}]}}