{"id":4757,"date":"2017-04-06T15:06:56","date_gmt":"2017-04-06T14:06:56","guid":{"rendered":"https:\/\/bestpractice.bmj.com\/info\/?page_id=4757"},"modified":"2021-03-02T12:15:25","modified_gmt":"2021-03-02T12:15:25","slug":"aprenda-ebm","status":"publish","type":"page","link":"https:\/\/bestpractice.bmj.com\/info\/pt\/evidence\/aprenda-ebm\/","title":{"rendered":"Aprenda MBE"},"content":{"rendered":"<h2>Desenvolvendo habilidades de MBE<\/h2><br \/>\r\n<p class=\"lead\">Os artigos seguintes destinam-se a introduzir os principais m\u00e9todos da EBM, tais como o esclarecimento de uma pergunta cl\u00ednica, desenho e avalia\u00e7\u00e3o de uma pesquisa, s\u00edntese e avalia\u00e7\u00e3o da qualidade da evid\u00eancia.<\/p>","protected":false},"excerpt":{"rendered":"<p>Desenvolvendo habilidades de MBE Os artigos seguintes destinam-se a introduzir os principais m\u00e9todos da EBM, tais como o esclarecimento de uma pergunta cl\u00ednica, desenho e avalia\u00e7\u00e3o de uma pesquisa, s\u00edntese e avalia\u00e7\u00e3o da qualidade da evid\u00eancia.<\/p>\n","protected":false},"author":3,"featured_media":0,"parent":14492,"menu_order":1,"comment_status":"closed","ping_status":"closed","template":"page-clean.php","meta":{"_acf_changed":false,"footnotes":""},"class_list":["post-4757","page","type-page","status-publish","hentry"],"acf":[],"aioseo_notices":[],"_links":{"self":[{"href":"https:\/\/bestpractice.bmj.com\/info\/pt\/wp-json\/wp\/v2\/pages\/4757","targetHints":{"allow":["GET"]}}],"collection":[{"href":"https:\/\/bestpractice.bmj.com\/info\/pt\/wp-json\/wp\/v2\/pages"}],"about":[{"href":"https:\/\/bestpractice.bmj.com\/info\/pt\/wp-json\/wp\/v2\/types\/page"}],"author":[{"embeddable":true,"href":"https:\/\/bestpractice.bmj.com\/info\/pt\/wp-json\/wp\/v2\/users\/3"}],"replies":[{"embeddable":true,"href":"https:\/\/bestpractice.bmj.com\/info\/pt\/wp-json\/wp\/v2\/comments?post=4757"}],"version-history":[{"count":0,"href":"https:\/\/bestpractice.bmj.com\/info\/pt\/wp-json\/wp\/v2\/pages\/4757\/revisions"}],"up":[{"embeddable":true,"href":"https:\/\/bestpractice.bmj.com\/info\/pt\/wp-json\/wp\/v2\/pages\/14492"}],"wp:attachment":[{"href":"https:\/\/bestpractice.bmj.com\/info\/pt\/wp-json\/wp\/v2\/media?parent=4757"}],"curies":[{"name":"wp","href":"https:\/\/api.w.org\/{rel}","templated":true}]}}