{"id":4733,"date":"2017-04-06T16:00:15","date_gmt":"2017-04-06T15:00:15","guid":{"rendered":"https:\/\/bestpractice.bmj.com\/info\/?page_id=4733"},"modified":"2021-03-01T15:07:47","modified_gmt":"2021-03-01T15:07:47","slug":"ferramentas-de-mbe","status":"publish","type":"page","link":"https:\/\/bestpractice.bmj.com\/info\/pt\/evidence\/ferramentas-de-mbe\/","title":{"rendered":"Ferramentas da MBE"},"content":{"rendered":"<h2>Ferramentas pr\u00e1ticas da MBE<\/h2><br \/>\r\n<p class=\"lead\">As ferramentas de MBE fornecem checklists que podem funcionar como auxiliares de mem\u00f3ria para a avalia\u00e7\u00e3o de estudos. Isso ajudar\u00e1 a avaliar quanto peso pode ser colocado nos resultados do estudo e at\u00e9 onde podemos generalizar os resultados dos ensaios em pr\u00e1ticas de rotina para informar os cuidados cl\u00ednicos.<\/p><br \/>\r\nVoc\u00ea tamb\u00e9m pode acessar as calculadoras estat\u00edsticas que lhe permitir\u00e3o verificar a validade das alega\u00e7\u00f5es feitas pelos autores sobre os dados que elas relatam e tamb\u00e9m, ao mesmo tempo, aprender sobre as medidas de efeito para ECRCs terap\u00eauticos (RR, RRA, NNT), estudos diagn\u00f3sticos (sensibilidade, especificidade, VPP, VPN, raz\u00e3o de probabilidade), estudos de caso-controle (RC) e estudos de coorte (RRs).<br \/>\r\n<br \/>\r\nUm gloss\u00e1rio de MBE e termos de economia em sa\u00fade, bem como as abrevia\u00e7\u00f5es comumente usadas em EBM e em estat\u00edstica, tamb\u00e9m se encontram inclu\u00eddos.<br \/>\r\n<br \/>\r\nLeitura e recursos adicionais de MBE tamb\u00e9m est\u00e3o dispon\u00edveis.<br \/>\r\n<br \/>\r\n&nbsp;<br \/>\r\n<br \/>\r\n&nbsp;","protected":false},"excerpt":{"rendered":"<p>Ferramentas pr\u00e1ticas da MBE As ferramentas de MBE fornecem checklists que podem funcionar como auxiliares de mem\u00f3ria para a avalia\u00e7\u00e3o de estudos. Isso ajudar\u00e1 a avaliar quanto peso pode ser colocado nos resultados do estudo e at\u00e9 onde podemos generalizar os resultados dos ensaios em pr\u00e1ticas de rotina para informar os cuidados cl\u00ednicos. Voc\u00ea tamb\u00e9m [&hellip;]<\/p>\n","protected":false},"author":3,"featured_media":0,"parent":14492,"menu_order":4,"comment_status":"closed","ping_status":"closed","template":"page-clean.php","meta":{"_acf_changed":false,"footnotes":""},"class_list":["post-4733","page","type-page","status-publish","hentry"],"acf":[],"aioseo_notices":[],"_links":{"self":[{"href":"https:\/\/bestpractice.bmj.com\/info\/pt\/wp-json\/wp\/v2\/pages\/4733","targetHints":{"allow":["GET"]}}],"collection":[{"href":"https:\/\/bestpractice.bmj.com\/info\/pt\/wp-json\/wp\/v2\/pages"}],"about":[{"href":"https:\/\/bestpractice.bmj.com\/info\/pt\/wp-json\/wp\/v2\/types\/page"}],"author":[{"embeddable":true,"href":"https:\/\/bestpractice.bmj.com\/info\/pt\/wp-json\/wp\/v2\/users\/3"}],"replies":[{"embeddable":true,"href":"https:\/\/bestpractice.bmj.com\/info\/pt\/wp-json\/wp\/v2\/comments?post=4733"}],"version-history":[{"count":0,"href":"https:\/\/bestpractice.bmj.com\/info\/pt\/wp-json\/wp\/v2\/pages\/4733\/revisions"}],"up":[{"embeddable":true,"href":"https:\/\/bestpractice.bmj.com\/info\/pt\/wp-json\/wp\/v2\/pages\/14492"}],"wp:attachment":[{"href":"https:\/\/bestpractice.bmj.com\/info\/pt\/wp-json\/wp\/v2\/media?parent=4733"}],"curies":[{"name":"wp","href":"https:\/\/api.w.org\/{rel}","templated":true}]}}