{"id":3535,"date":"2016-06-28T13:31:51","date_gmt":"2016-06-28T12:31:51","guid":{"rendered":"https:\/\/bestpractice.bmj.com\/info\/inscreva-se\/acesso-institucional\/"},"modified":"2026-05-11T18:28:21","modified_gmt":"2026-05-11T17:28:21","slug":"acesso-institucional","status":"publish","type":"page","link":"https:\/\/bestpractice.bmj.com\/info\/pt\/subscribe\/acesso-institucional\/","title":{"rendered":"Acesso institucional"},"content":{"rendered":"<h2>O BMJ Best Practice \u00e9 uma pesquisa vital e um recurso de refer\u00eancia para profissionais e institui\u00e7\u00f5es m\u00e9dicas em todo o mundo.<\/h2><br \/>\r\nCom uma licen\u00e7a de site institucional voc\u00ea obt\u00e9m:<br \/>\r\n<ul><br \/>\r\n \t<li>Acesso completo a todo o conte\u00fado do BMJ Best Practice para todos os usu\u00e1rios da sua institui\u00e7\u00e3o<\/li><br \/>\r\n \t<li>Autentica\u00e7\u00e3o de acesso IP e\/ou remoto<\/li><br \/>\r\n \t<li>Acesso completo para todos os usu\u00e1rios registrados individualmente em sua institui\u00e7\u00e3o para o aplicativo BMJ Best Practice<\/li><br \/>\r\n<\/ul><br \/>\r\n<strong>Para receber um or\u00e7amento de assinatura institucional ou para programar o acesso de teste gratuito, entre em contato com nossa equipe comercial:<\/strong><br \/>\r\n<ul><br \/>\r\n \t<li><a href=\"mailto:consortiasales@bmj.com\" target=\"_blank\" rel=\"noopener noreferrer\">LatAmSupport@BMJ.com<\/a><\/li><br \/>\r\n \t<li>Tel: +1 855-458-0579<\/li><br \/>\r\n<\/ul>","protected":false},"excerpt":{"rendered":"<p>O BMJ Best Practice \u00e9 uma pesquisa vital e um recurso de refer\u00eancia para profissionais e institui\u00e7\u00f5es m\u00e9dicas em todo o mundo. Com uma licen\u00e7a de site institucional voc\u00ea obt\u00e9m: Acesso completo a todo o conte\u00fado do BMJ Best Practice para todos os usu\u00e1rios da sua institui\u00e7\u00e3o Autentica\u00e7\u00e3o de acesso IP e\/ou remoto Acesso completo [&hellip;]<\/p>\n","protected":false},"author":3,"featured_media":0,"parent":5464,"menu_order":0,"comment_status":"closed","ping_status":"closed","template":"marketing_new.php","meta":{"_acf_changed":false,"footnotes":""},"class_list":["post-3535","page","type-page","status-publish","hentry"],"acf":{"components":[{"choose_component":"marketingImage","hide":"","logged_in":"","logged_out":"","grey_background":[],"background_color":"","background_image":null,"title_text_color":"","title":"Inscreva-se hoje para acesso ilimitado, integra\u00e7\u00e3o do sistema e localiza\u00e7\u00e3o lingu\u00edstica","text":"","image":null,"qr_image":null,"circular_image":null,"button_text":"","button_url":"","button2_text":"","button2_url":"","video_embed":"","quote":"","quote_author":"","author_job_title":"","feature_iconsimages":null,"bullets":"none","bullet_text":null,"expiration_date":null,"review_type":"normal","reviews":null,"feature_image_cards":null,"feature_icon_cards":null,"podcast_date":null,"podcast_title":"","podcast_text":"","podcast_embed_script":"","campaign_advert_link":"","monthly":{"show_monthly_tab":false,"strikethrough_price":"","price_text":"","per_month_text":"","vat_text":"","subscribe_button_text":"","subscribe_button_link":""},"annual":{"show_annual_tab":false,"packages":null,"default_price":"","default_strikethrough_price":"","default_per_year_text":"","vat_text":"","subscribe_button_text":"","subscribe_button_link":""},"advisory_panel":null,"article_list_fields":null,"subscription_tab_main_heading":"","subscription_tabs":null,"accordion_for_page":null,"embed_code":"","table_structure":null,"column_two_text":""},{"choose_component":"generic","hide":"","logged_in":"","logged_out":"","grey_background":"","background_color":"","background_image":null,"title_text_color":"","title":"BMJ Best Practice is a vital research and reference resource for medical professionals and institutions worldwide","text":"<h2>O BMJ Best Practice \u00e9 uma pesquisa vital e um recurso de refer\u00eancia para profissionais e institui\u00e7\u00f5es m\u00e9dicas em todo o mundo.<\/h2>\r\nCom uma licen\u00e7a de site institucional voc\u00ea obt\u00e9m:\r\n<ul>\r\n \t<li>Acesso completo a todo o conte\u00fado do BMJ Best Practice para todos os usu\u00e1rios da sua institui\u00e7\u00e3o<\/li>\r\n \t<li>Autentica\u00e7\u00e3o de acesso IP e\/ou remoto<\/li>\r\n \t<li>Acesso completo para todos os usu\u00e1rios registrados individualmente em sua institui\u00e7\u00e3o para o aplicativo BMJ Best Practice<\/li>\r\n<\/ul>\r\n<strong>Para receber um or\u00e7amento de assinatura institucional ou para programar o acesso de teste gratuito, entre em contato com nossa equipe comercial:<\/strong>\r\n<ul>\r\n \t<li><a href=\"mailto:consortiasales@bmj.com\" target=\"_blank\" rel=\"noopener noreferrer\">LatAmSupport@BMJ.com<\/a><\/li>\r\n \t<li>Tel: +1 855-458-0579<\/li>\r\n<\/ul>\r\n<h3 class=\"grey-bg\">Op\u00e7\u00f5es de assinatura<\/h3>\r\n<ul>\r\n \t<li class=\"page_item page-item-3535 current_page_item\"><a href=\"https:\/\/bestpractice.bmj.com\/info\/pt\/subscribe\/acesso-institucional\/\" aria-current=\"page\">Acesso institucional<\/a><\/li>\r\n \t<li class=\"page_item page-item-3536\"><a href=\"https:\/\/bestpractice.bmj.com\/info\/pt\/subscribe\/acesso-pessoal\/\">Acesso pessoal<\/a><\/li>\r\n \t<li class=\"page_item page-item-4592\"><a href=\"https:\/\/bestpractice.bmj.com\/info\/pt\/subscribe\/free-trial\/\">free trial<\/a><\/li>\r\n<\/ul>","image":null,"qr_image":null,"circular_image":null,"button_text":"","button_url":"","button2_text":"","button2_url":"","video_embed":"","quote":"","quote_author":"","author_job_title":"","feature_iconsimages":null,"bullets":"none","bullet_text":null,"expiration_date":null,"review_type":"normal","reviews":null,"feature_image_cards":null,"feature_icon_cards":null,"podcast_date":null,"podcast_title":"","podcast_text":"","podcast_embed_script":"","campaign_advert_link":"","monthly":{"show_monthly_tab":false,"strikethrough_price":"","price_text":"","per_month_text":"","vat_text":"","subscribe_button_text":"","subscribe_button_link":""},"annual":{"show_annual_tab":false,"packages":null,"default_price":"","default_strikethrough_price":"","default_per_year_text":"","vat_text":"","subscribe_button_text":"","subscribe_button_link":""},"advisory_panel":null,"article_list_fields":null,"subscription_tab_main_heading":"","subscription_tabs":null,"accordion_for_page":null,"embed_code":"","table_structure":null,"column_two_text":""},{"choose_component":"standaloneQuote","hide":"","logged_in":"","logged_out":"","grey_background":"","background_color":"","background_image":null,"title_text_color":"","title":"","text":"","image":null,"qr_image":null,"circular_image":null,"button_text":"","button_url":"","button2_text":"","button2_url":"","video_embed":"","quote":"\"Ajuda a encontrar a resposta correta rapidamente em vez de ter que avaliar e sintetizar informa\u00e7\u00f5es de v\u00e1rias fontes. Layout do formul\u00e1rio de pontos, facilita a navega\u00e7\u00e3o.\"","quote_author":"Ani Orchanian-Cheff, University Health Network, Information Specialist","author_job_title":"","feature_iconsimages":null,"bullets":"none","bullet_text":null,"expiration_date":null,"review_type":"normal","reviews":null,"feature_image_cards":null,"feature_icon_cards":null,"podcast_date":null,"podcast_title":"","podcast_text":"","podcast_embed_script":"","campaign_advert_link":"","monthly":{"show_monthly_tab":false,"strikethrough_price":"","price_text":"","per_month_text":"","vat_text":"","subscribe_button_text":"","subscribe_button_link":""},"annual":{"show_annual_tab":false,"packages":null,"default_price":"","default_strikethrough_price":"","default_per_year_text":"","vat_text":"","subscribe_button_text":"","subscribe_button_link":""},"advisory_panel":null,"article_list_fields":null,"subscription_tab_main_heading":"","subscription_tabs":null,"accordion_for_page":null,"embed_code":"","table_structure":null,"column_two_text":""}],"sticky_cta_text":"","sticky_cta_link":"","display_content_search":false,"seo_schema":""},"aioseo_notices":[],"_links":{"self":[{"href":"https:\/\/bestpractice.bmj.com\/info\/pt\/wp-json\/wp\/v2\/pages\/3535","targetHints":{"allow":["GET"]}}],"collection":[{"href":"https:\/\/bestpractice.bmj.com\/info\/pt\/wp-json\/wp\/v2\/pages"}],"about":[{"href":"https:\/\/bestpractice.bmj.com\/info\/pt\/wp-json\/wp\/v2\/types\/page"}],"author":[{"embeddable":true,"href":"https:\/\/bestpractice.bmj.com\/info\/pt\/wp-json\/wp\/v2\/users\/3"}],"replies":[{"embeddable":true,"href":"https:\/\/bestpractice.bmj.com\/info\/pt\/wp-json\/wp\/v2\/comments?post=3535"}],"version-history":[{"count":0,"href":"https:\/\/bestpractice.bmj.com\/info\/pt\/wp-json\/wp\/v2\/pages\/3535\/revisions"}],"up":[{"embeddable":true,"href":"https:\/\/bestpractice.bmj.com\/info\/pt\/wp-json\/wp\/v2\/pages\/5464"}],"wp:attachment":[{"href":"https:\/\/bestpractice.bmj.com\/info\/pt\/wp-json\/wp\/v2\/media?parent=3535"}],"curies":[{"name":"wp","href":"https:\/\/api.w.org\/{rel}","templated":true}]}}