{"id":3492,"date":"2016-05-31T09:23:04","date_gmt":"2016-05-31T08:23:04","guid":{"rendered":"https:\/\/bestpractice.bmj.com\/info\/benefits\/acesso-de-qualquer-lugar\/"},"modified":"2021-06-18T00:57:19","modified_gmt":"2021-06-18T00:57:19","slug":"acesso-de-qualquer-lugar","status":"publish","type":"page","link":"https:\/\/bestpractice.bmj.com\/info\/pt\/acesso-de-qualquer-lugar\/","title":{"rendered":"Acesso de qualquer lugar"},"content":{"rendered":"<h2>A informa\u00e7\u00e3o certa quando e onde voc\u00ea precisa<\/h2><br \/>\r\nSe voc\u00ea est\u00e1 clinicando, em casa ou estudando, a BMJ Best Practice oferece informa\u00e7\u00f5es de suporte de decis\u00e3o confi\u00e1veis \u200b\u200bem um instante.<br \/>\r\n<br \/>\r\nAs informa\u00e7\u00f5es podem ser acessadas rapidamente online atrav\u00e9s do nosso site m\u00f3vel responsivo ou offline com o aplicativo premiado. Tamb\u00e9m \u00e9 poss\u00edvel baixar PDFs.<br \/>\r\n<br \/>\r\nO acesso online e offline est\u00e1 dispon\u00edvel para todos como parte de nosso padr\u00e3o institucional ou assinatura pessoal.<br \/>\r\n<br \/>\r\n<img loading=\"lazy\" decoding=\"async\" class=\"alignnone size-full wp-image-4789\" src=\"https:\/\/bestpractice.bmj.com\/info\/wp-content\/uploads\/2019\/01\/BP-site-image.png\" alt=\"\" width=\"511\" height=\"362\" srcset=\"https:\/\/bestpractice.bmj.com\/info\/wp-content\/uploads\/2019\/01\/BP-site-image.png 511w, https:\/\/bestpractice.bmj.com\/info\/wp-content\/uploads\/2019\/01\/BP-site-image-300x213.png 300w\" sizes=\"auto, (max-width: 511px) 100vw, 511px\" \/><br \/>\r\n<br \/>\r\n<strong>Funcionalidades<\/strong><br \/>\r\n<ul><br \/>\r\n \t<li>Acesso offline a mais de 1.000 doen\u00e7as<\/li><br \/>\r\n \t<li>Mais de 250 calculadoras m\u00e9dicas interativas<\/li><br \/>\r\n \t<li>Vinculada \u00e0 NICE e outras produtoras de diretrizes<\/li><br \/>\r\n \t<li>Dividida em se\u00e7\u00f5es gerenci\u00e1veis, incluindo: preven\u00e7\u00e3o, diagn\u00f3stico e tratamento<\/li><br \/>\r\n \t<li>Barra de pesquisa para acesso r\u00e1pido a buscas recentes, especialidades e muito mais<\/li><br \/>\r\n \t<li>Imagens inclu\u00eddas para doen\u00e7as relevantes.<\/li><br \/>\r\n<\/ul><br \/>\r\n<strong>Instru\u00e7\u00f5es de acesso<\/strong><br \/>\r\n<br \/>\r\nO app BMJ Best Practice est\u00e1 dispon\u00edvel como parte de uma assinatura da BMJ Best Practice. N\u00e3o est\u00e1 dispon\u00edvel para venda separadamente.<br \/>\r\n<br \/>\r\n<strong>Acesso via uma institui\u00e7\u00e3o: <\/strong>Ao acessar a BMJ Best Practice na web, ser\u00e1 solicitado que voc\u00ea configure uma &#8220;conta pessoal&#8221;. Os mesmos dados de login podem ser usados para baixar o\u00a0 app gratuitamente na App Store ou no Google Play.<br \/>\r\n<br \/>\r\n<strong>Compras individuais: <\/strong>Voc\u00ea conseguir\u00e1 usar os mesmos dados de login para baixar o\u00a0 app gratuitamente na App Store ou no Google Play.<br \/>\r\n<br \/>\r\n<strong>Requisitos<\/strong><br \/>\r\n<ul><br \/>\r\n \t<li>iOS 7.0 ou acima<br \/>\r\nAndroid 4.2<\/li><br \/>\r\n \t<li>Deve estar conectado a uma rede Wi-Fi para o download original<\/li><br \/>\r\n \t<li>At\u00e9 280 MB de mem\u00f3ria.<\/li><br \/>\r\n<\/ul>","protected":false},"excerpt":{"rendered":"<p>A informa\u00e7\u00e3o certa quando e onde voc\u00ea precisa Se voc\u00ea est\u00e1 clinicando, em casa ou estudando, a BMJ Best Practice oferece informa\u00e7\u00f5es de suporte de decis\u00e3o confi\u00e1veis \u200b\u200bem um instante. As informa\u00e7\u00f5es podem ser acessadas rapidamente online atrav\u00e9s do nosso site m\u00f3vel responsivo ou offline com o aplicativo premiado. Tamb\u00e9m \u00e9 poss\u00edvel baixar PDFs. O [&hellip;]<\/p>\n","protected":false},"author":3,"featured_media":0,"parent":0,"menu_order":0,"comment_status":"closed","ping_status":"closed","template":"","meta":{"_acf_changed":false,"footnotes":""},"class_list":["post-3492","page","type-page","status-publish","hentry"],"acf":[],"aioseo_notices":[],"_links":{"self":[{"href":"https:\/\/bestpractice.bmj.com\/info\/pt\/wp-json\/wp\/v2\/pages\/3492","targetHints":{"allow":["GET"]}}],"collection":[{"href":"https:\/\/bestpractice.bmj.com\/info\/pt\/wp-json\/wp\/v2\/pages"}],"about":[{"href":"https:\/\/bestpractice.bmj.com\/info\/pt\/wp-json\/wp\/v2\/types\/page"}],"author":[{"embeddable":true,"href":"https:\/\/bestpractice.bmj.com\/info\/pt\/wp-json\/wp\/v2\/users\/3"}],"replies":[{"embeddable":true,"href":"https:\/\/bestpractice.bmj.com\/info\/pt\/wp-json\/wp\/v2\/comments?post=3492"}],"version-history":[{"count":0,"href":"https:\/\/bestpractice.bmj.com\/info\/pt\/wp-json\/wp\/v2\/pages\/3492\/revisions"}],"wp:attachment":[{"href":"https:\/\/bestpractice.bmj.com\/info\/pt\/wp-json\/wp\/v2\/media?parent=3492"}],"curies":[{"name":"wp","href":"https:\/\/api.w.org\/{rel}","templated":true}]}}