{"id":3475,"date":"2017-09-05T14:25:49","date_gmt":"2017-09-05T14:25:49","guid":{"rendered":"https:\/\/bestpractice.bmj.com\/info\/help\/"},"modified":"2020-01-30T23:16:11","modified_gmt":"2020-01-30T23:16:11","slug":"help","status":"publish","type":"page","link":"https:\/\/bestpractice.bmj.com\/info\/pt\/help\/","title":{"rendered":"Help"},"content":{"rendered":"<h1>Ajuda<\/h1><br \/>\r\nSe voc\u00ea est\u00e1 tendo problemas para acessar a BMJ Best Practice ou gostaria de dar algum feedback sobre um t\u00f3pico cl\u00ednico, n\u00f3s podemos ajudar. Clique nos links abaixo ou contacte a nossa equipa de apoio.<br \/>\r\n<ul><br \/>\r\n \t<li><a href=\"https:\/\/bestpractice.bmj.com\/info\/pt\/faq\/\" target=\"_blank\" rel=\"noopener noreferrer\">FAQ<\/a><\/li><br \/>\r\n \t<li><a href=\"https:\/\/bestpractice.bmj.com\/info\/pt\/getting-started\/\">Como come\u00e7ar<\/a><\/li><br \/>\r\n \t<li><a href=\"https:\/\/bestpractice.bmj.com\/info\/pt\/benefits\/ganhe-creditos-enquanto-procura-respostas-para-suas-duvidas-clinicas\/\">Rastreamento de atividades CME\/CPD<\/a><\/li><br \/>\r\n<\/ul><br \/>\r\n<h3>Apoio ao cliente<\/h3><br \/>\r\n<h4>Fora do Brasil<\/h4><br \/>\r\n<ul><br \/>\r\n \t<li>T: + 44 (0) 207 111 1105<\/li><br \/>\r\n \t<li>E: &nbsp;<a href=\"mailto:support@bmj.com\" target=\"_blank\" rel=\"noopener noreferrer\">support@bmj.com<\/a><\/li><br \/>\r\n \t<li>W:&nbsp;<a href=\"https:\/\/support.bmj.com\/\" target=\"_blank\" rel=\"noopener noreferrer\">support.bmj.com<\/a><\/li><br \/>\r\n<\/ul><br \/>\r\n<h4>As Am\u00e9ricas<\/h4><br \/>\r\n<ul><br \/>\r\n \t<li>T: +1 855-458-0579&nbsp; &nbsp;<\/li><br \/>\r\n \t<li>E:&nbsp;<a href=\"mailto:ussupport@bmjgroup.com\" target=\"_blank\" rel=\"noopener noreferrer\">ussupport@bmj.com<\/a><\/li><br \/>\r\n<\/ul><br \/>\r\n<a class=\"fasc-button fasc-size-xlarge fasc-type-glossy fasc-rounded-medium\" style=\"background-color: #bd117b; color: #ffffff;\" target=\"_blank\" rel=\"noopener noreferrer\" href=\"https:\/\/bestpractice.bmj.com\">Voltar para Best Practice<\/a>","protected":false},"excerpt":{"rendered":"<p>Ajuda Se voc\u00ea est\u00e1 tendo problemas para acessar a BMJ Best Practice ou gostaria de dar algum feedback sobre um t\u00f3pico cl\u00ednico, n\u00f3s podemos ajudar. Clique nos links abaixo ou contacte a nossa equipa de apoio. FAQ Como come\u00e7ar Rastreamento de atividades CME\/CPD Apoio ao cliente Fora do Brasil T: + 44 (0) 207 111 [&hellip;]<\/p>\n","protected":false},"author":3,"featured_media":0,"parent":0,"menu_order":0,"comment_status":"closed","ping_status":"closed","template":"","meta":{"_acf_changed":false,"footnotes":""},"class_list":["post-3475","page","type-page","status-publish","hentry"],"acf":[],"aioseo_notices":[],"_links":{"self":[{"href":"https:\/\/bestpractice.bmj.com\/info\/pt\/wp-json\/wp\/v2\/pages\/3475","targetHints":{"allow":["GET"]}}],"collection":[{"href":"https:\/\/bestpractice.bmj.com\/info\/pt\/wp-json\/wp\/v2\/pages"}],"about":[{"href":"https:\/\/bestpractice.bmj.com\/info\/pt\/wp-json\/wp\/v2\/types\/page"}],"author":[{"embeddable":true,"href":"https:\/\/bestpractice.bmj.com\/info\/pt\/wp-json\/wp\/v2\/users\/3"}],"replies":[{"embeddable":true,"href":"https:\/\/bestpractice.bmj.com\/info\/pt\/wp-json\/wp\/v2\/comments?post=3475"}],"version-history":[{"count":0,"href":"https:\/\/bestpractice.bmj.com\/info\/pt\/wp-json\/wp\/v2\/pages\/3475\/revisions"}],"wp:attachment":[{"href":"https:\/\/bestpractice.bmj.com\/info\/pt\/wp-json\/wp\/v2\/media?parent=3475"}],"curies":[{"name":"wp","href":"https:\/\/api.w.org\/{rel}","templated":true}]}}