{"id":3467,"date":"2017-09-28T16:34:03","date_gmt":"2017-09-28T15:34:03","guid":{"rendered":"https:\/\/bestpractice.bmj.com\/info\/?page_id=3467"},"modified":"2021-11-30T16:56:49","modified_gmt":"2021-11-30T16:56:49","slug":"about-us","status":"publish","type":"page","link":"https:\/\/bestpractice.bmj.com\/info\/pt\/about-us\/","title":{"rendered":"Sobre n\u00f3s"},"content":{"rendered":"<h2>BMJ Best Practice \u00e9 uma ferramenta generalista baseada em evid\u00eancias, estruturada de forma \u00fanica em torno da consulta ao paciente com conselhos sobre avalia\u00e7\u00e3o de sintomas, ordena\u00e7\u00e3o de testes e abordagem de tratamento.<\/h2><br \/>\r\nEsta ferramenta de apoio \u00e0 decis\u00e3o cl\u00ednica \u00e9 particularmente \u00fatil para estudantes de medicina, m\u00e9dicos juniores, membros de equipes multidisciplinares (como enfermeiros e farmac\u00eauticos), especialistas que trabalham fora de sua especialidade, e profissionais da aten\u00e7\u00e3o prim\u00e1ria.<br \/>\r\n<br \/>\r\nBMJ Best Practice inclui <strong>mais de 1000 t\u00f3picos baseados em evid\u00eancias e sintomas em <a href=\"https:\/\/bestpractice.bmj.com\/specialties\">32 especialidades<\/a><\/strong> cl\u00ednicas que fornecem ao usu\u00e1rio orienta\u00e7\u00e3o durante toda a jornada do paciente, desde a determina\u00e7\u00e3o do diagn\u00f3stico e abordagem de tratamento at\u00e9 o acompanhamento do suporte.<br \/>\r\n<br \/>\r\nAs informa\u00e7\u00f5es cl\u00ednicas enfocam as condi\u00e7\u00f5es mais comumente apresentadas, bem como aquelas que s\u00e3o clinicamente significativas ou relevantes para a sa\u00fade global, tais como <a href=\"https:\/\/bestpractice.bmj.com\/topics\/pt-br\/3000168\">COVID-19<\/a>, Ebola e o v\u00edrus Zika.<br \/>\r\n<h3>Nossa equipe de especialistas<\/h3><br \/>\r\nNossa equipe interna de evid\u00eancia colabora com mais de 1.600 autores especializados internacionais e mais de 2.500 revisores de pares para garantir que os usu\u00e1rios sempre tenham as \u00faltimas informa\u00e7\u00f5es baseadas em evid\u00eancias que sejam pr\u00e1ticas para o ambiente cl\u00ednico.<br \/>\r\n<br \/>\r\nA BMJ Best Practice tamb\u00e9m oferece:&nbsp;<br \/>\r\n<ul><br \/>\r\n \t<li>um aplicativo premiado para fornecer acesso online e offline<\/li><br \/>\r\n \t<li>500+ calculadoras cl\u00ednicas que est\u00e3o dispon\u00edveis tanto online como offline para fornecer crit\u00e9rios r\u00e1pidos e suporte de c\u00e1lculo aos profissionais de sa\u00fade<\/li><br \/>\r\n \t<li>acesso a mais de 400 folhetos de pacientes baseados em evid\u00eancias. Os folhetos fornecem resumos concisos e f\u00e1ceis de usar para tranquilizar pacientes e cuidadores e ajud\u00e1-los a tomar decis\u00f5es informadas e compartilhadas com profissionais de sa\u00fade.<\/li><br \/>\r\n \t<li>Alertas visuais para a pr\u00e1tica de provas que mudam.<\/li><br \/>\r\n \t<li>Um resumo das atualiza\u00e7\u00f5es mais recentes \u00e9 fornecido na p\u00e1gina inicial e dentro de t\u00f3picos relevantes. S\u00e3o fornecidos links para novas evid\u00eancias ou diretrizes.<\/li><br \/>\r\n \t<li>conte\u00fado multim\u00eddia como mais de 5000 imagens e v\u00eddeos que fornecem demonstra\u00e7\u00f5es animadas de procedimentos comuns como a inser\u00e7\u00e3o de cateteres venosos centrais<\/li><br \/>\r\n \t<li>diagn\u00f3sticos diferenciais, algoritmos de tratamento exclusivos e orienta\u00e7\u00e3o passo a passo sobre o tratamento para apoiar as demandas cl\u00ednicas da vida real<\/li><br \/>\r\n \t<li>O acompanhamento autom\u00e1tico das atividades CME\/CPD no website e no aplicativo permite aos usu\u00e1rios demonstrar melhoria cont\u00ednua e imprimir certificados personalizados para demonstrar seu aprendizado<\/li><br \/>\r\n \t<li>um kit de ferramentas EBM, que fornece os fundamentos para aprender, praticar e discutir medicina baseada em evid\u00eancias<br \/>\r\ncobertura internacional de diretrizes, atrav\u00e9s de nossa parceria exclusiva com a Cochrane Clinical Answers, que ajuda a diferenciar claramente a opini\u00e3o da evid\u00eancia &#8211; permitindo uma tomada de decis\u00e3o baseada em evid\u00eancias confiante com os pacientes<\/li><br \/>\r\n \t<li>65.000 refer\u00eancias incorporadas no texto como popups e em uma lista de refer\u00eancia separada para cada t\u00f3pico<\/li><br \/>\r\n \t<li>downloads de PDFs inteiros para apoiar estudantes e profissionais de sa\u00fade que queiram anotar um t\u00f3pico<\/li><br \/>\r\n<\/ul><br \/>\r\n<a class=\"fasc-button fasc-size-xlarge fasc-type-glossy fasc-rounded-medium\" style=\"background-color: #bd117b; color: #ffffff;\" href=\"https:\/\/bestpractice.bmj.com\/info\/pt\/newbp\/\">Fa\u00e7a um passeio pela BMJ Best Practice<\/a>&nbsp; &nbsp; &nbsp; <a class=\"fasc-button fasc-size-xlarge fasc-type-glossy fasc-rounded-medium\" style=\"background-color: #bd117b; color: #ffffff;\" target=\"_blank\" rel=\"noopener\" href=\"https:\/\/bestpractice.bmj.com\/topics\/pt-br\/7\">Ver um tema livre<\/a>","protected":false},"excerpt":{"rendered":"<p>BMJ Best Practice \u00e9 uma ferramenta generalista baseada em evid\u00eancias, estruturada de forma \u00fanica em torno da consulta ao paciente com conselhos sobre avalia\u00e7\u00e3o de sintomas, ordena\u00e7\u00e3o de testes e abordagem de tratamento. Esta ferramenta de apoio \u00e0 decis\u00e3o cl\u00ednica \u00e9 particularmente \u00fatil para estudantes de medicina, m\u00e9dicos juniores, membros de equipes multidisciplinares (como enfermeiros [&hellip;]<\/p>\n","protected":false},"author":41,"featured_media":0,"parent":0,"menu_order":0,"comment_status":"closed","ping_status":"closed","template":"","meta":{"_acf_changed":false,"footnotes":""},"class_list":["post-3467","page","type-page","status-publish","hentry"],"acf":[],"aioseo_notices":[],"_links":{"self":[{"href":"https:\/\/bestpractice.bmj.com\/info\/pt\/wp-json\/wp\/v2\/pages\/3467","targetHints":{"allow":["GET"]}}],"collection":[{"href":"https:\/\/bestpractice.bmj.com\/info\/pt\/wp-json\/wp\/v2\/pages"}],"about":[{"href":"https:\/\/bestpractice.bmj.com\/info\/pt\/wp-json\/wp\/v2\/types\/page"}],"author":[{"embeddable":true,"href":"https:\/\/bestpractice.bmj.com\/info\/pt\/wp-json\/wp\/v2\/users\/41"}],"replies":[{"embeddable":true,"href":"https:\/\/bestpractice.bmj.com\/info\/pt\/wp-json\/wp\/v2\/comments?post=3467"}],"version-history":[{"count":0,"href":"https:\/\/bestpractice.bmj.com\/info\/pt\/wp-json\/wp\/v2\/pages\/3467\/revisions"}],"wp:attachment":[{"href":"https:\/\/bestpractice.bmj.com\/info\/pt\/wp-json\/wp\/v2\/media?parent=3467"}],"curies":[{"name":"wp","href":"https:\/\/api.w.org\/{rel}","templated":true}]}}