{"id":14492,"date":"2024-04-12T08:18:26","date_gmt":"2024-04-12T07:18:26","guid":{"rendered":"https:\/\/bestpractice.bmj.com\/info\/evidence-2\/"},"modified":"2025-09-11T15:13:20","modified_gmt":"2025-09-11T14:13:20","slug":"evidence","status":"publish","type":"page","link":"https:\/\/bestpractice.bmj.com\/info\/pt\/evidence\/","title":{"rendered":"Evidence"},"content":{"rendered":"","protected":false},"excerpt":{"rendered":"","protected":false},"author":31,"featured_media":0,"parent":0,"menu_order":0,"comment_status":"closed","ping_status":"closed","template":"marketing_new.php","meta":{"_acf_changed":false,"footnotes":""},"class_list":["post-14492","page","type-page","status-publish","hentry"],"acf":{"components":[{"choose_component":"marketingImage","hide":"","logged_in":"","logged_out":"","grey_background":[],"background_color":"","background_image":null,"title_text_color":"","title":"Evid\u00eancias para informar sua tomada de decis\u00e3o cl\u00ednica","text":"","image":null,"qr_image":null,"circular_image":null,"button_text":"","button_url":"","button2_text":"","button2_url":"","video_embed":"","quote":"","quote_author":"","author_job_title":"","feature_iconsimages":null,"bullets":"none","bullet_text":null,"expiration_date":null,"review_type":"normal","reviews":null,"feature_image_cards":null,"feature_icon_cards":null,"podcast_date":null,"podcast_title":"","podcast_text":"","podcast_embed_script":"","campaign_advert_link":"","monthly":{"show_monthly_tab":false,"strikethrough_price":"","price_text":"","per_month_text":"","vat_text":"","subscribe_button_text":"","subscribe_button_link":""},"annual":{"show_annual_tab":false,"packages":null,"default_price":"","default_strikethrough_price":"","default_per_year_text":"","vat_text":"","subscribe_button_text":"","subscribe_button_link":""},"advisory_panel":null,"article_list_fields":null,"subscription_tab_main_heading":"","subscription_tabs":null,"accordion_for_page":null,"embed_code":""},{"choose_component":"marketingIconcards","hide":"","logged_in":["yes"],"logged_out":"","grey_background":"","background_color":"","background_image":null,"title_text_color":"","title":"","text":"","image":null,"qr_image":null,"circular_image":null,"button_text":"","button_url":"","button2_text":"","button2_url":"","video_embed":"","quote":"","quote_author":"","author_job_title":"","feature_iconsimages":null,"bullets":"none","bullet_text":null,"expiration_date":null,"review_type":"normal","reviews":null,"feature_image_cards":null,"feature_icon_cards":[{"feature_card_icon":14497,"feature_card_subtitle":"Aprenda MBE","feature_card_text":"Apresenta os principais aspectos da MBE, como o esclarecimento de uma quest\u00e3o cl\u00ednica, a elabora\u00e7\u00e3o de uma pesquisa e a an\u00e1lise, s\u00edntese e avalia\u00e7\u00e3o da qualidade das evid\u00eancias.","feature_card_button_text":"Leia\u00a0mais","feature_card_button_link":"https:\/\/bestpractice.bmj.com\/info\/pt\/evidence\/aprenda-ebm\/"},{"feature_card_icon":14501,"feature_card_subtitle":"Pratique MBE","feature_card_text":"Artigos criados para promover e apoiar a tomada de decis\u00e3o compartilhada entre m\u00e9dicos e pacientes. Entenda os riscos e avalie os benef\u00edcios.","feature_card_button_text":"Leia\u00a0mais","feature_card_button_link":"https:\/\/bestpractice.bmj.com\/info\/pt\/evidence\/pratique-mbe\/"},{"feature_card_icon":14505,"feature_card_subtitle":"Discutir MBE","feature_card_text":"Examinar a medicina baseada em evid\u00eancias e como a pr\u00e1tica pode ser aprimorada. Os artigos devem apoiar e promover discuss\u00f5es e descobertas sobre a MBE.","feature_card_button_text":"Leia\u00a0mais","feature_card_button_link":" https:\/\/bestpractice.bmj.com\/info\/pt\/evidence\/discuta-mbe\/"},{"feature_card_icon":14509,"feature_card_subtitle":"Ferramentas MBE","feature_card_text":"Ferramentas pr\u00e1ticas de MBE. Elas avaliam quanto peso pode ser atribu\u00eddo aos resultados do estudo e at\u00e9 que ponto podemos generalizar os resultados para informar o atendimento cl\u00ednico.","feature_card_button_text":"Leia\u00a0mais","feature_card_button_link":"https:\/\/bestpractice.bmj.com\/info\/pt\/evidence\/ferramentas-de-mbe\/"}],"podcast_date":null,"podcast_title":"","podcast_text":"","podcast_embed_script":"","campaign_advert_link":"","monthly":{"show_monthly_tab":false,"strikethrough_price":"","price_text":"","per_month_text":"","vat_text":"","subscribe_button_text":"","subscribe_button_link":""},"annual":{"show_annual_tab":false,"packages":null,"default_price":"","default_strikethrough_price":"","default_per_year_text":"","vat_text":"","subscribe_button_text":"","subscribe_button_link":""},"advisory_panel":null,"article_list_fields":null,"subscription_tab_main_heading":"","subscription_tabs":null,"accordion_for_page":null,"embed_code":""},{"choose_component":"generic","hide":"","logged_in":"","logged_out":"","grey_background":["yes"],"background_color":"","background_image":null,"title_text_color":"","title":"Tabelas de evid\u00eancias","text":"Foram introduzidas tabelas de evid\u00eancias para facilitar o acesso \u00e0s camadas de evid\u00eancias no contexto de quest\u00f5es cl\u00ednicas espec\u00edficas. As pontua\u00e7\u00f5es de evid\u00eancias vinculadas, baseadas no GRADE, aumentam a transpar\u00eancia sobre a qualidade das evid\u00eancias.\r\n\r\n<img class=\"alignnone wp-image-12117\" src=\"https:\/\/bestpractice.bmj.com\/info\/wp-content\/uploads\/Clinical-Evidence-Table-1.png\" alt=\"Clinical Evidence Table example\" width=\"680\" height=\"329\" \/>","image":null,"qr_image":null,"circular_image":null,"button_text":"Veja uma tabela de exemplo","button_url":"https:\/\/bestpractice.bmj.com\/topics\/pt-br\/24\/evidence","button2_text":"Saiba mais sobre nossas tabelas de evid\u00eancia","button2_url":"https:\/\/bestpractice.bmj.com\/info\/pt\/evidence-tables\/","video_embed":"","quote":"","quote_author":"","author_job_title":"","feature_iconsimages":null,"bullets":"none","bullet_text":null,"expiration_date":null,"review_type":"normal","reviews":null,"feature_image_cards":null,"feature_icon_cards":null,"podcast_date":null,"podcast_title":"","podcast_text":"","podcast_embed_script":"","campaign_advert_link":"","monthly":{"show_monthly_tab":false,"strikethrough_price":"","price_text":"","per_month_text":"","vat_text":"","subscribe_button_text":"","subscribe_button_link":""},"annual":{"show_annual_tab":false,"packages":null,"default_price":"","default_strikethrough_price":"","default_per_year_text":"","vat_text":"","subscribe_button_text":"","subscribe_button_link":""},"advisory_panel":null,"article_list_fields":null,"subscription_tab_main_heading":"","subscription_tabs":null,"accordion_for_page":null,"embed_code":""},{"choose_component":"genericCircular","hide":"","logged_in":"","logged_out":"","grey_background":"","background_color":"","background_image":null,"title_text_color":"","title":"Cochrane Clinical Answers","text":"O BMJ Best Practice se uniu ao Cochrane Clinical Answers para melhor fornecer evid\u00eancias e informar a tomada de decis\u00f5es no local de atendimento. As Respostas Cl\u00ednicas Cochrane s\u00e3o incorporadas aos t\u00f3picos do BMJ Best Practice para dar aos profissionais de sa\u00fade acesso instant\u00e2neo \u00e0s evid\u00eancias da mais alta qualidade para uso em sua pr\u00e1tica di\u00e1ria.\r\n\r\n<a href=\"https:\/\/bestpractice.bmj.com\/cca.html?targetUrl=http:\/\/cochraneclinicalanswers.com\">Ver tudo Cochrane Clinical Answers<\/a>\r\n\r\n<img class=\"wp-image-11934 alignnone\" src=\"https:\/\/bestpractice.bmj.com\/info\/wp-content\/uploads\/Cochrane_Library_Logo-300x96-1.png\" alt=\"\" width=\"139\" height=\"40\" \/>","image":null,"qr_image":null,"circular_image":14513,"button_text":"","button_url":"","button2_text":"","button2_url":"","video_embed":"","quote":"","quote_author":"","author_job_title":"","feature_iconsimages":null,"bullets":"none","bullet_text":null,"expiration_date":null,"review_type":"normal","reviews":null,"feature_image_cards":null,"feature_icon_cards":null,"podcast_date":null,"podcast_title":"","podcast_text":"","podcast_embed_script":"","campaign_advert_link":"","monthly":{"show_monthly_tab":false,"strikethrough_price":"","price_text":"","per_month_text":"","vat_text":"","subscribe_button_text":"","subscribe_button_link":""},"annual":{"show_annual_tab":false,"packages":null,"default_price":"","default_strikethrough_price":"","default_per_year_text":"","vat_text":"","subscribe_button_text":"","subscribe_button_link":""},"advisory_panel":null,"article_list_fields":null,"subscription_tab_main_heading":"","subscription_tabs":null,"accordion_for_page":null,"embed_code":""}],"sticky_cta_text":"","sticky_cta_link":"","display_content_search":false,"seo_schema":""},"aioseo_notices":[],"_links":{"self":[{"href":"https:\/\/bestpractice.bmj.com\/info\/pt\/wp-json\/wp\/v2\/pages\/14492","targetHints":{"allow":["GET"]}}],"collection":[{"href":"https:\/\/bestpractice.bmj.com\/info\/pt\/wp-json\/wp\/v2\/pages"}],"about":[{"href":"https:\/\/bestpractice.bmj.com\/info\/pt\/wp-json\/wp\/v2\/types\/page"}],"author":[{"embeddable":true,"href":"https:\/\/bestpractice.bmj.com\/info\/pt\/wp-json\/wp\/v2\/users\/31"}],"replies":[{"embeddable":true,"href":"https:\/\/bestpractice.bmj.com\/info\/pt\/wp-json\/wp\/v2\/comments?post=14492"}],"version-history":[{"count":0,"href":"https:\/\/bestpractice.bmj.com\/info\/pt\/wp-json\/wp\/v2\/pages\/14492\/revisions"}],"wp:attachment":[{"href":"https:\/\/bestpractice.bmj.com\/info\/pt\/wp-json\/wp\/v2\/media?parent=14492"}],"curies":[{"name":"wp","href":"https:\/\/api.w.org\/{rel}","templated":true}]}}