{"id":13606,"date":"2023-10-05T15:35:25","date_gmt":"2023-10-05T14:35:25","guid":{"rendered":"https:\/\/bestpractice.bmj.com\/info\/?page_id=13606"},"modified":"2024-04-24T17:36:07","modified_gmt":"2024-04-24T16:36:07","slug":"getting-started","status":"publish","type":"page","link":"https:\/\/bestpractice.bmj.com\/info\/pt\/getting-started\/","title":{"rendered":"Getting started"},"content":{"rendered":"","protected":false},"excerpt":{"rendered":"","protected":false},"author":3,"featured_media":0,"parent":0,"menu_order":0,"comment_status":"closed","ping_status":"closed","template":"marketing_new.php","meta":{"_acf_changed":false,"footnotes":""},"class_list":["post-13606","page","type-page","status-publish","hentry"],"acf":{"components":[{"choose_component":"marketingImage","hide":"","logged_in":"","logged_out":"","grey_background":"","background_color":"","background_image":null,"title_text_color":"","title":"Acesse o BMJ Best Practice em algumas etapas simples...","text":"[yotuwp type=\"videos\" id=\"01zM3LiKicQ\" ]","image":[{"image_field":13249}],"qr_image":null,"circular_image":null,"button_text":"","button_url":"","button2_text":"","button2_url":"","video_embed":"","quote":"","quote_author":"","author_job_title":"","feature_iconsimages":null,"bullets":"none","bullet_text":null,"expiration_date":null,"review_type":"normal","reviews":null,"feature_image_cards":null,"feature_icon_cards":null,"podcast_date":null,"podcast_title":"","podcast_text":"","podcast_embed_script":"","campaign_advert_link":"","monthly":{"show_monthly_tab":false,"strikethrough_price":"","price_text":"","per_month_text":"","vat_text":"","subscribe_button_text":"","subscribe_button_link":""},"annual":{"show_annual_tab":false,"packages":null,"default_price":"","default_strikethrough_price":"","default_per_year_text":"","vat_text":"","subscribe_button_text":"","subscribe_button_link":""},"advisory_panel":null,"article_list_fields":null,"subscription_tab_main_heading":"","subscription_tabs":null,"accordion_for_page":null,"embed_code":""},{"choose_component":"genericVideo","hide":"","logged_in":"","logged_out":"","grey_background":"","background_color":"","background_image":null,"title_text_color":"","title":"Voc\u00ea \u00e9 novo no BMJ Best Practice? Assista a este v\u00eddeo de vis\u00e3o geral ","text":"","image":[{"image_field":13249}],"qr_image":null,"circular_image":null,"button_text":"","button_url":"","button2_text":"","button2_url":"","video_embed":"[embed]https:\/\/bmj.wistia.com\/medias\/pmz9i2c947?embedType=iframe&seo=true&videoFoam=false&videoWidth=500[\/embed]","quote":"","quote_author":"","author_job_title":"","feature_iconsimages":null,"bullets":"ticks","bullet_text":[{"text_data":"<strong>Within your organisation's network (IP) or library portal<\/strong>\r\n<strong><a href=\"https:\/\/bestpractice.bmj.com\" target=\"_blank\" rel=\"noopener noreferrer\">Click here<\/a><\/strong>, you will see your institutions name at the top of the page to show you have access. If you access Best Practice via your library portal, you will also see your institutions name at the bottom of the page.","bullet_icon_url":""},{"text_data":"<strong>Via Athens or Shibboleth<\/strong>\r\n<strong><a href=\"https:\/\/bestpractice.bmj.com\/login\" target=\"_blank\" rel=\"noopener noreferrer\">Click here<\/a><\/strong> and select the <strong>'Access through your institution'<\/strong> option and follow the registration process. You will then be taken back to BMJ Best Practice.","bullet_icon_url":""},{"text_data":"<strong>Access code<\/strong>\r\n<strong><a href=\"https:\/\/bestpractice.bmj.com\/login\" target=\"_blank\" rel=\"noopener noreferrer\">Click here<\/a> <\/strong>and enter your email address. Select '<strong>Access code<\/strong>' and follow the registration process. You will then be taken back to BMJ Best Practice where you will see your institution's name at the bottom of the screen.","bullet_icon_url":""},{"text_data":"<strong>Personal subscription<\/strong>\r\nDid you buy BMJ Best Practice for yourself? <strong><a href=\"https:\/\/bestpractice.bmj.com\/login\">Click here<\/a> <\/strong>and use the username and password you subscribed with to log in.","bullet_icon_url":""}],"expiration_date":null,"review_type":"normal","reviews":null,"feature_image_cards":null,"feature_icon_cards":null,"podcast_date":null,"podcast_title":"","podcast_text":"","podcast_embed_script":"","campaign_advert_link":"","monthly":{"show_monthly_tab":false,"strikethrough_price":"","price_text":"","per_month_text":"","vat_text":"","subscribe_button_text":"","subscribe_button_link":""},"annual":{"show_annual_tab":false,"packages":null,"default_price":"","default_strikethrough_price":"","default_per_year_text":"","vat_text":"","subscribe_button_text":"","subscribe_button_link":""},"advisory_panel":null,"article_list_fields":null,"subscription_tab_main_heading":"","subscription_tabs":null,"accordion_for_page":null,"embed_code":""},{"choose_component":"bulletList","hide":"","logged_in":"","logged_out":"","grey_background":"","background_color":"","background_image":null,"title_text_color":"","title":"","text":"<h2>Voc\u00ea pode acessar o BMJ Best Practice de uma destas quatro maneiras.<\/h2>\r\n<h2>Selecione a rota que \u00e9 relevante para voc\u00ea.<\/h2>","image":[{"image_field":12877}],"qr_image":null,"circular_image":null,"button_text":"","button_url":"","button2_text":"","button2_url":"","video_embed":"","quote":"","quote_author":"","author_job_title":"","feature_iconsimages":null,"bullets":"ticks","bullet_text":[{"text_data":"<strong>Na rede (IP) da sua organiza\u00e7\u00e3o ou no portal da biblioteca<\/strong>\r\n<strong><a href=\"https:\/\/bestpractice.bmj.com\" target=\"_blank\" rel=\"noopener noreferrer\">Clique aqui<\/a><\/strong>, Voc\u00ea ver\u00e1 o nome da sua institui\u00e7\u00e3o na parte superior da p\u00e1gina para mostrar que tem acesso. Se voc\u00ea acessar as Melhores Pr\u00e1ticas pelo portal da biblioteca, tamb\u00e9m ver\u00e1 o nome da sua institui\u00e7\u00e3o na parte inferior da p\u00e1gina.","bullet_icon_url":""},{"text_data":"<strong>Via Athens ou Shibboleth<\/strong>\r\n<strong><a href=\"https:\/\/bestpractice.bmj.com\/login\" target=\"_blank\" rel=\"noopener noreferrer\">Clique aqui<\/a><\/strong> e selecione a op\u00e7\u00e3o \"Access through your institution\" e siga o processo de registro. Em seguida, voc\u00ea ser\u00e1 levado de volta ao BMJ Best Practice.","bullet_icon_url":""},{"text_data":"<strong>C\u00f3digo de acesso<\/strong>\r\n<strong><a href=\"https:\/\/bestpractice.bmj.com\/login\" target=\"_blank\" rel=\"noopener noreferrer\">Clique aqui<\/a>\u00a0e digite seu endere\u00e7o de e-mail. Selecione \"C\u00f3digo de acesso\" e siga o processo de registro. Em seguida, voc\u00ea ser\u00e1 levado de volta ao BMJ Best Practice, onde ver\u00e1 o nome da sua institui\u00e7\u00e3o na parte inferior da tela.<\/strong>","bullet_icon_url":""},{"text_data":"<strong>Assinatura pessoal<\/strong>\r\nVoc\u00ea comprou o BMJ Best Practice para voc\u00ea?<strong><a href=\"https:\/\/bestpractice.bmj.com\/login\"> Clique aqui<\/a>\u00a0<\/strong>e use o nome de usu\u00e1rio e a senha com os quais voc\u00ea se inscreveu para fazer o login.","bullet_icon_url":""}],"expiration_date":null,"review_type":"normal","reviews":null,"feature_image_cards":null,"feature_icon_cards":[{"feature_card_icon":12877,"feature_card_subtitle":"BMJ Best Practice","feature_card_text":"This guide provides information on how to access BMJ Best Practice via your institution's network and how to download the highly rated app. This will give you access anytime, anywhere, even when you are offline.","feature_card_button_text":"Read now","feature_card_button_link":"https:\/\/bestpractice.bmj.com\/info\/wp-content\/uploads\/BP-Generic-Userguide-DIGITAL.pdf"},{"feature_card_icon":12865,"feature_card_subtitle":"BMJ Best Practice with the Comorbidities Manager","feature_card_text":"This guide provides information on how to access BMJ Best Practice via your institution's network and how to download the highly rated app. This will give you access anytime, anywhere, even when you are offline.\r\n\r\nThis guide also covers information on how to access the Comorbidities Manager.\r\n\r\n&nbsp;","feature_card_button_text":"Read now","feature_card_button_link":"https:\/\/bestpractice.bmj.com\/info\/wp-content\/uploads\/BP360-Generic-Userguide-DIGITAL.pdf"}],"podcast_date":null,"podcast_title":"","podcast_text":"","podcast_embed_script":"","campaign_advert_link":"","monthly":{"show_monthly_tab":false,"strikethrough_price":"","price_text":"","per_month_text":"","vat_text":"","subscribe_button_text":"","subscribe_button_link":""},"annual":{"show_annual_tab":false,"packages":null,"default_price":"","default_strikethrough_price":"","default_per_year_text":"","vat_text":"","subscribe_button_text":"","subscribe_button_link":""},"advisory_panel":null,"article_list_fields":null,"subscription_tab_main_heading":"","subscription_tabs":null,"accordion_for_page":null,"embed_code":""},{"choose_component":"marketingIconcards","hide":"","logged_in":"","logged_out":"","grey_background":"","background_color":"","background_image":null,"title_text_color":"","title":"Voc\u00ea precisa de suporte de acesso? D\u00ea uma olhada em nossos guias","text":"","image":[{"image_field":12865}],"qr_image":null,"circular_image":null,"button_text":"","button_url":"","button2_text":"","button2_url":"","video_embed":"","quote":"","quote_author":"","author_job_title":"","feature_iconsimages":null,"bullets":"none","bullet_text":null,"expiration_date":null,"review_type":"normal","reviews":null,"feature_image_cards":null,"feature_icon_cards":[{"feature_card_icon":13978,"feature_card_subtitle":"BMJ Best Practice","feature_card_text":"Este guia fornece informa\u00e7\u00f5es sobre como acessar o BMJ Best Practice por meio da rede da sua institui\u00e7\u00e3o e como fazer o download do aplicativo altamente avaliado. Isso lhe dar\u00e1 acesso a qualquer hora, em qualquer lugar, mesmo quando voc\u00ea estiver off-line.","feature_card_button_text":"Leia agora","feature_card_button_link":"https:\/\/bestpractice.bmj.com\/info\/wp-content\/uploads\/BP-Generic-Userguide-DIGITAL.pdf"},{"feature_card_icon":13982,"feature_card_subtitle":"BMJ Best Practice com o Gestor de Comorbidades","feature_card_text":"Este guia fornece informa\u00e7\u00f5es sobre como acessar o BMJ Best Practice por meio da rede da sua institui\u00e7\u00e3o e como fazer o download do aplicativo altamente avaliado. Isso lhe dar\u00e1 acesso a qualquer hora, em qualquer lugar, mesmo quando voc\u00ea estiver off-line.\r\n\r\nEste guia tamb\u00e9m aborda informa\u00e7\u00f5es sobre como acessar o Comorbidities Manager.\r\n\r\n&nbsp;","feature_card_button_text":"Leia agora","feature_card_button_link":"https:\/\/bestpractice.bmj.com\/info\/wp-content\/uploads\/BP360-Generic-Userguide-DIGITAL.pdf"}],"podcast_date":null,"podcast_title":"","podcast_text":"","podcast_embed_script":"","campaign_advert_link":"","monthly":{"show_monthly_tab":false,"strikethrough_price":"","price_text":"","per_month_text":"","vat_text":"","subscribe_button_text":"","subscribe_button_link":""},"annual":{"show_annual_tab":false,"packages":null,"default_price":"","default_strikethrough_price":"","default_per_year_text":"","vat_text":"","subscribe_button_text":"","subscribe_button_link":""},"advisory_panel":null,"article_list_fields":null,"subscription_tab_main_heading":"","subscription_tabs":null,"accordion_for_page":null,"embed_code":""},{"choose_component":"generic","hide":"","logged_in":"","logged_out":"","grey_background":["yes"],"background_color":"","background_image":null,"title_text_color":"","title":"Contact us","text":"Se voc\u00ea precisar de ajuda com o acesso, entre em contato com nossa equipe de suporte dedicada.\r\n\r\n<strong>E:<\/strong> <a href=\"mailto:support@bmj.com\">LatamSupport@bmj.com\u00a0<\/a>\r\n\r\n<strong>T:<\/strong> <strong>1 855-458-0579<\/strong>","image":null,"qr_image":null,"circular_image":null,"button_text":"","button_url":"","button2_text":"","button2_url":"","video_embed":"","quote":"","quote_author":"","author_job_title":"","feature_iconsimages":null,"bullets":"none","bullet_text":null,"expiration_date":null,"review_type":"normal","reviews":null,"feature_image_cards":null,"feature_icon_cards":null,"podcast_date":null,"podcast_title":"","podcast_text":"","podcast_embed_script":"","campaign_advert_link":"","monthly":{"show_monthly_tab":false,"strikethrough_price":"","price_text":"","per_month_text":"","vat_text":"","subscribe_button_text":"","subscribe_button_link":""},"annual":{"show_annual_tab":false,"packages":null,"default_price":"","default_strikethrough_price":"","default_per_year_text":"","vat_text":"","subscribe_button_text":"","subscribe_button_link":""},"advisory_panel":null,"article_list_fields":null,"subscription_tab_main_heading":"","subscription_tabs":null,"accordion_for_page":null,"embed_code":""},{"choose_component":"genericVideo","hide":"","logged_in":"","logged_out":"","grey_background":"","background_color":"","background_image":null,"title_text_color":"","title":"","text":"","image":null,"qr_image":null,"circular_image":null,"button_text":"","button_url":"","button2_text":"","button2_url":"","video_embed":"","quote":"","quote_author":"","author_job_title":"","feature_iconsimages":null,"bullets":"none","bullet_text":null,"expiration_date":null,"review_type":"normal","reviews":null,"feature_image_cards":null,"feature_icon_cards":null,"podcast_date":null,"podcast_title":"","podcast_text":"","podcast_embed_script":"","campaign_advert_link":"","monthly":{"show_monthly_tab":false,"strikethrough_price":"","price_text":"","per_month_text":"","vat_text":"","subscribe_button_text":"","subscribe_button_link":""},"annual":{"show_annual_tab":false,"packages":null,"default_price":"","default_strikethrough_price":"","default_per_year_text":"","vat_text":"","subscribe_button_text":"","subscribe_button_link":""},"advisory_panel":null,"article_list_fields":null,"subscription_tab_main_heading":"","subscription_tabs":null,"accordion_for_page":null,"embed_code":""}],"sticky_cta_text":"","sticky_cta_link":"","display_content_search":false,"seo_schema":""},"aioseo_notices":[],"_links":{"self":[{"href":"https:\/\/bestpractice.bmj.com\/info\/pt\/wp-json\/wp\/v2\/pages\/13606","targetHints":{"allow":["GET"]}}],"collection":[{"href":"https:\/\/bestpractice.bmj.com\/info\/pt\/wp-json\/wp\/v2\/pages"}],"about":[{"href":"https:\/\/bestpractice.bmj.com\/info\/pt\/wp-json\/wp\/v2\/types\/page"}],"author":[{"embeddable":true,"href":"https:\/\/bestpractice.bmj.com\/info\/pt\/wp-json\/wp\/v2\/users\/3"}],"replies":[{"embeddable":true,"href":"https:\/\/bestpractice.bmj.com\/info\/pt\/wp-json\/wp\/v2\/comments?post=13606"}],"version-history":[{"count":0,"href":"https:\/\/bestpractice.bmj.com\/info\/pt\/wp-json\/wp\/v2\/pages\/13606\/revisions"}],"wp:attachment":[{"href":"https:\/\/bestpractice.bmj.com\/info\/pt\/wp-json\/wp\/v2\/media?parent=13606"}],"curies":[{"name":"wp","href":"https:\/\/api.w.org\/{rel}","templated":true}]}}