{"id":13444,"date":"2023-10-03T06:10:57","date_gmt":"2023-10-03T05:10:57","guid":{"rendered":"https:\/\/bestpractice.bmj.com\/info\/?page_id=13444"},"modified":"2025-08-20T15:34:36","modified_gmt":"2025-08-20T14:34:36","slug":"earn-cme-cpd-points","status":"publish","type":"page","link":"https:\/\/bestpractice.bmj.com\/info\/pt\/earn-cme-cpd-points\/","title":{"rendered":"Earn CME\/CPD points"},"content":{"rendered":"","protected":false},"excerpt":{"rendered":"","protected":false},"author":31,"featured_media":0,"parent":0,"menu_order":0,"comment_status":"closed","ping_status":"closed","template":"marketing_new.php","meta":{"_acf_changed":false,"footnotes":""},"class_list":["post-13444","page","type-page","status-publish","hentry"],"acf":{"components":[{"choose_component":"marketingImage","hide":"","logged_in":"","logged_out":"","grey_background":[],"background_color":"","background_image":null,"title_text_color":"","title":"Ganhe cr\u00e9ditos de  CME\/CPD enquanto procura respostas para suas d\u00favidas cl\u00ednicas","text":"","image":[{"image_field":12845}],"qr_image":null,"circular_image":null,"button_text":"","button_url":"","button2_text":"","button2_url":"","video_embed":"","quote":"","quote_author":"","author_job_title":"","feature_iconsimages":null,"bullets":"none","bullet_text":null,"expiration_date":null,"review_type":"normal","reviews":null,"feature_image_cards":null,"feature_icon_cards":null,"podcast_date":null,"podcast_title":"","podcast_text":"","podcast_embed_script":"","campaign_advert_link":"","monthly":{"show_monthly_tab":false,"strikethrough_price":"","price_text":"","per_month_text":"","vat_text":"","subscribe_button_text":"","subscribe_button_link":""},"annual":{"show_annual_tab":false,"packages":null,"default_price":"","default_strikethrough_price":"","default_per_year_text":"","vat_text":"","subscribe_button_text":"","subscribe_button_link":""},"advisory_panel":null,"article_list_fields":null,"subscription_tab_main_heading":"","subscription_tabs":null,"accordion_for_page":null,"embed_code":"","table_structure":null,"column_two_text":""},{"choose_component":"generic","hide":"","logged_in":"","logged_out":["yes"],"grey_background":"","background_color":"","background_image":null,"title_text_color":"","title":"","text":"","image":null,"qr_image":null,"circular_image":null,"button_text":"","button_url":"","button2_text":"","button2_url":"","video_embed":"","quote":"","quote_author":"","author_job_title":"","feature_iconsimages":null,"bullets":"none","bullet_text":null,"expiration_date":null,"review_type":"normal","reviews":null,"feature_image_cards":null,"feature_icon_cards":null,"podcast_date":null,"podcast_title":"","podcast_text":"","podcast_embed_script":"","campaign_advert_link":"","monthly":{"show_monthly_tab":false,"strikethrough_price":"","price_text":"","per_month_text":"","vat_text":"","subscribe_button_text":"","subscribe_button_link":""},"annual":{"show_annual_tab":false,"packages":null,"default_price":"","default_strikethrough_price":"","default_per_year_text":"","vat_text":"","subscribe_button_text":"","subscribe_button_link":""},"advisory_panel":null,"article_list_fields":null,"subscription_tab_main_heading":"","subscription_tabs":null,"accordion_for_page":null,"embed_code":"","table_structure":null,"column_two_text":""},{"choose_component":"generic","hide":"","logged_in":["yes"],"logged_out":"","grey_background":"","background_color":"","background_image":null,"title_text_color":"","title":"","text":"<h2>Reduza o tempo gasto se preparando para avalia\u00e7\u00f5es e revalida\u00e7\u00f5es e comprove melhorias cont\u00ednuas e desenvolvimento.<\/h2>\r\nSuas atividades de CME\/CPD dentro da BMJ Best Practice s\u00e3o monitoradas automaticamente, assim \u00e9 mais f\u00e1cil gerenciar seus estudos, atualizar seu portf\u00f3lio e economizar tempo ao se preparar para uma avalia\u00e7\u00e3o.\r\n\r\nPara usar esse \u00f3timo recurso, voc\u00ea precisar\u00e1 ter uma assinatura pessoal ou <a href=\"https:\/\/bestpractice.bmj.com\/registration\">configurar um perfil pessoal<\/a> na BMJ Best Practice.\r\n\r\nVoc\u00ea pode fazer isso facilmente, acessando a BMJ Best Practice por meio da sua institui\u00e7\u00e3o.","image":null,"qr_image":null,"circular_image":null,"button_text":"","button_url":"","button2_text":"","button2_url":"","video_embed":"","quote":"","quote_author":"","author_job_title":"","feature_iconsimages":null,"bullets":"none","bullet_text":null,"expiration_date":null,"review_type":"normal","reviews":null,"feature_image_cards":null,"feature_icon_cards":null,"podcast_date":null,"podcast_title":"","podcast_text":"","podcast_embed_script":"","campaign_advert_link":"","monthly":{"show_monthly_tab":false,"strikethrough_price":"","price_text":"","per_month_text":"","vat_text":"","subscribe_button_text":"","subscribe_button_link":""},"annual":{"show_annual_tab":false,"packages":null,"default_price":"","default_strikethrough_price":"","default_per_year_text":"","vat_text":"","subscribe_button_text":"","subscribe_button_link":""},"advisory_panel":null,"article_list_fields":null,"subscription_tab_main_heading":"","subscription_tabs":null,"accordion_for_page":null,"embed_code":"","table_structure":null,"column_two_text":""},{"choose_component":"bulletList","hide":"","logged_in":"","logged_out":"","grey_background":[],"background_color":"","background_image":null,"title_text_color":"","title":"Benef\u00edcios","text":"","image":null,"qr_image":null,"circular_image":null,"button_text":"","button_url":"","button2_text":"","button2_url":"","video_embed":"","quote":"","quote_author":"","author_job_title":"","feature_iconsimages":null,"bullets":"ticks","bullet_text":[{"text_data":"Economize tempo ao se preparar para avalia\u00e7\u00f5es com o rastreamento autom\u00e1tico de atividades","bullet_icon_url":""},{"text_data":"Comprove melhorias e desenvolvimento cont\u00ednuos","bullet_icon_url":""},{"text_data":"Mantenha um registro das atividades do BMJ Best Practice em um painel pessoal","bullet_icon_url":""},{"text_data":"Baixe e imprima certificados para comprovar seu aprendizado","bullet_icon_url":""},{"text_data":"Salve facilmente seu certificado no seu portf\u00f3lio","bullet_icon_url":""},{"text_data":"Continue resgatando seus cr\u00e9ditos por meio de links facilmente dispon\u00edveis para seus \u00f3rg\u00e3os de certifica\u00e7\u00e3o relevantes","bullet_icon_url":""}],"expiration_date":null,"review_type":"normal","reviews":null,"feature_image_cards":null,"feature_icon_cards":null,"podcast_date":null,"podcast_title":"","podcast_text":"","podcast_embed_script":"","campaign_advert_link":"","monthly":{"show_monthly_tab":false,"strikethrough_price":"","price_text":"","per_month_text":"","vat_text":"","subscribe_button_text":"","subscribe_button_link":""},"annual":{"show_annual_tab":false,"packages":null,"default_price":"","default_strikethrough_price":"","default_per_year_text":"","vat_text":"","subscribe_button_text":"","subscribe_button_link":""},"advisory_panel":null,"article_list_fields":null,"subscription_tab_main_heading":"","subscription_tabs":null,"accordion_for_page":null,"embed_code":"","table_structure":null,"column_two_text":""},{"choose_component":"genericCircular","hide":"","logged_in":"","logged_out":"","grey_background":"","background_color":"","background_image":null,"title_text_color":"","title":"A BMJ Best Practice \u00e9 credenciada no mundo todo","text":"<h3>Obtenha o reconhecimento que voc\u00ea merece reivindicando cr\u00e9ditos CPD\/CME de nossa lista global de institui\u00e7\u00f5es credenciadas.<\/h3>\r\nObtenha o reconhecimento que merece resgatando cr\u00e9ditos de CPD\/CME da nossa lista global de institui\u00e7\u00f5es de certifica\u00e7\u00e3o.\r\n\r\nVoc\u00ea pode reivindicar pontos de CPD\/CME pelo tempo gasto lendo nossos t\u00f3picos cl\u00ednicos.\r\n\r\nClique no bot\u00e3o abaixo para encontrar informa\u00e7\u00f5es sobre nossas organiza\u00e7\u00f5es parceiras.","image":null,"qr_image":null,"circular_image":12517,"button_text":"Institui\u00e7\u00f5es credenciadoras","button_url":"https:\/\/bestpractice.bmj.com\/info\/accreditation\/","button2_text":"","button2_url":"","video_embed":"","quote":"","quote_author":"","author_job_title":"","feature_iconsimages":null,"bullets":"none","bullet_text":null,"expiration_date":null,"review_type":"normal","reviews":null,"feature_image_cards":null,"feature_icon_cards":null,"podcast_date":null,"podcast_title":"","podcast_text":"","podcast_embed_script":"","campaign_advert_link":"","monthly":{"show_monthly_tab":false,"strikethrough_price":"","price_text":"","per_month_text":"","vat_text":"","subscribe_button_text":"","subscribe_button_link":""},"annual":{"show_annual_tab":false,"packages":null,"default_price":"","default_strikethrough_price":"","default_per_year_text":"","vat_text":"","subscribe_button_text":"","subscribe_button_link":""},"advisory_panel":null,"article_list_fields":null,"subscription_tab_main_heading":"","subscription_tabs":null,"accordion_for_page":null,"embed_code":"","table_structure":null,"column_two_text":""},{"choose_component":"generic","hide":"","logged_in":["yes"],"logged_out":"","grey_background":"","background_color":"","background_image":null,"title_text_color":"","title":"Steps to generate your personalised CME\/CPD certificate:","text":"<strong><img class=\"alignnone size-full wp-image-10385\" src=\"https:\/\/bestpractice.bmj.com\/info\/wp-content\/uploads\/Numbers\/1.png\" alt=\"1\" width=\"50\" height=\"50\" \/>\u00a0 \u00a0Fa\u00e7a login com seu perfil de usu\u00e1rio pessoal<\/strong>\r\n\r\nVoc\u00ea poder\u00e1 acessar seu painel de atividades clicando em \"Claim CME\/CPD credits\" (Solicitar cr\u00e9ditos CME\/CPD) na parte superior da p\u00e1gina ou no menu \"Your profile\" (Seu perfil). Se voc\u00ea tiver acesso por meio de sua institui\u00e7\u00e3o, mas n\u00e3o tiver preenchido seu perfil de usu\u00e1rio, poder\u00e1 faz\u00ea-lo aqui.\r\n\r\n<strong><img class=\"alignnone size-full wp-image-10385\" src=\"https:\/\/bestpractice.bmj.com\/info\/wp-content\/uploads\/Numbers\/2.png\" alt=\"2\" width=\"50\" height=\"50\" \/> \u00a0 \u00a0Selecione as atividades para as quais voc\u00ea gostaria de reivindicar cr\u00e9ditos<\/strong>\r\n\r\nAs atividades s\u00e3o organizadas por m\u00eas e incluem o n\u00famero de horas gastas em cada t\u00f3pico. Voc\u00ea pode clicar em qualquer m\u00eas para obter mais detalhes sobre os t\u00f3picos visualizados e o n\u00famero de horas. Depois de expandir essa se\u00e7\u00e3o, voc\u00ea marca a atividade que deve ser inclu\u00edda no seu certificado.\r\n\r\n<strong><img class=\"alignnone size-full wp-image-10385\" src=\"https:\/\/bestpractice.bmj.com\/info\/wp-content\/uploads\/Numbers\/3.png\" alt=\"3\" width=\"50\" height=\"50\" \/>\u00a0 \u00a0Descreva como essa atividade ajudou voc\u00ea<\/strong>\r\n\r\nMarque as op\u00e7\u00f5es que se aplicam e adicione sua reflex\u00e3o e declara\u00e7\u00f5es de impacto (opc\r\n\r\n<strong><img class=\"alignnone size-full wp-image-10385\" src=\"https:\/\/bestpractice.bmj.com\/info\/wp-content\/uploads\/Numbers\/4.png\" alt=\"4\" width=\"50\" height=\"50\" \/>\u00a0 \u00a0Clique em \"Download Certificate\" (Baixar certificado)<\/strong>\r\n\r\nMarque as op\u00e7\u00f5es que se aplicam e adicione sua reflex\u00e3o e declara\u00e7\u00f5es de impacto (opcional).\r\n\r\n&nbsp;\r\n\r\nIsso exportar\u00e1 um PDF do seu certificado. Os certificados salvos tamb\u00e9m podem ser encontrados na guia separada.","image":null,"qr_image":null,"circular_image":null,"button_text":"","button_url":"","button2_text":"","button2_url":"","video_embed":"","quote":"","quote_author":"","author_job_title":"","feature_iconsimages":null,"bullets":"none","bullet_text":null,"expiration_date":null,"review_type":"normal","reviews":null,"feature_image_cards":null,"feature_icon_cards":null,"podcast_date":null,"podcast_title":"","podcast_text":"","podcast_embed_script":"","campaign_advert_link":"","monthly":{"show_monthly_tab":false,"strikethrough_price":"","price_text":"","per_month_text":"","vat_text":"","subscribe_button_text":"","subscribe_button_link":""},"annual":{"show_annual_tab":false,"packages":null,"default_price":"","default_strikethrough_price":"","default_per_year_text":"","vat_text":"","subscribe_button_text":"","subscribe_button_link":""},"advisory_panel":null,"article_list_fields":null,"subscription_tab_main_heading":"","subscription_tabs":null,"accordion_for_page":null,"embed_code":"","table_structure":null,"column_two_text":""}],"sticky_cta_text":"Subscribe today","sticky_cta_link":"https:\/\/bestpractice.bmj.com\/info\/subscribe\/","display_content_search":false,"seo_schema":""},"aioseo_notices":[],"_links":{"self":[{"href":"https:\/\/bestpractice.bmj.com\/info\/pt\/wp-json\/wp\/v2\/pages\/13444","targetHints":{"allow":["GET"]}}],"collection":[{"href":"https:\/\/bestpractice.bmj.com\/info\/pt\/wp-json\/wp\/v2\/pages"}],"about":[{"href":"https:\/\/bestpractice.bmj.com\/info\/pt\/wp-json\/wp\/v2\/types\/page"}],"author":[{"embeddable":true,"href":"https:\/\/bestpractice.bmj.com\/info\/pt\/wp-json\/wp\/v2\/users\/31"}],"replies":[{"embeddable":true,"href":"https:\/\/bestpractice.bmj.com\/info\/pt\/wp-json\/wp\/v2\/comments?post=13444"}],"version-history":[{"count":0,"href":"https:\/\/bestpractice.bmj.com\/info\/pt\/wp-json\/wp\/v2\/pages\/13444\/revisions"}],"wp:attachment":[{"href":"https:\/\/bestpractice.bmj.com\/info\/pt\/wp-json\/wp\/v2\/media?parent=13444"}],"curies":[{"name":"wp","href":"https:\/\/api.w.org\/{rel}","templated":true}]}}