{"id":13439,"date":"2023-10-03T06:15:36","date_gmt":"2023-10-03T05:15:36","guid":{"rendered":"https:\/\/bestpractice.bmj.com\/info\/?page_id=13439"},"modified":"2025-12-15T13:25:43","modified_gmt":"2025-12-15T12:25:43","slug":"app","status":"publish","type":"page","link":"https:\/\/bestpractice.bmj.com\/info\/pt\/app\/","title":{"rendered":"App"},"content":{"rendered":"","protected":false},"excerpt":{"rendered":"","protected":false},"author":31,"featured_media":0,"parent":0,"menu_order":0,"comment_status":"closed","ping_status":"closed","template":"marketing_new.php","meta":{"_acf_changed":false,"footnotes":""},"class_list":["post-13439","page","type-page","status-publish","hentry"],"acf":{"components":[{"choose_component":"marketingImage","hide":"","logged_in":"","logged_out":"","grey_background":[],"background_color":"","background_image":null,"title_text_color":"","title":"Oferecemos acesso gratuito ao nosso aplicativo premiado para todos os usu\u00e1rios da BMJ Best Practice","text":"","image":[{"image_field":12605}],"qr_image":null,"circular_image":null,"button_text":"","button_url":"","button2_text":"","button2_url":"","video_embed":"","quote":"","quote_author":"","author_job_title":"","feature_iconsimages":null,"bullets":"none","bullet_text":null,"expiration_date":null,"review_type":"normal","reviews":null,"feature_image_cards":null,"feature_icon_cards":null,"podcast_date":null,"podcast_title":"","podcast_text":"","podcast_embed_script":"","campaign_advert_link":"","monthly":{"show_monthly_tab":false,"strikethrough_price":"","price_text":"","per_month_text":"","vat_text":"","subscribe_button_text":"","subscribe_button_link":""},"annual":{"show_annual_tab":false,"packages":null,"default_price":"","default_strikethrough_price":"","default_per_year_text":"","vat_text":"","subscribe_button_text":"","subscribe_button_link":""},"advisory_panel":null,"article_list_fields":null,"subscription_tab_main_heading":"","subscription_tabs":null,"accordion_for_page":null,"embed_code":""},{"choose_component":"genericQuote","hide":"","logged_in":"","logged_out":["yes"],"grey_background":"","background_color":"","background_image":null,"title_text_color":"","title":"Fast, offline access to the clinical information you need","text":"<h1>O aplicativo \u00e9 fornecido gratuitamente para aqueles que t\u00eam uma assinatura individual da BMJ Best Practice ou t\u00eam acesso por meio de uma institui\u00e7\u00e3o.<\/h1>\r\n<h2>Como baixar o aplicativo<\/h2>\r\n<strong>Voc\u00ea comprou a BMJ Best Practice para voc\u00ea?<\/strong> Basta acessar a loja de aplicativos relevante, pesquisar \u2018BMJ Best Practice\u2019 e, quando solicitado, inserir os seus dados de login da BMJ Best Practice.\r\n\r\n<strong>O seu acesso \u00e9 fornecido por uma institui\u00e7\u00e3o?<\/strong>\u00a0 Primeiro, voc\u00ea precisar\u00e1 fazer <a href=\"https:\/\/stg-bestpractice.bmj.com\/info\/access-through-your-institution\/\">login por meio da sua institui\u00e7\u00e3o<\/a> e, em seguida, preencher seu perfil de usu\u00e1rio da BMJ Best Practice antes de baixar o aplicativo. Depois de fazer isso, basta acessar a loja de aplicativos relevante, pesquisar \u2018BMJ Best Practice\u2018 e, quando solicitado, inserir os dados do <a href=\"https:\/\/bestpractice.bmj.com\/registration\">seu perfil de usu\u00e1rio<\/a> da BMJ Best Practice.","image":[{"image_field":16137},{"image_field":16140}],"qr_image":[{"image_field":16124},{"image_field":16127}],"circular_image":null,"button_text":"Get it on Google Play","button_url":"https:\/\/play.google.com\/store\/apps\/details?id=com.bmj.bmjbestpractice","button2_text":"Download on the App Store","button2_url":"https:\/\/itunes.apple.com\/gb\/app\/bmj-best-practice\/id1105379489?mt=8","video_embed":"","quote":"Very comprehensive and concise at the same time. My favorite source of accurate updated medical information and clinical guidelines.","quote_author":"Dr. Moustafa Hosni","author_job_title":"5 star Google Play review, April 2023","feature_iconsimages":null,"bullets":"none","bullet_text":null,"expiration_date":null,"review_type":"normal","reviews":null,"feature_image_cards":null,"feature_icon_cards":null,"podcast_date":null,"podcast_title":"","podcast_text":"","podcast_embed_script":"","campaign_advert_link":"","monthly":{"show_monthly_tab":false,"strikethrough_price":"","price_text":"","per_month_text":"","vat_text":"","subscribe_button_text":"","subscribe_button_link":""},"annual":{"show_annual_tab":false,"packages":null,"default_price":"","default_strikethrough_price":"","default_per_year_text":"","vat_text":"","subscribe_button_text":"","subscribe_button_link":""},"advisory_panel":null,"article_list_fields":null,"subscription_tab_main_heading":"","subscription_tabs":null,"accordion_for_page":null,"embed_code":""},{"choose_component":"genericQuote","hide":"","logged_in":["yes"],"logged_out":"","grey_background":"","background_color":"","background_image":null,"title_text_color":"","title":"","text":"<h1>Do you have a BMJ user profile? If so, you can download the app straight away!Esqueceu os seus dados de perfil de usu\u00e1rio da BMJ Best Practice?Seu perfil de usu\u00e1rio requer um endere\u00e7o de e-mail e senha. Se esqueceu sua senha, clique aqui para redefini-la. Se voc\u00ea esqueceu qual e-mail usou para se cadastrar ou n\u00e3o tem mais acesso a essa conta de e-mail, entre em contato conosco.<\/h1>\r\n<h2><strong>How to download the app<\/strong><\/h2>\r\nSimply go to the relevant app store, search 'BMJ Best Practice' and, when prompted, enter your BMJ Best Practice user profile details.\r\n<h1>Need to set up your BMJ user profile?<\/h1>\r\nIt is very quick and easy to do. It will allow you to download the app for free, log in to the BMJ Best Practice website from anywhere and automatically track your activity for CPD\/CME credits.&nbsp;\r\n\r\n<a class=\"fasc-button fasc-size-xlarge fasc-type-glossy fasc-rounded-medium\" style=\"background-color: #bd117b; color: #ffffff;\" target=\"_blank\" href=\"https:\/\/bestpractice.bmj.com\/registration\/user\">User profile registration<\/a>\r\n\r\n&nbsp;\r\n\r\n&nbsp;","image":[{"image_field":16137},{"image_field":16140}],"qr_image":[{"image_field":16124},{"image_field":16127}],"circular_image":null,"button_text":"Baixe-o no Google Play","button_url":"https:\/\/play.google.com\/store\/apps\/details?id=com.bmj.bmjbestpractice","button2_text":"Fa\u00e7a o download na App Store","button2_url":"https:\/\/itunes.apple.com\/gb\/app\/bmj-best-practice\/id1105379489?mt=8","video_embed":"","quote":"Muito abrangente e conciso ao mesmo tempo. Minha fonte favorita de informa\u00e7\u00f5es m\u00e9dicas e diretrizes cl\u00ednicas atualizadas e precisas.","quote_author":"Dr. Moustafa Hosni","author_job_title":"5 star Google Play review, April 2023","feature_iconsimages":null,"bullets":"none","bullet_text":null,"expiration_date":null,"review_type":"normal","reviews":null,"feature_image_cards":null,"feature_icon_cards":null,"podcast_date":null,"podcast_title":"","podcast_text":"","podcast_embed_script":"","campaign_advert_link":"","monthly":{"show_monthly_tab":false,"strikethrough_price":"","price_text":"","per_month_text":"","vat_text":"","subscribe_button_text":"","subscribe_button_link":""},"annual":{"show_annual_tab":false,"packages":null,"default_price":"","default_strikethrough_price":"","default_per_year_text":"","vat_text":"","subscribe_button_text":"","subscribe_button_link":""},"advisory_panel":null,"article_list_fields":null,"subscription_tab_main_heading":"","subscription_tabs":null,"accordion_for_page":null,"embed_code":""},{"choose_component":"generic","hide":"","logged_in":"","logged_out":"","grey_background":"","background_color":"","background_image":null,"title_text_color":"","title":"","text":"<h2>Esqueceu os seus dados de perfil de usu\u00e1rio da BMJ Best Practice?<\/h2>\r\nSeu perfil de usu\u00e1rio requer um endere\u00e7o de e-mail e senha. Se esqueceu sua senha, <a href=\"https:\/\/auth.bmj.com\/ext\/pwdreset\/Identify?InternalRedirect=true\">clique aqui<\/a> para redefini-la. Se voc\u00ea esqueceu qual e-mail usou para se cadastrar ou n\u00e3o tem mais acesso a essa conta de e-mail, entre em <a href=\"https:\/\/myaccount.bmj.com\/myaccount\/customerservice\/support-home.html\">contato conosco<\/a>.\r\n\r\n*Avalia\u00e7\u00f5es em agosto de 2023","image":null,"qr_image":null,"circular_image":null,"button_text":"","button_url":"","button2_text":"","button2_url":"","video_embed":"","quote":"","quote_author":"","author_job_title":"","feature_iconsimages":null,"bullets":"none","bullet_text":null,"expiration_date":null,"review_type":"normal","reviews":null,"feature_image_cards":null,"feature_icon_cards":null,"podcast_date":null,"podcast_title":"","podcast_text":"","podcast_embed_script":"","campaign_advert_link":"","monthly":{"show_monthly_tab":false,"strikethrough_price":"","price_text":"","per_month_text":"","vat_text":"","subscribe_button_text":"","subscribe_button_link":""},"annual":{"show_annual_tab":false,"packages":null,"default_price":"","default_strikethrough_price":"","default_per_year_text":"","vat_text":"","subscribe_button_text":"","subscribe_button_link":""},"advisory_panel":null,"article_list_fields":null,"subscription_tab_main_heading":"","subscription_tabs":null,"accordion_for_page":null,"embed_code":""},{"choose_component":"bulletList","hide":"","logged_in":"","logged_out":"","grey_background":[],"background_color":"","background_image":null,"title_text_color":"","title":"Benef\u00edcios de baixar o aplicativo","text":"<h3>Baixar o aplicativo \u00e9 r\u00e1pido e f\u00e1cil e ocupa pouqu\u00edssimo espa\u00e7o no armazenamento do seu dispositivo. Com o aplicativo voc\u00ea ter\u00e1:<\/h3>","image":null,"qr_image":null,"circular_image":null,"button_text":"","button_url":"","button2_text":"","button2_url":"","video_embed":"","quote":"","quote_author":"","author_job_title":"","feature_iconsimages":null,"bullets":"icon","bullet_text":[{"text_data":"<strong>Acesso offline,<\/strong> que permite visualizar o conte\u00fado de qualquer lugar, a qualquer hora, sem depender de uma conex\u00e3o com a Internet","bullet_icon_url":"https:\/\/bestpractice.bmj.com\/info\/wp-content\/uploads\/Small-icon-Local-guidance.png"},{"text_data":"Navega\u00e7\u00e3o r\u00e1pida por meio de <strong>uma interface intuitiva<\/strong> e ferramenta de pesquisa","bullet_icon_url":"https:\/\/bestpractice.bmj.com\/info\/wp-content\/uploads\/Small-icon-Assessment.png"},{"text_data":"Mais de <strong>250 calculadoras<\/strong> m\u00e9dicas interativas","bullet_icon_url":"https:\/\/bestpractice.bmj.com\/info\/wp-content\/uploads\/Small-icon-Calculators.png"},{"text_data":"Mais de <strong>500 panfletos<\/strong> para pacientes","bullet_icon_url":"https:\/\/bestpractice.bmj.com\/info\/wp-content\/uploads\/Small-icon-Patient-leaflets.png"},{"text_data":"Uma barra de navega\u00e7\u00e3o para<strong> acesso r\u00e1pido<\/strong> a atualiza\u00e7\u00f5es importantes, especialidades e muito mais","bullet_icon_url":"https:\/\/bestpractice.bmj.com\/info\/wp-content\/uploads\/51px-pink-icon-Dx-1.png"},{"text_data":"T\u00f3picos divididos em <strong>se\u00e7\u00f5es claras,<\/strong> incluindo preven\u00e7\u00e3o, diagn\u00f3stico e gerenciamento","bullet_icon_url":"https:\/\/bestpractice.bmj.com\/info\/wp-content\/uploads\/Small-icon-Tx.png"},{"text_data":"<strong>V\u00eddeos e imagens<\/strong> de procedimentos inclu\u00eddos para condi\u00e7\u00f5es relevantes","bullet_icon_url":"https:\/\/bestpractice.bmj.com\/info\/wp-content\/uploads\/Small-icon-Videos-1.png"},{"text_data":"Monitoramento autom\u00e1tico das suas atividades para fins de<strong> EMC\/DPC<\/strong>.","bullet_icon_url":"https:\/\/bestpractice.bmj.com\/info\/wp-content\/uploads\/Small-icon-CME-CPD.png"}],"expiration_date":null,"review_type":"normal","reviews":null,"feature_image_cards":null,"feature_icon_cards":null,"podcast_date":null,"podcast_title":"","podcast_text":"","podcast_embed_script":"","campaign_advert_link":"","monthly":{"show_monthly_tab":false,"strikethrough_price":"","price_text":"","per_month_text":"","vat_text":"","subscribe_button_text":"","subscribe_button_link":""},"annual":{"show_annual_tab":false,"packages":null,"default_price":"","default_strikethrough_price":"","default_per_year_text":"","vat_text":"","subscribe_button_text":"","subscribe_button_link":""},"advisory_panel":null,"article_list_fields":null,"subscription_tab_main_heading":"","subscription_tabs":null,"accordion_for_page":null,"embed_code":""},{"choose_component":"marketingIconcards","hide":"","logged_in":"","logged_out":"","grey_background":"","background_color":"","background_image":null,"title_text_color":"","title":"","text":"","image":null,"qr_image":null,"circular_image":null,"button_text":"","button_url":"","button2_text":"","button2_url":"","video_embed":"","quote":"","quote_author":"","author_job_title":"","feature_iconsimages":null,"bullets":"none","bullet_text":null,"expiration_date":null,"review_type":"normal","reviews":null,"feature_image_cards":null,"feature_icon_cards":[{"feature_card_icon":10901,"feature_card_subtitle":"\u00d3timo aplicativo e informa\u00e7\u00f5es cl\u00ednicas","feature_card_text":"<strong>Conhecimento atualizado com explica\u00e7\u00f5es claras e compreens\u00edveis. F\u00e1cil de usar e encontrar informa\u00e7\u00f5es importantes. Uso para CPD e para o conhecimento sempre crescente esperado de um GP (Reino Unido). Muito \u00fatil.<\/strong>\r\n\r\n<img class=\"alignnone size-full wp-image-10586\" src=\"https:\/\/bestpractice.bmj.com\/info\/wp-content\/uploads\/2023\/08\/five-stars.png\" alt=\"\" width=\"117\" height=\"21\" \/>\r\n\r\n<strong><em>Usu\u00e1rio do aplicativo BMJ Best Practice<\/em><\/strong>","feature_card_button_text":"","feature_card_button_link":""},{"feature_card_icon":10901,"feature_card_subtitle":"Educational","feature_card_text":"\u00c9 um aplicativo que utilizo para atualizar meus conhecimentos. Todos os t\u00f3picos que procurei, de sa\u00fade mental a geral e c\u00e2ncer, foram escritos de forma muito favor\u00e1vel. As informa\u00e7\u00f5es s\u00e3o confi\u00e1veis e de fontes relevantes. Ele tamb\u00e9m estimula meu racioc\u00ednio e d\u00e1 espa\u00e7o para pesquisas. Eu recomendo muito esse aplicativo. Voc\u00ea n\u00e3o ficar\u00e1 desapontado, independentemente do seu campo de pr\u00e1tica ou aprendizado.\r\n\r\n<img class=\"alignnone size-full wp-image-10586\" src=\"https:\/\/bestpractice.bmj.com\/info\/wp-content\/uploads\/2023\/08\/five-stars.png\" alt=\"\" width=\"117\" height=\"21\" \/>\r\n\r\n<strong><em>Usu\u00e1rio do aplicativo BMJ Best Practice<\/em><\/strong>","feature_card_button_text":"","feature_card_button_link":""},{"feature_card_icon":10901,"feature_card_subtitle":"Recursos que mudam a vida","feature_card_text":"Esse aplicativo me foi apresentado por um dos consultores do Departamento de Emerg\u00eancia quando eu estava em meus primeiros anos de treinamento. Posso dizer a voc\u00ea mais uma vez que isso facilitou minha vida como m\u00e9dico. Em movimento, atualizado, f\u00e1cil de navegar, material de n\u00edvel b\u00e1sico a especializado. Diretrizes do NICE... Realmente um \u00f3timo aplicativo!\r\n\r\n<img class=\"alignnone size-full wp-image-10586\" src=\"https:\/\/bestpractice.bmj.com\/info\/wp-content\/uploads\/2023\/08\/five-stars.png\" alt=\"\" width=\"117\" height=\"21\" \/>\r\n\r\n<strong><em>Usu\u00e1rio do aplicativo BMJ Best Practice<\/em><\/strong>","feature_card_button_text":"","feature_card_button_link":""}],"podcast_date":null,"podcast_title":"","podcast_text":"","podcast_embed_script":"","campaign_advert_link":"","monthly":{"show_monthly_tab":false,"strikethrough_price":"","price_text":"","per_month_text":"","vat_text":"","subscribe_button_text":"","subscribe_button_link":""},"annual":{"show_annual_tab":false,"packages":null,"default_price":"","default_strikethrough_price":"","default_per_year_text":"","vat_text":"","subscribe_button_text":"","subscribe_button_link":""},"advisory_panel":null,"article_list_fields":null,"subscription_tab_main_heading":"","subscription_tabs":null,"accordion_for_page":null,"embed_code":""}],"sticky_cta_text":"","sticky_cta_link":"","display_content_search":false,"seo_schema":""},"aioseo_notices":[],"_links":{"self":[{"href":"https:\/\/bestpractice.bmj.com\/info\/pt\/wp-json\/wp\/v2\/pages\/13439","targetHints":{"allow":["GET"]}}],"collection":[{"href":"https:\/\/bestpractice.bmj.com\/info\/pt\/wp-json\/wp\/v2\/pages"}],"about":[{"href":"https:\/\/bestpractice.bmj.com\/info\/pt\/wp-json\/wp\/v2\/types\/page"}],"author":[{"embeddable":true,"href":"https:\/\/bestpractice.bmj.com\/info\/pt\/wp-json\/wp\/v2\/users\/31"}],"replies":[{"embeddable":true,"href":"https:\/\/bestpractice.bmj.com\/info\/pt\/wp-json\/wp\/v2\/comments?post=13439"}],"version-history":[{"count":0,"href":"https:\/\/bestpractice.bmj.com\/info\/pt\/wp-json\/wp\/v2\/pages\/13439\/revisions"}],"wp:attachment":[{"href":"https:\/\/bestpractice.bmj.com\/info\/pt\/wp-json\/wp\/v2\/media?parent=13439"}],"curies":[{"name":"wp","href":"https:\/\/api.w.org\/{rel}","templated":true}]}}