{"id":13435,"date":"2023-10-03T06:16:39","date_gmt":"2023-10-03T05:16:39","guid":{"rendered":"https:\/\/bestpractice.bmj.com\/info\/?page_id=13435"},"modified":"2023-10-26T08:08:53","modified_gmt":"2023-10-26T07:08:53","slug":"trusted-content","status":"publish","type":"page","link":"https:\/\/bestpractice.bmj.com\/info\/pt\/trusted-content\/","title":{"rendered":"Trusted content"},"content":{"rendered":"","protected":false},"excerpt":{"rendered":"","protected":false},"author":31,"featured_media":0,"parent":0,"menu_order":0,"comment_status":"closed","ping_status":"closed","template":"marketing_new.php","meta":{"_acf_changed":false,"footnotes":""},"class_list":["post-13435","page","type-page","status-publish","hentry"],"acf":{"components":[{"choose_component":"marketingImage","hide":"","logged_in":"","logged_out":"","grey_background":[],"background_color":"","background_image":null,"title_text_color":"","title":"A BMJ Best Practice oferece uma grande variedade de informa\u00e7\u00f5es sobre milhares de diagn\u00f3sticos e testes de diagn\u00f3stico","text":"","image":[{"image_field":12553}],"qr_image":null,"circular_image":null,"button_text":"","button_url":"","button2_text":"","button2_url":"","video_embed":"","quote":"","quote_author":"","author_job_title":"","feature_iconsimages":null,"bullets":"none","bullet_text":null,"expiration_date":null,"review_type":"normal","reviews":null,"feature_image_cards":null,"feature_icon_cards":null,"podcast_date":null,"podcast_title":"","podcast_text":"","podcast_embed_script":"","campaign_advert_link":"","monthly":{"show_monthly_tab":false,"strikethrough_price":"","price_text":"","per_month_text":"","vat_text":"","subscribe_button_text":"","subscribe_button_link":""},"annual":{"show_annual_tab":false,"packages":null,"default_price":"","default_strikethrough_price":"","default_per_year_text":"","vat_text":"","subscribe_button_text":"","subscribe_button_link":""},"advisory_panel":null,"article_list_fields":null,"subscription_tab_main_heading":"","subscription_tabs":null,"accordion_for_page":null,"embed_code":"","table_structure":null,"column_two_text":""},{"choose_component":"generic","hide":"","logged_in":"","logged_out":"","grey_background":"","background_color":"","background_image":null,"title_text_color":"","title":"","text":"<h3>A BMJ Best Practice foi desenvolvida para uso no ponto de atendimento, e todas as decis\u00f5es sobre seu conte\u00fado foram tomadas com isso em mente<\/h3>","image":null,"qr_image":null,"circular_image":null,"button_text":"","button_url":"","button2_text":"","button2_url":"","video_embed":"","quote":"","quote_author":"","author_job_title":"","feature_iconsimages":null,"bullets":"none","bullet_text":null,"expiration_date":null,"review_type":"normal","reviews":null,"feature_image_cards":null,"feature_icon_cards":null,"podcast_date":null,"podcast_title":"","podcast_text":"","podcast_embed_script":"","campaign_advert_link":"","monthly":{"show_monthly_tab":false,"strikethrough_price":"","price_text":"","per_month_text":"","vat_text":"","subscribe_button_text":"","subscribe_button_link":""},"annual":{"show_annual_tab":false,"packages":null,"default_price":"","default_strikethrough_price":"","default_per_year_text":"","vat_text":"","subscribe_button_text":"","subscribe_button_link":""},"advisory_panel":null,"article_list_fields":null,"subscription_tab_main_heading":"","subscription_tabs":null,"accordion_for_page":null,"embed_code":"","table_structure":null,"column_two_text":""},{"choose_component":"bulletList","hide":"","logged_in":"","logged_out":"","grey_background":[],"background_color":"","background_image":null,"title_text_color":"","title":"","text":"","image":null,"qr_image":null,"circular_image":null,"button_text":"","button_url":"","button2_text":"","button2_url":"","video_embed":"","quote":"","quote_author":"","author_job_title":"","feature_iconsimages":null,"bullets":"icon","bullet_text":[{"text_data":"<strong>T\u00f3picos de avalia\u00e7\u00e3os:<\/strong> quest\u00f5es de apoio sobre sinais espec\u00edficos, sintomas ou resultados de testes anormais possibilitam que voc\u00ea reduza extensas listas de poss\u00edveis causas, resultado em uma lista curta e gerenci\u00e1vel de diagn\u00f3sticos apropriados em poucos segundos. Veja um exemplo gr\u00e1tis de t\u00f3pico: <a href=\"https:\/\/bestpractice.bmj.com\/topics\/pt-br\/69\">Chronic cough (Assessment of)<\/a>","bullet_icon_url":"https:\/\/bestpractice.bmj.com\/info\/wp-content\/uploads\/Small-icon-Assessment.png"},{"text_data":"<strong>T\u00f3picos de condi\u00e7\u00f5es<\/strong>- \u00a0oferece uma vis\u00e3o geral da teoria e dos aspectos cl\u00ednicos, como preven\u00e7\u00e3o, diagn\u00f3stico, tratamento e acompanhamento, dando a voc\u00ea as informa\u00e7\u00f5es mais completas a respeito de uma doen\u00e7a espec\u00edfica. Veja um exemplo gr\u00e1tis de t\u00f3pico: <a title=\"Pneumonia adquirida na comunidade\" href=\"https:\/\/bestpractice.bmj.com\/topics\/en-gb\/3000108\" target=\"_blank\" rel=\"noopener\">https:\/\/bestpractice.bmj.com\/topics\/en-gb\/3000108<\/a>\r\n\r\n&nbsp;","bullet_icon_url":"https:\/\/bestpractice.bmj.com\/info\/wp-content\/uploads\/Small-icon-Condition-topics.png"},{"text_data":"<strong>Diretrizes de diagn\u00f3stico e tratamento- <\/strong>proporcionam um contraponto essencial ao excesso de informa\u00e7\u00f5es, assim voc\u00ea consegue separar sem sombra de d\u00favida evid\u00eancias e opini\u00f5es e quantificar a diferen\u00e7a em resultados, incluindo benef\u00edcios e preju\u00edzos. As diretrizes da Best Practice s\u00e3o baseadas em evid\u00eancias com cobertura internacional. Est\u00e3o agrupadas por regi\u00e3o geogr\u00e1fica, hist\u00f3ricos de pacientes de casos t\u00edpicos e uma lista completa de refer\u00eancias.","bullet_icon_url":"https:\/\/bestpractice.bmj.com\/info\/wp-content\/uploads\/51px-pink-icon-Dx-1.png"},{"text_data":"<strong>T\u00f3picos gerais<\/strong>\u00a0 incluem links para doen\u00e7as relevantes para oferecer um resumo sobree um grupo de doen\u00e7as, como s\u00edndrome coronariana aguda. Tamb\u00e9m funciona como ponto central de navega\u00e7\u00e3o com links para doen\u00e7as associadas ou monografias de avalia\u00e7\u00e3o. Veja um exemplo gr\u00e1tis de t\u00f3pico: <a href=\"https:\/\/bestpractice.bmj.com\/topics\/pt-br\/3000165\">Vis\u00e3o geral da Covid.<\/a>","bullet_icon_url":"https:\/\/bestpractice.bmj.com\/info\/wp-content\/uploads\/Small-icon-Overview-topics.png"},{"text_data":"<strong>Agora o Cochrane Clinical Answers<\/strong> est\u00e1 vinculado \u00e0 Best Practice para dar aos profissionais de sa\u00fade confian\u00e7a para tomar as melhores decis\u00f5es em parceria com pacientes, mesmo em \u00e1reas de incerteza cl\u00ednica. As evid\u00eancias s\u00e3o exibidas em um formato simples de pergunta e resposta que mistura narrativa, n\u00fameros e gr\u00e1ficos, al\u00e9m de dados chave, incluindo popula\u00e7\u00e3o, interven\u00e7\u00e3o, compara\u00e7\u00e3o, resultado e resumos GRADE.","bullet_icon_url":"https:\/\/bestpractice.bmj.com\/info\/wp-content\/uploads\/Small-icon-CCAs.png"},{"text_data":"<strong>Mais de 250 calculadoras m\u00e9dicas<\/strong> foram adicionadas \u00e0 BMJ Best Practice para apoiar melhor os m\u00e9dicos no ponto de atendimento. As calculadores m\u00e9dicas est\u00e3o entre as ferramentas mais populares usadas por profissionais da \u00e1rea da sa\u00fade no dia a dia, ajudando a identificar e diagnosticar diversas doen\u00e7as.","bullet_icon_url":"https:\/\/bestpractice.bmj.com\/info\/wp-content\/uploads\/Small-icon-Calculators.png"},{"text_data":"<strong>V\u00eddeos de procedimentos<\/strong> \u2013 inclu\u00eddos em 2017, os v\u00eddeos de procedimentos cobrem t\u00e9cnicas cl\u00ednicas essenciais, como ventila\u00e7\u00e3o com bal\u00e3o e m\u00e1scara, pun\u00e7\u00e3o espinha e realiza\u00e7\u00e3o de ECG. Uma lista de equipamentos, contraindica\u00e7\u00f5es, complica\u00e7\u00f5es e cuidados posteriores tamb\u00e9m est\u00e1 inclu\u00edda.","bullet_icon_url":"https:\/\/bestpractice.bmj.com\/info\/wp-content\/uploads\/Small-icon-Videos-1.png"},{"text_data":"<strong>Atualiza\u00e7\u00f5es importantes<\/strong> foram introduzidas como resultado direto do feedback de usu\u00e1rios e clientes. Esses alertas visuais dentro dos t\u00f3picos d\u00e3o aos usu\u00e1rios a garantia de que t\u00eam as informa\u00e7\u00f5es mais atuais, com pontos chave resumidos, para que possam visualizar exatamente o que mudou sem ter que analisar v\u00e1rias p\u00e1ginas de diretrizes.","bullet_icon_url":"https:\/\/bestpractice.bmj.com\/info\/wp-content\/uploads\/Small-icon-Important-updates.png"},{"text_data":"<strong>Mais de 500 panfletos informativos para pacientes<\/strong> est\u00e3o dispon\u00edveis. Esses panfletos fornecem resumos concisos e simplificados para dar mais confian\u00e7a aos pacientes e cuidadores e ajud\u00e1-los a tomar decis\u00f5es informadas juntamente com os profissionais de sa\u00fade.","bullet_icon_url":"https:\/\/bestpractice.bmj.com\/info\/wp-content\/uploads\/Small-icon-Patient-leaflets.png"},{"text_data":"<strong>Tradu\u00e7\u00e3o \u2013<\/strong> t\u00f3picos selecionados da BMJ Best Practice tamb\u00e9m est\u00e3o dispon\u00edveis em ingl\u00eas, mandarim e espanhol.","bullet_icon_url":"https:\/\/bestpractice.bmj.com\/info\/wp-content\/uploads\/Small-icon-Language-searching.png"},{"text_data":"<strong>O Evidence Based Medicine (EBM) Toolkit<\/strong> dispon\u00edvel na Best Practice permite que os usu\u00e1rios aprendam a avaliar o quanto \u00e9 poss\u00edvel confiar em resultados de estudos e o quanto resultados de estudos cl\u00ednicos podem ser generalizados na pr\u00e1tica cl\u00ednica do dia a dia. O EBM Toolkit inclui contribui\u00e7\u00f5es de alguns dos pensadores mais proeminentes da medicina baseada em evid\u00eancias e promove a tomada de decis\u00f5es em conjunto entre cl\u00ednicos e pacientes.","bullet_icon_url":"https:\/\/bestpractice.bmj.com\/info\/wp-content\/uploads\/Small-icon-EBM.png"}],"expiration_date":null,"review_type":"normal","reviews":null,"feature_image_cards":null,"feature_icon_cards":null,"podcast_date":null,"podcast_title":"","podcast_text":"","podcast_embed_script":"","campaign_advert_link":"","monthly":{"show_monthly_tab":false,"strikethrough_price":"","price_text":"","per_month_text":"","vat_text":"","subscribe_button_text":"","subscribe_button_link":""},"annual":{"show_annual_tab":false,"packages":null,"default_price":"","default_strikethrough_price":"","default_per_year_text":"","vat_text":"","subscribe_button_text":"","subscribe_button_link":""},"advisory_panel":null,"article_list_fields":null,"subscription_tab_main_heading":"","subscription_tabs":null,"accordion_for_page":null,"embed_code":"","table_structure":null,"column_two_text":""},{"choose_component":"standaloneQuote","hide":"","logged_in":"","logged_out":"","grey_background":"","background_color":"","background_image":null,"title_text_color":"","title":"","text":"","image":null,"qr_image":null,"circular_image":null,"button_text":"","button_url":"","button2_text":"","button2_url":"","video_embed":"","quote":"O BMJ Best Practice formou uma parte importante do meu aprendizado cl\u00ednico na gradua\u00e7\u00e3o, especialmente quando me aproximo dos exames m\u00e9dicos finais.","quote_author":"Estudante do \u00faltimo ano de medicina e tutor de aprendizagem assistida por colegas, Salford Royal Foundation Trust e The University of Manchester","author_job_title":"","feature_iconsimages":null,"bullets":"none","bullet_text":null,"expiration_date":null,"review_type":"normal","reviews":null,"feature_image_cards":null,"feature_icon_cards":null,"podcast_date":null,"podcast_title":"","podcast_text":"","podcast_embed_script":"","campaign_advert_link":"","monthly":{"show_monthly_tab":false,"strikethrough_price":"","price_text":"","per_month_text":"","vat_text":"","subscribe_button_text":"","subscribe_button_link":""},"annual":{"show_annual_tab":false,"packages":null,"default_price":"","default_strikethrough_price":"","default_per_year_text":"","vat_text":"","subscribe_button_text":"","subscribe_button_link":""},"advisory_panel":null,"article_list_fields":null,"subscription_tab_main_heading":"","subscription_tabs":null,"accordion_for_page":null,"embed_code":"","table_structure":null,"column_two_text":""},{"choose_component":"standaloneCtaicon","hide":"","logged_in":"","logged_out":["yes"],"grey_background":[],"background_color":"","background_image":null,"title_text_color":"","title":"Teste BMJ Best Practice hoje","text":"Registre-se para obter uma avalia\u00e7\u00e3o ou demonstra\u00e7\u00e3o gratuita do BMJ Best Practice.","image":null,"qr_image":null,"circular_image":null,"button_text":"Saiba mais","button_url":"https:\/\/bestpractice.bmj.com\/info\/subscribe\/free-trial\/","button2_text":"","button2_url":"","video_embed":"","quote":"","quote_author":"","author_job_title":"","feature_iconsimages":null,"bullets":"none","bullet_text":null,"expiration_date":null,"review_type":"normal","reviews":null,"feature_image_cards":null,"feature_icon_cards":null,"podcast_date":null,"podcast_title":"","podcast_text":"","podcast_embed_script":"","campaign_advert_link":"","monthly":{"show_monthly_tab":false,"strikethrough_price":"","price_text":"","per_month_text":"","vat_text":"","subscribe_button_text":"","subscribe_button_link":""},"annual":{"show_annual_tab":false,"packages":null,"default_price":"","default_strikethrough_price":"","default_per_year_text":"","vat_text":"","subscribe_button_text":"","subscribe_button_link":""},"advisory_panel":null,"article_list_fields":null,"subscription_tab_main_heading":"","subscription_tabs":null,"accordion_for_page":null,"embed_code":"","table_structure":null,"column_two_text":""}],"sticky_cta_text":"","sticky_cta_link":"","display_content_search":false,"seo_schema":""},"aioseo_notices":[],"_links":{"self":[{"href":"https:\/\/bestpractice.bmj.com\/info\/pt\/wp-json\/wp\/v2\/pages\/13435","targetHints":{"allow":["GET"]}}],"collection":[{"href":"https:\/\/bestpractice.bmj.com\/info\/pt\/wp-json\/wp\/v2\/pages"}],"about":[{"href":"https:\/\/bestpractice.bmj.com\/info\/pt\/wp-json\/wp\/v2\/types\/page"}],"author":[{"embeddable":true,"href":"https:\/\/bestpractice.bmj.com\/info\/pt\/wp-json\/wp\/v2\/users\/31"}],"replies":[{"embeddable":true,"href":"https:\/\/bestpractice.bmj.com\/info\/pt\/wp-json\/wp\/v2\/comments?post=13435"}],"version-history":[{"count":0,"href":"https:\/\/bestpractice.bmj.com\/info\/pt\/wp-json\/wp\/v2\/pages\/13435\/revisions"}],"wp:attachment":[{"href":"https:\/\/bestpractice.bmj.com\/info\/pt\/wp-json\/wp\/v2\/media?parent=13435"}],"curies":[{"name":"wp","href":"https:\/\/api.w.org\/{rel}","templated":true}]}}