{"id":13419,"date":"2023-10-03T06:20:32","date_gmt":"2023-10-03T05:20:32","guid":{"rendered":"https:\/\/bestpractice.bmj.com\/info\/?page_id=13419"},"modified":"2023-10-18T17:36:55","modified_gmt":"2023-10-18T16:36:55","slug":"clinicians","status":"publish","type":"page","link":"https:\/\/bestpractice.bmj.com\/info\/pt\/clinicians\/","title":{"rendered":"Clinicians"},"content":{"rendered":"","protected":false},"excerpt":{"rendered":"","protected":false},"author":31,"featured_media":0,"parent":0,"menu_order":0,"comment_status":"closed","ping_status":"closed","template":"marketing_new.php","meta":{"_acf_changed":false,"footnotes":""},"class_list":["post-13419","page","type-page","status-publish","hentry"],"acf":{"components":[{"choose_component":"marketingImage","hide":"","logged_in":"","logged_out":"","grey_background":[],"background_color":"","background_image":null,"title_text_color":"","title":"Com a nossa ajuda, fica f\u00e1cil para voc\u00ea, como cl\u00ednico, verificar se est\u00e1 implementando as melhores pr\u00e1ticas","text":"","image":[{"image_field":10837}],"qr_image":null,"circular_image":null,"button_text":"","button_url":"","button2_text":"","button2_url":"","video_embed":"","quote":"","quote_author":"","author_job_title":"","feature_iconsimages":null,"bullets":"none","bullet_text":null,"expiration_date":null,"review_type":"normal","reviews":null,"feature_image_cards":null,"feature_icon_cards":null,"podcast_date":null,"podcast_title":"","podcast_text":"","podcast_embed_script":"","campaign_advert_link":"","monthly":{"show_monthly_tab":false,"strikethrough_price":"","price_text":"","per_month_text":"","vat_text":"","subscribe_button_text":"","subscribe_button_link":""},"annual":{"show_annual_tab":false,"packages":null,"default_price":"","default_strikethrough_price":"","default_per_year_text":"","vat_text":"","subscribe_button_text":"","subscribe_button_link":""},"advisory_panel":null,"article_list_fields":null,"subscription_tab_main_heading":"","subscription_tabs":null,"accordion_for_page":null,"embed_code":""},{"choose_component":"genericQuote","hide":"","logged_in":"","logged_out":"","grey_background":"","background_color":"","background_image":null,"title_text_color":"","title":"","text":"<h1>A BMJ Best Practice leva voc\u00ea de forma r\u00e1pida e precisa \u00e0s \u00faltimas informa\u00e7\u00f5es baseadas em evid\u00eancias.<\/h1>\r\n<h3>Estruturada com base no fluxo de trabalho cl\u00ednico e atualizada diariamente, a BMJ Best Practice usa as pesquisas baseadas em evid\u00eancias, diretrizes e opini\u00f5es de especialistas mais atuais para oferecer um guia passo a passo de diagn\u00f3stico, progn\u00f3stico e preven\u00e7\u00e3o.<\/h3>\r\n<ul>\r\n \t<li>Nossa orienta\u00e7\u00e3o \u00e9 estruturada de forma \u00fanica, com foco na consulta com o paciente, incluindo conselhos sobre avalia\u00e7\u00e3o de sintomas, pedidos de exames e abordagem de tratamento.<\/li>\r\n \t<li>Tenha confian\u00e7a em suas decis\u00f5es cl\u00ednicas. A BMJ Best Practice busca pesquisas e diretrizes todos os dias, usando uma metodologia robusta e opini\u00f5es de especialistas para se concentrar nas evid\u00eancias que importam<\/li>\r\n \t<li>Facilite a tomada de decis\u00f5es dos pacientes com nossos panfletos explicativos baseados em evid\u00eancias para pacientes<\/li>\r\n \t<li>Fique por dentro das \u00faltimas novidades e assegure seu desenvolvimento profissional cont\u00ednuo, com acompanhamento autom\u00e1tico de CME\/CPD para fins de comprova\u00e7\u00e3o de revalida\u00e7\u00e3o e avalia\u00e7\u00e3o<\/li>\r\n \t<li>Acesse a BMJ Best Practice de qualquer lugar, mesmo offline, com nosso aplicativo premiado.Porque somos a sua melhor op\u00e7\u00e3o de apoio \u00e0s decis\u00f5es cl\u00ednicas<\/li>\r\n<\/ul>","image":null,"qr_image":null,"circular_image":null,"button_text":"","button_url":"","button2_text":"","button2_url":"","video_embed":"","quote":"Eu o considero extremamente \u00fatil e o tenho recomendado a todos os meus colegas da cl\u00ednica m\u00e9dica, que agora o utilizam regularmente.\r\n\r\n&nbsp;\r\n\r\n&nbsp;\r\n\r\n&nbsp;\r\n\r\n&nbsp;\r\n\r\n&nbsp;\r\n\r\n&nbsp;\r\n\r\n&nbsp;\r\n\r\n&nbsp;\r\n\r\n&nbsp;","quote_author":"Consultant, Family Medicine WSI Diabetes","author_job_title":"Ministry of National Guard Health Affairs, Riyadh, Saudi Arabia","feature_iconsimages":null,"bullets":"none","bullet_text":null,"expiration_date":null,"review_type":"normal","reviews":null,"feature_image_cards":null,"feature_icon_cards":null,"podcast_date":null,"podcast_title":"","podcast_text":"","podcast_embed_script":"","campaign_advert_link":"","monthly":{"show_monthly_tab":false,"strikethrough_price":"","price_text":"","per_month_text":"","vat_text":"","subscribe_button_text":"","subscribe_button_link":""},"annual":{"show_annual_tab":false,"packages":null,"default_price":"","default_strikethrough_price":"","default_per_year_text":"","vat_text":"","subscribe_button_text":"","subscribe_button_link":""},"advisory_panel":null,"article_list_fields":null,"subscription_tab_main_heading":"","subscription_tabs":null,"accordion_for_page":null,"embed_code":""},{"choose_component":"marketingIconcards","hide":"","logged_in":"","logged_out":"","grey_background":"","background_color":"","background_image":null,"title_text_color":"","title":"Porque somos a sua melhor op\u00e7\u00e3o de apoio \u00e0s decis\u00f5es cl\u00ednicas","text":"A BMJ Best Practice \u00e9 uma ferramenta de apoio \u00e0 decis\u00e3o cl\u00ednica abrangente e baseada em evid\u00eancias. Ela foi desenvolvida para ajudar os profissionais de sa\u00fade a tomar decis\u00f5es informadas no ponto de atendimento, a qualquer hora, em qualquer lugar.\r\n\r\n\u00c9 f\u00e1cil de usar e ajuda os profissionais de sa\u00fade a se manterem atualizados sobre as pesquisas e diretrizes m\u00e9dicas mais recentes e oferecer cuidados de alta qualidade em diversas condi\u00e7\u00f5es m\u00e9dicas.","image":null,"qr_image":null,"circular_image":null,"button_text":"","button_url":"","button2_text":"","button2_url":"","video_embed":"","quote":"","quote_author":"","author_job_title":"","feature_iconsimages":null,"bullets":"none","bullet_text":null,"expiration_date":null,"review_type":"normal","reviews":null,"feature_image_cards":null,"feature_icon_cards":[{"feature_card_icon":10901,"feature_card_subtitle":"Acesso em qualquer lugar","feature_card_text":"As informa\u00e7\u00f5es certas, quando e onde voc\u00ea precisar delas","feature_card_button_text":"Leia mais","feature_card_button_link":"https:\/\/bestpractice.bmj.com\/info\/pt\/access-anywhere\/"},{"feature_card_icon":10949,"feature_card_subtitle":"Ganhe pontos CME","feature_card_text":"Ganhe cr\u00e9ditos de CPD\/CME enquanto procura respostas para suas perguntas cl\u00ednicas","feature_card_button_text":"Leia mais","feature_card_button_link":"https:\/\/bestpractice.bmj.com\/info\/pt\/earn-cme-cpd-points"},{"feature_card_icon":10989,"feature_card_subtitle":"Evidence-based","feature_card_text":"Atualizado diariamente, o BMJ Best Practice se baseia nas mais recentes pesquisas baseadas em evid\u00eancias","feature_card_button_text":"lea mais","feature_card_button_link":"https:\/\/bestpractice.bmj.com\/info\/pt\/evidence-based\/"},{"feature_card_icon":10933,"feature_card_subtitle":"Conte\u00fado confi\u00e1vel","feature_card_text":"Projetado para uso no ponto de atendimento, com todos os recursos desenvolvidos com nossos usu\u00e1rios","feature_card_button_text":"Leia mais","feature_card_button_link":"https:\/\/bestpractice.bmj.com\/info\/pt\/trusted-content\/"}],"podcast_date":null,"podcast_title":"","podcast_text":"","podcast_embed_script":"","campaign_advert_link":"","monthly":{"show_monthly_tab":false,"strikethrough_price":"","price_text":"","per_month_text":"","vat_text":"","subscribe_button_text":"","subscribe_button_link":""},"annual":{"show_annual_tab":false,"packages":null,"default_price":"","default_strikethrough_price":"","default_per_year_text":"","vat_text":"","subscribe_button_text":"","subscribe_button_link":""},"advisory_panel":null,"article_list_fields":null,"subscription_tab_main_heading":"","subscription_tabs":null,"accordion_for_page":null,"embed_code":""},{"choose_component":"advetorialQuote","hide":"","logged_in":"","logged_out":"","grey_background":"","background_color":"#1f5189","background_image":12617,"title_text_color":"#ffffff","title":"Enfrentando o desafio das comorbidades","text":"<strong>Um em cada tr\u00eas adultos sofre de v\u00e1rias condi\u00e7\u00f5es cr\u00f4nicas, e a maioria dos pacientes agudos tem mais de uma condi\u00e7\u00e3o m\u00e9dica. <\/strong>\r\n\r\nNosso Comorbidities Manager est\u00e1 totalmente integrado \u00e0 BMJ Best Practice, a ferramenta de apoio \u00e0 decis\u00e3o cl\u00ednica que ajuda os profissionais a tratar o paciente como um todo.\r\n\r\nSomos a \u00fanica ferramenta de ponto de atendimento que oferece apoio ao gerenciamento do paciente como um todo, incluindo orienta\u00e7\u00f5es sobre o tratamento da condi\u00e7\u00e3o aguda, juntamente com comorbidades pr\u00e9-existentes.\r\n\r\nAcesse o link abaixo para saber mais.\r\n\r\n&nbsp;","image":null,"qr_image":null,"circular_image":null,"button_text":"Leia mais","button_url":"https:\/\/bestpractice.bmj.com\/info\/pt\/comorbidities_logged-out","button2_text":"","button2_url":"","video_embed":"","quote":"Tratar cada doen\u00e7a em um paciente como se ela existisse de forma isolada leva a menos resultados bons e complica e duplica as intera\u00e7\u00f5es com o sistema de sa\u00fade.","quote_author":"Christopher J M Whitty","author_job_title":"Chief Medical Officer, England","feature_iconsimages":null,"bullets":"none","bullet_text":null,"expiration_date":null,"review_type":"normal","reviews":null,"feature_image_cards":null,"feature_icon_cards":null,"podcast_date":null,"podcast_title":"","podcast_text":"","podcast_embed_script":"","campaign_advert_link":"","monthly":{"show_monthly_tab":false,"strikethrough_price":"","price_text":"","per_month_text":"","vat_text":"","subscribe_button_text":"","subscribe_button_link":""},"annual":{"show_annual_tab":false,"packages":null,"default_price":"","default_strikethrough_price":"","default_per_year_text":"","vat_text":"","subscribe_button_text":"","subscribe_button_link":""},"advisory_panel":null,"article_list_fields":null,"subscription_tab_main_heading":"","subscription_tabs":null,"accordion_for_page":null,"embed_code":""},{"choose_component":"generic","hide":"","logged_in":"","logged_out":["yes"],"grey_background":["yes"],"background_color":"","background_image":null,"title_text_color":"","title":"Op\u00e7\u00f5es de assinatura mensal e anual dispon\u00edveis","text":"","image":null,"qr_image":null,"circular_image":null,"button_text":"Assine hoje","button_url":"https:\/\/bestpractice.bmj.com\/info\/pt\/subscribe\/","button2_text":"","button2_url":"","video_embed":"","quote":"","quote_author":"","author_job_title":"","feature_iconsimages":null,"bullets":"none","bullet_text":null,"expiration_date":null,"review_type":"normal","reviews":null,"feature_image_cards":null,"feature_icon_cards":null,"podcast_date":null,"podcast_title":"","podcast_text":"","podcast_embed_script":"","campaign_advert_link":"","monthly":{"show_monthly_tab":false,"strikethrough_price":"","price_text":"","per_month_text":"","vat_text":"","subscribe_button_text":"","subscribe_button_link":""},"annual":{"show_annual_tab":false,"packages":null,"default_price":"","default_strikethrough_price":"","default_per_year_text":"","vat_text":"","subscribe_button_text":"","subscribe_button_link":""},"advisory_panel":null,"article_list_fields":null,"subscription_tab_main_heading":"","subscription_tabs":null,"accordion_for_page":null,"embed_code":""}],"sticky_cta_text":"Assine hoje","sticky_cta_link":"https:\/\/bestpractice.bmj.com\/info\/pt\/subscribe\/","display_content_search":false,"seo_schema":""},"aioseo_notices":[],"_links":{"self":[{"href":"https:\/\/bestpractice.bmj.com\/info\/pt\/wp-json\/wp\/v2\/pages\/13419","targetHints":{"allow":["GET"]}}],"collection":[{"href":"https:\/\/bestpractice.bmj.com\/info\/pt\/wp-json\/wp\/v2\/pages"}],"about":[{"href":"https:\/\/bestpractice.bmj.com\/info\/pt\/wp-json\/wp\/v2\/types\/page"}],"author":[{"embeddable":true,"href":"https:\/\/bestpractice.bmj.com\/info\/pt\/wp-json\/wp\/v2\/users\/31"}],"replies":[{"embeddable":true,"href":"https:\/\/bestpractice.bmj.com\/info\/pt\/wp-json\/wp\/v2\/comments?post=13419"}],"version-history":[{"count":0,"href":"https:\/\/bestpractice.bmj.com\/info\/pt\/wp-json\/wp\/v2\/pages\/13419\/revisions"}],"wp:attachment":[{"href":"https:\/\/bestpractice.bmj.com\/info\/pt\/wp-json\/wp\/v2\/media?parent=13419"}],"curies":[{"name":"wp","href":"https:\/\/api.w.org\/{rel}","templated":true}]}}