{"id":13399,"date":"2023-10-03T06:24:17","date_gmt":"2023-10-03T05:24:17","guid":{"rendered":"https:\/\/bestpractice.bmj.com\/info\/?page_id=13399"},"modified":"2023-10-04T11:58:27","modified_gmt":"2023-10-04T10:58:27","slug":"nurses","status":"publish","type":"page","link":"https:\/\/bestpractice.bmj.com\/info\/pt\/nurses\/","title":{"rendered":"Nurses"},"content":{"rendered":"","protected":false},"excerpt":{"rendered":"","protected":false},"author":31,"featured_media":0,"parent":0,"menu_order":0,"comment_status":"closed","ping_status":"closed","template":"marketing_new.php","meta":{"_acf_changed":false,"footnotes":""},"class_list":["post-13399","page","type-page","status-publish","hentry"],"acf":{"components":[{"choose_component":"marketingImage","hide":"","logged_in":"","logged_out":"","grey_background":[],"background_color":"","background_image":null,"title_text_color":"","title":"Profissionais de enfermagem: acessem as diretrizes cl\u00ednicas e os panfletos de atendimento ao paciente em um s\u00f3 lugar","text":"","image":[{"image_field":13394}],"qr_image":null,"circular_image":null,"button_text":"","button_url":"","button2_text":"","button2_url":"","video_embed":"","quote":"","quote_author":"","author_job_title":"","feature_iconsimages":null,"bullets":"none","bullet_text":null,"expiration_date":null,"review_type":"normal","reviews":null,"feature_image_cards":null,"feature_icon_cards":null,"podcast_date":null,"podcast_title":"","podcast_text":"","podcast_embed_script":"","campaign_advert_link":"","monthly":{"show_monthly_tab":false,"strikethrough_price":"","price_text":"","per_month_text":"","vat_text":"","subscribe_button_text":"","subscribe_button_link":""},"annual":{"show_annual_tab":false,"packages":null,"default_price":"","default_strikethrough_price":"","default_per_year_text":"","vat_text":"","subscribe_button_text":"","subscribe_button_link":""},"advisory_panel":null,"article_list_fields":null,"subscription_tab_main_heading":"","subscription_tabs":null,"accordion_for_page":null,"embed_code":""},{"choose_component":"genericQuote","hide":"","logged_in":"","logged_out":"","grey_background":"","background_color":"","background_image":null,"title_text_color":"","title":"","text":"<h1>A BMJ Best Practice \u00e9 um dos recursos mais confi\u00e1veis do mundo* para a pr\u00e1tica do dia a dia, usada por equipes de sa\u00fade multiprofissionais no mundo todo.<\/h1>\r\n<h3>A BMJ Best Practice permite que voc\u00ea:<\/h3>\r\n<ul>\r\n \t<li>Pesquise por sintoma detalhado ou t\u00f3pico cl\u00ednico mais amplo<\/li>\r\n \t<li>Compartilhe informa\u00e7\u00f5es e discuta op\u00e7\u00f5es de tratamento com pacientes usando panfletos informativos baseados em evid\u00eancias para pacientes<\/li>\r\n \t<li>Fique por dentro das novidades e continue seu desenvolvimento profissional. Registre suas leituras com o monitoramento autom\u00e1tico de CME\/CPD para embasar revalida\u00e7\u00f5es e avalia\u00e7\u00f5es<\/li>\r\n \t<li>Acesse as orienta\u00e7\u00f5es mais recentes quando e onde voc\u00ea precisar, com acesso online, m\u00f3vel e offline por meio do aplicativo Best Practice.<\/li>\r\n<\/ul>\r\n&nbsp;\r\n\r\n* A Best Practice ficou em primeiro lugar em uma avalia\u00e7\u00e3o independente das ferramentas de apoio \u00e0 decis\u00e3o cl\u00ednica nos quesitos ampla cobertura de doen\u00e7as, qualidade editorial e metodologia baseada em evid\u00eancias. <a href=\"https:\/\/pubmed.ncbi.nlm.nih.gov\/26786976\/\">Leia mais.<\/a>","image":null,"qr_image":null,"circular_image":null,"button_text":"","button_url":"","button2_text":"","button2_url":"","video_embed":"","quote":"Achei o BMJ Best Practice muito f\u00e1cil de usar... \u00c9 a ferramenta perfeita para enfermeiros e m\u00e9dicos no local de atendimento. Links dispon\u00edveis para mais informa\u00e7\u00f5es. Os v\u00eddeos s\u00e3o excelentes.","quote_author":"Jasvinder Khaira","author_job_title":"Enfermeira de habilidades de informa\u00e7\u00e3o, Leste e Norte de Hertfordshire NHS Trust","feature_iconsimages":null,"bullets":"none","bullet_text":null,"expiration_date":null,"review_type":"normal","reviews":null,"feature_image_cards":null,"feature_icon_cards":null,"podcast_date":null,"podcast_title":"","podcast_text":"","podcast_embed_script":"","campaign_advert_link":"","monthly":{"show_monthly_tab":false,"strikethrough_price":"","price_text":"","per_month_text":"","vat_text":"","subscribe_button_text":"","subscribe_button_link":""},"annual":{"show_annual_tab":false,"packages":null,"default_price":"","default_strikethrough_price":"","default_per_year_text":"","vat_text":"","subscribe_button_text":"","subscribe_button_link":""},"advisory_panel":null,"article_list_fields":null,"subscription_tab_main_heading":"","subscription_tabs":null,"accordion_for_page":null,"embed_code":""},{"choose_component":"marketingIconcards","hide":"","logged_in":"","logged_out":"","grey_background":"","background_color":"","background_image":null,"title_text_color":"","title":"Por que somos a melhor op\u00e7\u00e3o para voc\u00ea ter suporte a decis\u00f5es cl\u00ednicas","text":"A BMJ Best Practice \u00e9 uma ferramenta de apoio \u00e0 decis\u00e3o cl\u00ednica abrangente e baseada em evid\u00eancias. Ela foi desenvolvida para ajudar os profissionais de sa\u00fade a tomar decis\u00f5es informadas no ponto de atendimento, a qualquer hora, em qualquer lugar.\r\n\r\n\u00c9 f\u00e1cil de usar e ajuda os profissionais de sa\u00fade a se manterem atualizados sobre as pesquisas e diretrizes m\u00e9dicas mais recentes e oferecer cuidados de alta qualidade em diversas condi\u00e7\u00f5es m\u00e9dicas.","image":null,"qr_image":null,"circular_image":null,"button_text":"","button_url":"","button2_text":"","button2_url":"","video_embed":"","quote":"","quote_author":"","author_job_title":"","feature_iconsimages":null,"bullets":"none","bullet_text":null,"expiration_date":null,"review_type":"normal","reviews":null,"feature_image_cards":null,"feature_icon_cards":[{"feature_card_icon":10901,"feature_card_subtitle":"Acesso em qualquer lugar","feature_card_text":"As informa\u00e7\u00f5es certas, quando e onde voc\u00ea precisar delas","feature_card_button_text":"Leia mais","feature_card_button_link":"https:\/\/bestpractice.bmj.com\/info\/pt\/access-anywhere\/"},{"feature_card_icon":10949,"feature_card_subtitle":"Ganhe pontos CME","feature_card_text":"Ganhe cr\u00e9ditos de CPD\/CME enquanto procura respostas para suas perguntas cl\u00ednicas","feature_card_button_text":"Leia mais","feature_card_button_link":"https:\/\/bestpractice.bmj.com\/info\/pt\/earn-cme-cpd-points"},{"feature_card_icon":10989,"feature_card_subtitle":"Baseado em evid\u00eancias","feature_card_text":"Atualizado diariamente, o BMJ Best Practice se baseia nas mais recentes pesquisas baseadas em evid\u00eancias","feature_card_button_text":"Leia mais","feature_card_button_link":"https:\/\/bestpractice.bmj.com\/info\/pt\/evidence-based\/"},{"feature_card_icon":10933,"feature_card_subtitle":"Conte\u00fado confi\u00e1vel","feature_card_text":"Projetado para uso no ponto de atendimento, com todos os recursos desenvolvidos com nossos usu\u00e1rios","feature_card_button_text":"Leia mais","feature_card_button_link":"https:\/\/bestpractice.bmj.com\/info\/pt\/trusted-content\/"}],"podcast_date":null,"podcast_title":"","podcast_text":"","podcast_embed_script":"","campaign_advert_link":"","monthly":{"show_monthly_tab":false,"strikethrough_price":"","price_text":"","per_month_text":"","vat_text":"","subscribe_button_text":"","subscribe_button_link":""},"annual":{"show_annual_tab":false,"packages":null,"default_price":"","default_strikethrough_price":"","default_per_year_text":"","vat_text":"","subscribe_button_text":"","subscribe_button_link":""},"advisory_panel":null,"article_list_fields":null,"subscription_tab_main_heading":"","subscription_tabs":null,"accordion_for_page":null,"embed_code":""},{"choose_component":"advetorialQuote","hide":"","logged_in":"","logged_out":"","grey_background":"","background_color":"#1f5189","background_image":12617,"title_text_color":"#ffffff","title":"Enfrentando o desafio das comorbidades","text":"<strong>Um em cada tr\u00eas adultos sofre de v\u00e1rias condi\u00e7\u00f5es cr\u00f4nicas, e a maioria dos pacientes agudos tem mais de uma condi\u00e7\u00e3o m\u00e9dica.\u00a0 <\/strong>\r\n\r\nNosso Comorbidities Manager est\u00e1 totalmente integrado \u00e0 BMJ Best Practice, a ferramenta de apoio \u00e0 decis\u00e3o cl\u00ednica que ajuda os profissionais a tratar o paciente como um todo.\r\n\r\nSomos a \u00fanica ferramenta de ponto de atendimento que oferece apoio ao gerenciamento do paciente como um todo, incluindo orienta\u00e7\u00f5es sobre o tratamento da condi\u00e7\u00e3o aguda, juntamente com comorbidades pr\u00e9-existentes.","image":null,"qr_image":null,"circular_image":null,"button_text":"Leia mais","button_url":"https:\/\/bestpractice.bmj.com\/info\/comorbidities_logged-out","button2_text":"","button2_url":"","video_embed":"","quote":"Tratar cada doen\u00e7a em um paciente como se ela existisse de forma isolada leva a menos resultados bons e complica e duplica as intera\u00e7\u00f5es com o sistema de sa\u00fade.","quote_author":"Christopher J M Whitty","author_job_title":"Diretor M\u00e9dico, Inglaterra Op\u00e7\u00f5es de assinatura mensal e anual dispon\u00edveis","feature_iconsimages":null,"bullets":"none","bullet_text":null,"expiration_date":null,"review_type":"normal","reviews":null,"feature_image_cards":null,"feature_icon_cards":null,"podcast_date":null,"podcast_title":"","podcast_text":"","podcast_embed_script":"","campaign_advert_link":"","monthly":{"show_monthly_tab":false,"strikethrough_price":"","price_text":"","per_month_text":"","vat_text":"","subscribe_button_text":"","subscribe_button_link":""},"annual":{"show_annual_tab":false,"packages":null,"default_price":"","default_strikethrough_price":"","default_per_year_text":"","vat_text":"","subscribe_button_text":"","subscribe_button_link":""},"advisory_panel":null,"article_list_fields":null,"subscription_tab_main_heading":"","subscription_tabs":null,"accordion_for_page":null,"embed_code":""},{"choose_component":"generic","hide":"","logged_in":"","logged_out":["yes"],"grey_background":["yes"],"background_color":"","background_image":null,"title_text_color":"","title":"Op\u00e7\u00f5es de assinatura mensal e anual dispon\u00edveis","text":"","image":null,"qr_image":null,"circular_image":null,"button_text":"Assine Hoje","button_url":"https:\/\/bestpractice.bmj.com\/info\/pt\/subscribe\/","button2_text":"","button2_url":"","video_embed":"","quote":"","quote_author":"","author_job_title":"","feature_iconsimages":null,"bullets":"none","bullet_text":null,"expiration_date":null,"review_type":"normal","reviews":null,"feature_image_cards":null,"feature_icon_cards":null,"podcast_date":null,"podcast_title":"","podcast_text":"","podcast_embed_script":"","campaign_advert_link":"","monthly":{"show_monthly_tab":false,"strikethrough_price":"","price_text":"","per_month_text":"","vat_text":"","subscribe_button_text":"","subscribe_button_link":""},"annual":{"show_annual_tab":false,"packages":null,"default_price":"","default_strikethrough_price":"","default_per_year_text":"","vat_text":"","subscribe_button_text":"","subscribe_button_link":""},"advisory_panel":null,"article_list_fields":null,"subscription_tab_main_heading":"","subscription_tabs":null,"accordion_for_page":null,"embed_code":""}],"sticky_cta_text":"Assine Hoje","sticky_cta_link":"https:\/\/bestpractice.bmj.com\/info\/pt\/subscribe\/","display_content_search":false,"seo_schema":""},"aioseo_notices":[],"_links":{"self":[{"href":"https:\/\/bestpractice.bmj.com\/info\/pt\/wp-json\/wp\/v2\/pages\/13399","targetHints":{"allow":["GET"]}}],"collection":[{"href":"https:\/\/bestpractice.bmj.com\/info\/pt\/wp-json\/wp\/v2\/pages"}],"about":[{"href":"https:\/\/bestpractice.bmj.com\/info\/pt\/wp-json\/wp\/v2\/types\/page"}],"author":[{"embeddable":true,"href":"https:\/\/bestpractice.bmj.com\/info\/pt\/wp-json\/wp\/v2\/users\/31"}],"replies":[{"embeddable":true,"href":"https:\/\/bestpractice.bmj.com\/info\/pt\/wp-json\/wp\/v2\/comments?post=13399"}],"version-history":[{"count":0,"href":"https:\/\/bestpractice.bmj.com\/info\/pt\/wp-json\/wp\/v2\/pages\/13399\/revisions"}],"wp:attachment":[{"href":"https:\/\/bestpractice.bmj.com\/info\/pt\/wp-json\/wp\/v2\/media?parent=13399"}],"curies":[{"name":"wp","href":"https:\/\/api.w.org\/{rel}","templated":true}]}}