{"id":13386,"date":"2023-10-03T06:07:30","date_gmt":"2023-10-03T05:07:30","guid":{"rendered":"https:\/\/bestpractice.bmj.com\/info\/?page_id=13386"},"modified":"2023-10-24T23:35:27","modified_gmt":"2023-10-24T22:35:27","slug":"global_impact","status":"publish","type":"page","link":"https:\/\/bestpractice.bmj.com\/info\/pt\/global_impact\/","title":{"rendered":"Global Impact"},"content":{"rendered":"","protected":false},"excerpt":{"rendered":"","protected":false},"author":46,"featured_media":0,"parent":0,"menu_order":0,"comment_status":"closed","ping_status":"closed","template":"marketing_new.php","meta":{"_acf_changed":false,"footnotes":""},"class_list":["post-13386","page","type-page","status-publish","hentry"],"acf":{"components":[{"choose_component":"marketingImage","hide":"","logged_in":"","logged_out":"","grey_background":"","background_color":"","background_image":"","title_text_color":"","title":" O impacto global e a influ\u00eancia da BMJ Best Practice revelados por estudos independentes","text":"","image":[{"image_field":12605}],"qr_image":null,"circular_image":"","button_text":"","button_url":"","button2_text":"","button2_url":"","video_embed":"","quote":"","quote_author":"","author_job_title":"","feature_iconsimages":null,"bullets":"none","bullet_text":null,"expiration_date":null,"review_type":"normal","reviews":null,"feature_image_cards":null,"feature_icon_cards":null,"podcast_date":null,"podcast_title":"","podcast_text":"","podcast_embed_script":"","campaign_advert_link":"","monthly":{"show_monthly_tab":false,"strikethrough_price":"","price_text":"","per_month_text":"","vat_text":"","subscribe_button_text":"","subscribe_button_link":""},"annual":{"show_annual_tab":false,"packages":null,"default_price":"","default_strikethrough_price":"","default_per_year_text":"","vat_text":"","subscribe_button_text":"","subscribe_button_link":""},"advisory_panel":null,"article_list_fields":null,"subscription_tab_main_heading":"","subscription_tabs":null,"accordion_for_page":null,"embed_code":""},{"choose_component":"generic","hide":"","logged_in":"","logged_out":"","grey_background":"","background_color":"","background_image":"","title_text_color":"","title":"","text":"O impacto global e a influ\u00eancia da BMJ Best Practice revelados por estudos independentes\r\n\r\nA BMJ Best Practice \u00e9 uma ferramenta de apoio \u00e0 decis\u00e3o cl\u00ednica baseada em evid\u00eancias que fornece aos profissionais de sa\u00fade informa\u00e7\u00f5es continuamente atualizadas e confi\u00e1veis sobre o diagn\u00f3stico, tratamento e gerenciamento de condi\u00e7\u00f5es m\u00e9dicas. A ferramenta foi projetada para melhorar a qualidade dos cuidados e os resultados dos pacientes, fornecendo aos profissionais acesso f\u00e1cil \u00e0s informa\u00e7\u00f5es m\u00e9dicas mais recentes.\r\n\r\nO impacto da BMJ Best Practice pode ser visto em sua ampla ado\u00e7\u00e3o por profissionais de sa\u00fade no mundo todo. A ferramenta \u00e9 usada por profissionais de sa\u00fade em mais de 100 pa\u00edses e demonstrou melhorar a qualidade dos cuidados e os resultados dos pacientes em v\u00e1rios estudos.\r\n\r\nDe acordo com <a href=\"https:\/\/bestpractice.bmj.com\/info\/bmj-best-pr\">pesquisas realizadas pela BMJ<\/a>, a satisfa\u00e7\u00e3o do usu\u00e1rio com a BMJ Best Practice \u00e9 alta.\r\n\r\nEspecificamente, 92% dos entrevistados classificaram a ferramenta como \"boa\" ou \"excelente\". Al\u00e9m disso, a pesquisa descobriu que<strong> 77%<\/strong> dos profissionais de sa\u00fade disseram que as orienta\u00e7\u00f5es do Comorbidities Manager da BMJ Best Practice mudaram o atendimento prestado aos pacientes, e <strong>97%<\/strong> dos profissionais de sa\u00fade disseram que considerariam usar o Comorbidities Manager da BMJ Best Practice para melhorar o atendimento prestado no futuro. <strong>90%<\/strong> dos entrevistados disseram que recomendariam aos colegas.","image":null,"qr_image":null,"circular_image":"","button_text":"","button_url":"","button2_text":"","button2_url":"","video_embed":"","quote":"","quote_author":"","author_job_title":"","feature_iconsimages":null,"bullets":"none","bullet_text":null,"expiration_date":null,"review_type":"normal","reviews":null,"feature_image_cards":null,"feature_icon_cards":null,"podcast_date":null,"podcast_title":"","podcast_text":"","podcast_embed_script":"","campaign_advert_link":"","monthly":{"show_monthly_tab":false,"strikethrough_price":"","price_text":"","per_month_text":"","vat_text":"","subscribe_button_text":"","subscribe_button_link":""},"annual":{"show_annual_tab":false,"packages":null,"default_price":"","default_strikethrough_price":"","default_per_year_text":"","vat_text":"","subscribe_button_text":"","subscribe_button_link":""},"advisory_panel":null,"article_list_fields":null,"subscription_tab_main_heading":"","subscription_tabs":null,"accordion_for_page":null,"embed_code":""},{"choose_component":"generic","hide":["yes"],"logged_in":"","logged_out":"","grey_background":"","background_color":"","background_image":"","title_text_color":"","title":"","text":"<h3>A BMJ Best Practice tamb\u00e9m j\u00e1 foi o objeto de in\u00fameros estudos na literatura m\u00e9dica. Aqui est\u00e3o alguns exemplos de estudos que usaram a BMJ Best Practice:<\/h3>\r\n<h3>1. Um projeto de melhoria da qualidade publicado no Cureus detalhou como um caminho de gerenciamento para fraturas de costelas foi implementado em um pequeno hospital distrital com a ajuda da BMJ Best Practice. O estudo ent\u00e3o avalia o impacto do caminho.<\/h3>\r\n<span style=\"font-size: 14px; font-family: Arial;\">Justin Collis, Barnaby Farquharson, Shirley Chan, Richard Dickson-Lowe https:\/\/assets.cureus.com\/uploads\/original_article\/pdf\/115328\/20230511-23426-hpdzod.pdf<\/span>\r\n\r\n&nbsp;","image":null,"qr_image":null,"circular_image":"","button_text":"","button_url":"","button2_text":"","button2_url":"","video_embed":"","quote":"","quote_author":"","author_job_title":"","feature_iconsimages":null,"bullets":"none","bullet_text":null,"expiration_date":null,"review_type":"normal","reviews":null,"feature_image_cards":null,"feature_icon_cards":null,"podcast_date":null,"podcast_title":"","podcast_text":"","podcast_embed_script":"","campaign_advert_link":"","monthly":{"show_monthly_tab":false,"strikethrough_price":"","price_text":"","per_month_text":"","vat_text":"","subscribe_button_text":"","subscribe_button_link":""},"annual":{"show_annual_tab":false,"packages":null,"default_price":"","default_strikethrough_price":"","default_per_year_text":"","vat_text":"","subscribe_button_text":"","subscribe_button_link":""},"advisory_panel":null,"article_list_fields":null,"subscription_tab_main_heading":"","subscription_tabs":null,"accordion_for_page":null,"embed_code":""},{"choose_component":"generic","hide":["yes"],"logged_in":"","logged_out":"","grey_background":"","background_color":"","background_image":"","title_text_color":"","title":"","text":"<h2>Estes s\u00e3o apenas alguns exemplos dos muitos estudos que usaram ou avaliaram a BMJ Best Practice. As evid\u00eancias mostram que a BMJ Best Practice \u00e9 eficaz na melhoria da tomada de decis\u00f5es cl\u00ednicas, na redu\u00e7\u00e3o de erros e na melhoria dos resultados dos pacientes.<\/h2>","image":null,"qr_image":null,"circular_image":"","button_text":"","button_url":"","button2_text":"","button2_url":"","video_embed":"","quote":"","quote_author":"","author_job_title":"","feature_iconsimages":null,"bullets":"none","bullet_text":null,"expiration_date":null,"review_type":"normal","reviews":null,"feature_image_cards":null,"feature_icon_cards":null,"podcast_date":null,"podcast_title":"","podcast_text":"","podcast_embed_script":"","campaign_advert_link":"","monthly":{"show_monthly_tab":false,"strikethrough_price":"","price_text":"","per_month_text":"","vat_text":"","subscribe_button_text":"","subscribe_button_link":""},"annual":{"show_annual_tab":false,"packages":null,"default_price":"","default_strikethrough_price":"","default_per_year_text":"","vat_text":"","subscribe_button_text":"","subscribe_button_link":""},"advisory_panel":null,"article_list_fields":null,"subscription_tab_main_heading":"","subscription_tabs":null,"accordion_for_page":null,"embed_code":""}],"sticky_cta_text":"Subscribe today","sticky_cta_link":"https:\/\/bestpractice.bmj.com\/info\/subscribe\/","display_content_search":false,"seo_schema":""},"aioseo_notices":[],"_links":{"self":[{"href":"https:\/\/bestpractice.bmj.com\/info\/pt\/wp-json\/wp\/v2\/pages\/13386","targetHints":{"allow":["GET"]}}],"collection":[{"href":"https:\/\/bestpractice.bmj.com\/info\/pt\/wp-json\/wp\/v2\/pages"}],"about":[{"href":"https:\/\/bestpractice.bmj.com\/info\/pt\/wp-json\/wp\/v2\/types\/page"}],"author":[{"embeddable":true,"href":"https:\/\/bestpractice.bmj.com\/info\/pt\/wp-json\/wp\/v2\/users\/46"}],"replies":[{"embeddable":true,"href":"https:\/\/bestpractice.bmj.com\/info\/pt\/wp-json\/wp\/v2\/comments?post=13386"}],"version-history":[{"count":0,"href":"https:\/\/bestpractice.bmj.com\/info\/pt\/wp-json\/wp\/v2\/pages\/13386\/revisions"}],"wp:attachment":[{"href":"https:\/\/bestpractice.bmj.com\/info\/pt\/wp-json\/wp\/v2\/media?parent=13386"}],"curies":[{"name":"wp","href":"https:\/\/api.w.org\/{rel}","templated":true}]}}