{"id":13371,"date":"2023-10-03T05:59:43","date_gmt":"2023-10-03T04:59:43","guid":{"rendered":"https:\/\/bestpractice.bmj.com\/info\/?page_id=13371"},"modified":"2023-10-03T20:03:26","modified_gmt":"2023-10-03T19:03:26","slug":"evidence-based","status":"publish","type":"page","link":"https:\/\/bestpractice.bmj.com\/info\/pt\/evidence-based\/","title":{"rendered":"Evidence-based_FOR TRANSFER"},"content":{"rendered":"","protected":false},"excerpt":{"rendered":"","protected":false},"author":46,"featured_media":0,"parent":0,"menu_order":0,"comment_status":"closed","ping_status":"closed","template":"marketing_new.php","meta":{"_acf_changed":false,"footnotes":""},"class_list":["post-13371","page","type-page","status-publish","hentry"],"acf":{"components":[{"choose_component":"marketingImage","hide":"","logged_in":"","logged_out":"","grey_background":[],"background_color":"","background_image":null,"title_text_color":"","title":"Atualizado regularmente, a BMJ Best Practice se baseia nas mais recentes pesquisas baseadas em evid\u00eancias","text":"","image":[{"image_field":12929}],"qr_image":null,"circular_image":null,"button_text":"","button_url":"","button2_text":"","button2_url":"","video_embed":"","quote":"","quote_author":"","author_job_title":"","feature_iconsimages":null,"bullets":"none","bullet_text":null,"expiration_date":null,"review_type":"normal","reviews":null,"feature_image_cards":null,"feature_icon_cards":null,"podcast_date":null,"podcast_title":"","podcast_text":"","podcast_embed_script":"","campaign_advert_link":"","monthly":{"show_monthly_tab":false,"strikethrough_price":"","price_text":"","per_month_text":"","vat_text":"","subscribe_button_text":"","subscribe_button_link":""},"annual":{"show_annual_tab":false,"packages":null,"default_price":"","default_strikethrough_price":"","default_per_year_text":"","vat_text":"","subscribe_button_text":"","subscribe_button_link":""},"advisory_panel":null,"article_list_fields":null,"subscription_tab_main_heading":"","subscription_tabs":null,"accordion_for_page":null,"embed_code":"","table_structure":null,"column_two_text":""},{"choose_component":"genericQuote","hide":"","logged_in":"","logged_out":"","grey_background":"","background_color":"","background_image":null,"title_text_color":"","title":"Evid\u00eancias importam","text":"O BMJ defende a medicina baseada em evid\u00eancias desde que David Sackett, em seu famoso editorial de 1996 (Evidence based medicine: what it is and what it is not), estabeleceu os princ\u00edpios do movimento: uma abordagem que \u201cintegra as melhores evid\u00eancias externas com a experi\u00eancia cl\u00ednica individual e a escolha dos pacientes\u201d.\r\n\r\nSer baseado em evid\u00eancias \u00e9 algo que est\u00e1 incorporado na cultura do BMJ e \u00e9 um dos cinco valores da empresa. O BMJ \u00e9 membro fundador da UK GRADE Network e da confer\u00eancia internacional sobre sa\u00fade baseada em evid\u00eancias, a Evidence Live. Hoje, a equipe interna de especialistas em informa\u00e7\u00f5es do BMJ Knowledge Centre busca na literatura diretrizes internacionais novas e atualizadas de alta qualidade e revis\u00f5es sistem\u00e1ticas, al\u00e9m de ajustar pesquisas personalizadas para ajudar nas atualiza\u00e7\u00f5es de t\u00f3picos da BMJ Best Practice.\r\n\r\nNos \u00faltimos anos, a equipe do BMJ Knowledge Centre tem realizado pesquisas extensas com profissionais de sa\u00fade do mundo todo para entender como voc\u00eas usam evid\u00eancias para apoiar seu trabalho. Voc\u00eas nos disseram que gostariam de uma fonte \u00fanica de respostas baseadas em evid\u00eancias para quest\u00f5es cl\u00ednicas importantes do mundo real para tomar decis\u00f5es baseadas em evid\u00eancias no trabalho cl\u00ednico. Voc\u00eas precisam de evid\u00eancias atuais e confi\u00e1veis entregues de forma r\u00e1pida e sucinta no ponto de atendimento. Voc\u00eas querem uma apresenta\u00e7\u00e3o simples, transpar\u00eancia em torno da qualidade das evid\u00eancias e a possibilidade de se aprofundar para ver mais detalhes. \u00c9 exatamente isso que oferecemos.","image":null,"qr_image":null,"circular_image":null,"button_text":"","button_url":"","button2_text":"","button2_url":"","video_embed":"","quote":"Com o ritmo acelerado das pesquisas, manter-se atualizado com as evid\u00eancias mais recentes est\u00e1 se tornando cada vez mais dif\u00edcil... Com o BMJ Best Practice, as informa\u00e7\u00f5es s\u00e3o constantemente atualizadas, o que \u00e9 extremamente \u00fatil quando voc\u00ea busca tomar decis\u00f5es baseadas em evid\u00eancias usando os conhecimentos mais recentes.","quote_author":"Tim Mossad","author_job_title":"Consultor em medicina de emerg\u00eancia no Chesterfield Royal Hospital","feature_iconsimages":null,"bullets":"none","bullet_text":null,"expiration_date":null,"review_type":"normal","reviews":null,"feature_image_cards":null,"feature_icon_cards":null,"podcast_date":null,"podcast_title":"","podcast_text":"","podcast_embed_script":"","campaign_advert_link":"","monthly":{"show_monthly_tab":false,"strikethrough_price":"","price_text":"","per_month_text":"","vat_text":"","subscribe_button_text":"","subscribe_button_link":""},"annual":{"show_annual_tab":false,"packages":null,"default_price":"","default_strikethrough_price":"","default_per_year_text":"","vat_text":"","subscribe_button_text":"","subscribe_button_link":""},"advisory_panel":null,"article_list_fields":null,"subscription_tab_main_heading":"","subscription_tabs":null,"accordion_for_page":null,"embed_code":"","table_structure":null,"column_two_text":""},{"choose_component":"generic","hide":"","logged_in":"","logged_out":"","grey_background":["yes"],"background_color":"","background_image":null,"title_text_color":"","title":"Componentes da medicina baseada em evid\u00eancias ","text":"<h2>A BMJ Best Practice apoia todos os tr\u00eas componentes da medicina baseada em evid\u00eancias: melhores evid\u00eancias dispon\u00edveis; experi\u00eancia cl\u00ednica; e valores e prefer\u00eancias do paciente.<\/h2>\r\n<strong>Melhores evid\u00eancias dispon\u00edveis<\/strong>\r\n<ul>\r\n \t<li>As atualiza\u00e7\u00f5es dos t\u00f3picos da BMJ Best Practice incorporam as melhores novas evid\u00eancias dispon\u00edveis.<\/li>\r\n<\/ul>\r\n<strong>Experi\u00eancia cl\u00ednica<\/strong>\r\n<ul>\r\n \t<li>Nossas equipes internas de evid\u00eancias e editorial trabalham em conjunto com mais de 1.600 colaboradores especialistas internacionais e mais de 2.500 avaliadores para garantir que a BMJ Best Practice proporcione acesso \u00e0s informa\u00e7\u00f5es mais clinicamente relevantes poss\u00edveis.<\/li>\r\n<\/ul>\r\n<h4>Valores e prefer\u00eancias do paciente<\/h4>\r\n<ul>\r\n \t<li>A BMJ Best Practice inclui mais de 500 panfletos explicativos para pacientes para facilitar a tomada de decis\u00f5es compartilhadas\r\nOs panfletos s\u00e3o concisos e claros, escritos por editores especializados, e refletem as informa\u00e7\u00f5es cl\u00ednicas baseadas em evid\u00eancias contidas na BMJ Best Practice\r\nOs panfletos explicativos para pacientes s\u00e3o revisados por pacientes<\/li>\r\n \t<li>Eles tem links para t\u00f3picos relevantes ou podem ser navegados ou pesquisados. Todos os t\u00f3picos de condi\u00e7\u00f5es da BMJ Best Practice t\u00eam uma se\u00e7\u00e3o de \"Discuss\u00e3o com o paciente\" que informa o profissional de sa\u00fade sobre as informa\u00e7\u00f5es que devem ser fornecidas aos pacientes.<\/li>\r\n<\/ul>","image":null,"qr_image":null,"circular_image":null,"button_text":"","button_url":"","button2_text":"","button2_url":"","video_embed":"","quote":"","quote_author":"","author_job_title":"","feature_iconsimages":null,"bullets":"none","bullet_text":null,"expiration_date":null,"review_type":"normal","reviews":null,"feature_image_cards":null,"feature_icon_cards":null,"podcast_date":null,"podcast_title":"","podcast_text":"","podcast_embed_script":"","campaign_advert_link":"","monthly":{"show_monthly_tab":false,"strikethrough_price":"","price_text":"","per_month_text":"","vat_text":"","subscribe_button_text":"","subscribe_button_link":""},"annual":{"show_annual_tab":false,"packages":null,"default_price":"","default_strikethrough_price":"","default_per_year_text":"","vat_text":"","subscribe_button_text":"","subscribe_button_link":""},"advisory_panel":null,"article_list_fields":null,"subscription_tab_main_heading":"","subscription_tabs":null,"accordion_for_page":null,"embed_code":"","table_structure":null,"column_two_text":""},{"choose_component":"generic","hide":"","logged_in":"","logged_out":"","grey_background":"","background_color":"","background_image":null,"title_text_color":"","title":"Evidence processes","text":"<h2>Nossos processos robustos de evid\u00eancias incluem:<\/h2>\r\n<ol>\r\n \t<li>Atualiza\u00e7\u00f5es de rotina e agendadas para os t\u00f3picos<\/li>\r\n \t<li>Monitoramento de novas evid\u00eancias que mudam a pr\u00e1tica e de alertas de f\u00e1rmacos<\/li>\r\n \t<li>Garantia da qualidade.<\/li>\r\n \t<li><a class=\"waffle-rich-text-link\" href=\"https:\/\/bestpractice.bmj.com\/info\/evidence-tables\">Processos de evid\u00eancias<\/a><\/li>\r\n<\/ol>","image":null,"qr_image":null,"circular_image":null,"button_text":"","button_url":"","button2_text":"","button2_url":"","video_embed":"","quote":"","quote_author":"","author_job_title":"","feature_iconsimages":null,"bullets":"none","bullet_text":null,"expiration_date":null,"review_type":"normal","reviews":null,"feature_image_cards":null,"feature_icon_cards":null,"podcast_date":null,"podcast_title":"","podcast_text":"","podcast_embed_script":"","campaign_advert_link":"","monthly":{"show_monthly_tab":false,"strikethrough_price":"","price_text":"","per_month_text":"","vat_text":"","subscribe_button_text":"","subscribe_button_link":""},"annual":{"show_annual_tab":false,"packages":null,"default_price":"","default_strikethrough_price":"","default_per_year_text":"","vat_text":"","subscribe_button_text":"","subscribe_button_link":""},"advisory_panel":null,"article_list_fields":null,"subscription_tab_main_heading":"","subscription_tabs":null,"accordion_for_page":null,"embed_code":"","table_structure":null,"column_two_text":""},{"choose_component":"generic","hide":"","logged_in":"","logged_out":"","grey_background":["yes"],"background_color":"","background_image":null,"title_text_color":"","title":"Atualiza\u00e7\u00f5es de rotina e agendadas para os t\u00f3picos","text":"Priorizamos nossos t\u00f3picos mais populares e aqueles em que h\u00e1 mudan\u00e7as r\u00e1pidas na pesquisa com atualiza\u00e7\u00f5es de rotina mais frequentes. Quando h\u00e1 uma necessidade excepcional de que mudan\u00e7as importantes sejam feitas de forma particularmente r\u00e1pida, como durante a pandemia de Covid-19, as atualiza\u00e7\u00f5es podem ocorrer semanalmente.\r\n\r\nAtualiza\u00e7\u00f5es para t\u00f3picos de alta prioridade come\u00e7am com uma pesquisa na literatura em banco de dados m\u00e9dicos feita por nossos especialistas em informa\u00e7\u00f5es experientes, com foco em revis\u00f5es sistem\u00e1ticas e diretrizes relevantes. Os editores da se\u00e7\u00e3o, treinados em avalia\u00e7\u00e3o cr\u00edtica, avaliam as evid\u00eancias e trabalham com colaboradores especialistas para selecionar as novas evid\u00eancias que ser\u00e3o inclu\u00eddas e fazer altera\u00e7\u00f5es para atualizar o t\u00f3pico existente.","image":null,"qr_image":null,"circular_image":null,"button_text":"","button_url":"","button2_text":"","button2_url":"","video_embed":"","quote":"","quote_author":"","author_job_title":"","feature_iconsimages":null,"bullets":"none","bullet_text":null,"expiration_date":null,"review_type":"normal","reviews":null,"feature_image_cards":null,"feature_icon_cards":null,"podcast_date":null,"podcast_title":"","podcast_text":"","podcast_embed_script":"","campaign_advert_link":"","monthly":{"show_monthly_tab":false,"strikethrough_price":"","price_text":"","per_month_text":"","vat_text":"","subscribe_button_text":"","subscribe_button_link":""},"annual":{"show_annual_tab":false,"packages":null,"default_price":"","default_strikethrough_price":"","default_per_year_text":"","vat_text":"","subscribe_button_text":"","subscribe_button_link":""},"advisory_panel":null,"article_list_fields":null,"subscription_tab_main_heading":"","subscription_tabs":null,"accordion_for_page":null,"embed_code":"","table_structure":null,"column_two_text":""},{"choose_component":"generic","hide":"","logged_in":"","logged_out":"","grey_background":"","background_color":"","background_image":null,"title_text_color":"","title":"Nosso processo cont\u00ednuo de monitoramento de evid\u00eancias","text":"<h2>Al\u00e9m disso, as atualiza\u00e7\u00f5es de t\u00f3picos podem ser motivadas a qualquer momento por evid\u00eancias obtidas no nosso processo constante de monitoramento.<\/h2>\r\n<strong>Isso inclui:<\/strong>\r\n<ul>\r\n \t<li>Monitoramento para identificar diretrizes internacionais de alta qualidade novas e atualizadas, declara\u00e7\u00f5es de pol\u00edticas e revis\u00f5es sistem\u00e1ticas e estudos controlados randomizados com potencial de mudar a pr\u00e1tica<\/li>\r\n \t<li>Avalia\u00e7\u00e3o imediata de novas evid\u00eancias por nossos editores de se\u00e7\u00e3o especializados<\/li>\r\n \t<li>Verifica\u00e7\u00e3o e triagem cont\u00ednuas de alertas de f\u00e1rmacos por nossos farmac\u00eauticos internos (veja abaixo)<\/li>\r\n \t<li>Monitoramento e triagem de coment\u00e1rios de usu\u00e1rios\/clientes por nossos editores de se\u00e7\u00e3o especializados.<\/li>\r\n<\/ul>","image":null,"qr_image":null,"circular_image":null,"button_text":"","button_url":"","button2_text":"","button2_url":"","video_embed":"","quote":"","quote_author":"","author_job_title":"","feature_iconsimages":null,"bullets":"none","bullet_text":null,"expiration_date":null,"review_type":"normal","reviews":null,"feature_image_cards":null,"feature_icon_cards":null,"podcast_date":null,"podcast_title":"","podcast_text":"","podcast_embed_script":"","campaign_advert_link":"","monthly":{"show_monthly_tab":false,"strikethrough_price":"","price_text":"","per_month_text":"","vat_text":"","subscribe_button_text":"","subscribe_button_link":""},"annual":{"show_annual_tab":false,"packages":null,"default_price":"","default_strikethrough_price":"","default_per_year_text":"","vat_text":"","subscribe_button_text":"","subscribe_button_link":""},"advisory_panel":null,"article_list_fields":null,"subscription_tab_main_heading":"","subscription_tabs":null,"accordion_for_page":null,"embed_code":"","table_structure":null,"column_two_text":""},{"choose_component":"generic","hide":"","logged_in":"","logged_out":"","grey_background":["yes"],"background_color":"","background_image":null,"title_text_color":"","title":"Monitoramento de f\u00e1rmacos","text":"Nossos farmac\u00eauticos internos revisam os alertas de medicamentos divulgados pelas ag\u00eancias reguladoras de medicamentos internacionais diariamente.\r\nIsso inclui a Food and Drug Administration, a Ag\u00eancia Europeia de Medicamentos e a Ag\u00eancia Reguladora de Medicamentos e Produtos de Sa\u00fade do Reino Unido, al\u00e9m de outras fontes secund\u00e1rias \u00fateis.\r\nAlertas importantes de mudan\u00e7a de pr\u00e1tica (por exemplo, retiradas de medicamentos, atualiza\u00e7\u00f5es de doses de medicamentos, novas contraindica\u00e7\u00f5es) s\u00e3o priorizados para incorpora\u00e7\u00e3o no conte\u00fado relevante. Todas as doses de medicamentos na BMJ Best Practice s\u00e3o revisadas e aprovadas por farmac\u00eauticos qualificados e registrados com ampla experi\u00eancia na pr\u00e1tica de farm\u00e1cia.","image":null,"qr_image":null,"circular_image":null,"button_text":"","button_url":"","button2_text":"","button2_url":"","video_embed":"","quote":"","quote_author":"","author_job_title":"","feature_iconsimages":null,"bullets":"none","bullet_text":null,"expiration_date":null,"review_type":"normal","reviews":null,"feature_image_cards":null,"feature_icon_cards":null,"podcast_date":null,"podcast_title":"","podcast_text":"","podcast_embed_script":"","campaign_advert_link":"","monthly":{"show_monthly_tab":false,"strikethrough_price":"","price_text":"","per_month_text":"","vat_text":"","subscribe_button_text":"","subscribe_button_link":""},"annual":{"show_annual_tab":false,"packages":null,"default_price":"","default_strikethrough_price":"","default_per_year_text":"","vat_text":"","subscribe_button_text":"","subscribe_button_link":""},"advisory_panel":null,"article_list_fields":null,"subscription_tab_main_heading":"","subscription_tabs":null,"accordion_for_page":null,"embed_code":"","table_structure":null,"column_two_text":""},{"choose_component":"generic","hide":"","logged_in":"","logged_out":"","grey_background":"","background_color":"","background_image":null,"title_text_color":"","title":"Garantia de qualidade","text":"Todos os novos t\u00f3picos da BMJ Best Practice passam por uma revis\u00e3o externa por pares feita por pelo menos dois especialistas internacionais proeminentes e m\u00e9dicos em exerc\u00edcio.\r\n\r\nTodas as atualiza\u00e7\u00f5es de conte\u00fado de t\u00f3picos da BMJ Best Practice passam por uma revis\u00e3o interna por pares e pela aprova\u00e7\u00e3o dos nossos farmac\u00eauticos internos e editores de conte\u00fado seniores.\r\n\r\nUma extensa pesquisa com clientes indicou que voc\u00eas valorizam a entrega r\u00e1pida de evid\u00eancias que mudam a pr\u00e1tica, algo que a BMJ `Best Practice oferece no ponto de atendimento. \u00a0As atualiza\u00e7\u00f5es s\u00e3o priorizadas da seguinte forma:\r\n<ol>\r\n \t<li>Mudan\u00e7as ou retiradas de medicamentos que podem afetar a seguran\u00e7a do paciente<\/li>\r\n \t<li>Evid\u00eancias que mudam a pr\u00e1tica<\/li>\r\n \t<li>Evid\u00eancias que confirmam a pr\u00e1tica atual<\/li>\r\n<\/ol>\r\n&nbsp;","image":null,"qr_image":null,"circular_image":null,"button_text":"","button_url":"","button2_text":"","button2_url":"","video_embed":"","quote":"","quote_author":"","author_job_title":"","feature_iconsimages":null,"bullets":"none","bullet_text":null,"expiration_date":null,"review_type":"normal","reviews":null,"feature_image_cards":null,"feature_icon_cards":null,"podcast_date":null,"podcast_title":"","podcast_text":"","podcast_embed_script":"","campaign_advert_link":"","monthly":{"show_monthly_tab":false,"strikethrough_price":"","price_text":"","per_month_text":"","vat_text":"","subscribe_button_text":"","subscribe_button_link":""},"annual":{"show_annual_tab":false,"packages":null,"default_price":"","default_strikethrough_price":"","default_per_year_text":"","vat_text":"","subscribe_button_text":"","subscribe_button_link":""},"advisory_panel":null,"article_list_fields":null,"subscription_tab_main_heading":"","subscription_tabs":null,"accordion_for_page":null,"embed_code":"","table_structure":null,"column_two_text":""},{"choose_component":"generic","hide":"","logged_in":"","logged_out":"","grey_background":["yes"],"background_color":"","background_image":null,"title_text_color":"","title":"Exibi\u00e7\u00e3o intuitiva","text":"<h2><a class=\"waffle-rich-text-link\" href=\"https:\/\/bestpractice.bmj.com\/info\/evidence-tables\">Pesquisas adicionais com clientes nos ajudaram a definir a maneira como exibimos evid\u00eancias na BMJ Best Practice, com camadas de conte\u00fado dependendo da profundidade de informa\u00e7\u00f5es de que voc\u00ea precisa. <\/a><\/h2>\r\n<h2>Os recursos incluem:<\/h2>\r\n<ol>\r\n \t<li style=\"list-style-type: none;\">\r\n<ol>\r\n \t<li style=\"list-style-type: none;\">\r\n<ol>1.<\/ol>\r\n<\/li>\r\n<\/ol>\r\n<strong>Tabelas de evid\u00eancias <\/strong>\r\n<ol>com links para pontua\u00e7\u00f5es de evid\u00eancias<\/ol>\r\n<\/li>\r\n \t<li style=\"list-style-type: none;\">\r\n<ol>\r\n \t<li style=\"list-style-type: none;\">\r\n<ol>2.<\/ol>\r\n<\/li>\r\n<\/ol>\r\n<strong>Pain\u00e9is expans\u00edveis de evid\u00eancias<\/strong>\r\n<ol>explicando as evid\u00eancias por tr\u00e1s das principais recomenda\u00e7\u00f5es em alguns dos nossos t\u00f3picos mais procurados sobre condi\u00e7\u00f5es agudas<\/ol>\r\n<\/li>\r\n \t<li style=\"list-style-type: none;\">\r\n<ol>\r\n \t<li style=\"list-style-type: none;\">\r\n<ol>3. Lembretes visuais sobre atualiza\u00e7\u00f5es importantes e recursos<\/ol>\r\n<\/li>\r\n<\/ol>\r\n<strong>integrados de evid\u00eancias para acesso r\u00e1pido a novas pesquisas e atualiza\u00e7\u00f5es de diretrizes importantes<\/strong>&nbsp;<\/li>\r\n \t<li style=\"list-style-type: none;\">\r\n<ol>\r\n \t<li style=\"list-style-type: none;\">\r\n<ol>4. Uma camada<\/ol>\r\n<\/li>\r\n<\/ol>\r\n<strong>\u00fanica e expandida de revis\u00e3o sistem\u00e1tica<\/strong>\r\n<ol>(Cochrane Clinical Answers)<\/ol>\r\n<\/li>\r\n \t<li style=\"list-style-type: none;\">\r\n<ol>\r\n \t<li style=\"list-style-type: none;\">\r\n<ol>5. Cita\u00e7\u00f5es<\/ol>\r\n<\/li>\r\n<\/ol>\r\n<strong>BMJ Rapid Recommendation<\/strong>\r\n<ol>com infogr\u00e1ficos envolventes<\/ol>\r\n<\/li>\r\n \t<li style=\"list-style-type: none;\">\r\n<ol>\r\n \t<li style=\"list-style-type: none;\">\r\n<ol>6.<\/ol>\r\n<\/li>\r\n<\/ol>\r\n<strong>Refer\u00eancias claras<\/strong>\r\n<ol>\r\n \t<li style=\"list-style-type: none;\">\r\n<ol>por todo o conte\u00fado do t\u00f3pico, com uma se\u00e7\u00e3o separada de<\/ol>\r\n<\/li>\r\n<\/ol>\r\n<strong> Diretrizes<\/strong>\r\n<ol>\r\n \t<li style=\"list-style-type: none;\">\r\n<ol>. As principais refer\u00eancias s\u00e3o destacadas na lista de<\/ol>\r\n<\/li>\r\n<\/ol>\r\n<strong>refer\u00eancias no topo de cada t\u00f3pico<\/strong><\/li>\r\n \t<li style=\"list-style-type: none;\">\r\n<ol>\u2013 Mais de 84.200 refer\u00eancias incorporadas no texto como pop-ups (incluindo links para o resumo da Pubmed\/texto completo de acesso gr\u00e1tis) e em uma lista de refer\u00eancias separada para cada t\u00f3pico<\/ol>\r\n<\/li>\r\n \t<li style=\"list-style-type: none;\">\r\n<ol>\u2013 Mais de 7.350 diretrizes de alta qualidade em p\u00e1ginas dedicadas de diretrizes com links para o texto completo e marcado em t\u00f3picos quando for novo ou atualizado<\/ol>\r\n<\/li>\r\n \t<li style=\"list-style-type: none;\">\r\n<ol>\r\n \t<li style=\"list-style-type: none;\">\r\n<ol>7.<\/ol>\r\n<\/li>\r\n<\/ol>\r\n<strong>Uma se\u00e7\u00e3o de Evid\u00eancias separada<\/strong>\r\n<ol>em t\u00f3picos cl\u00ednicos para agrupar evid\u00eancias sobre quest\u00f5es cl\u00ednicas importantes em um \u00fanico lugar<\/ol>\r\n<\/li>\r\n \t<li style=\"list-style-type: none;\">\r\n<ol>\r\n \t<li style=\"list-style-type: none;\">\r\n<ol>8.<\/ol>\r\n<\/li>\r\n<\/ol>\r\n<strong>Kit de ferramentas de medicina baseada em evid\u00eancias<\/strong>\r\n<ol>(MBE), para aqueles que querem aprender, praticar e discutir a MBE<\/ol>\r\ni style=\"list-style-type: none;\"&gt;\r\n<h3>No geral, com esses recursos \u00e9 f\u00e1cil e intuitivo acessar a base de evid\u00eancias para uma interven\u00e7\u00e3o e avaliar sua confiabilidade, informando decis\u00f5es e discuss\u00f5es sobre diferentes op\u00e7\u00f5es de tratamento com pacientes, colegas e estudantes.<\/h3>\r\n<\/li>\r\n<\/ol>","image":null,"qr_image":null,"circular_image":null,"button_text":"","button_url":"","button2_text":"","button2_url":"","video_embed":"","quote":"","quote_author":"","author_job_title":"","feature_iconsimages":null,"bullets":"none","bullet_text":null,"expiration_date":null,"review_type":"normal","reviews":null,"feature_image_cards":null,"feature_icon_cards":null,"podcast_date":null,"podcast_title":"","podcast_text":"","podcast_embed_script":"","campaign_advert_link":"","monthly":{"show_monthly_tab":false,"strikethrough_price":"","price_text":"","per_month_text":"","vat_text":"","subscribe_button_text":"","subscribe_button_link":""},"annual":{"show_annual_tab":false,"packages":null,"default_price":"","default_strikethrough_price":"","default_per_year_text":"","vat_text":"","subscribe_button_text":"","subscribe_button_link":""},"advisory_panel":null,"article_list_fields":null,"subscription_tab_main_heading":"","subscription_tabs":null,"accordion_for_page":null,"embed_code":"","table_structure":null,"column_two_text":""}],"sticky_cta_text":"","sticky_cta_link":"","display_content_search":false,"seo_schema":""},"aioseo_notices":[],"_links":{"self":[{"href":"https:\/\/bestpractice.bmj.com\/info\/pt\/wp-json\/wp\/v2\/pages\/13371","targetHints":{"allow":["GET"]}}],"collection":[{"href":"https:\/\/bestpractice.bmj.com\/info\/pt\/wp-json\/wp\/v2\/pages"}],"about":[{"href":"https:\/\/bestpractice.bmj.com\/info\/pt\/wp-json\/wp\/v2\/types\/page"}],"author":[{"embeddable":true,"href":"https:\/\/bestpractice.bmj.com\/info\/pt\/wp-json\/wp\/v2\/users\/46"}],"replies":[{"embeddable":true,"href":"https:\/\/bestpractice.bmj.com\/info\/pt\/wp-json\/wp\/v2\/comments?post=13371"}],"version-history":[{"count":0,"href":"https:\/\/bestpractice.bmj.com\/info\/pt\/wp-json\/wp\/v2\/pages\/13371\/revisions"}],"wp:attachment":[{"href":"https:\/\/bestpractice.bmj.com\/info\/pt\/wp-json\/wp\/v2\/media?parent=13371"}],"curies":[{"name":"wp","href":"https:\/\/api.w.org\/{rel}","templated":true}]}}