{"id":13370,"date":"2023-10-03T05:53:50","date_gmt":"2023-10-03T04:53:50","guid":{"rendered":"https:\/\/bestpractice.bmj.com\/info\/?page_id=13370"},"modified":"2023-10-11T14:40:13","modified_gmt":"2023-10-11T13:40:13","slug":"comorbidities","status":"publish","type":"page","link":"https:\/\/bestpractice.bmj.com\/info\/pt\/comorbidities\/","title":{"rendered":"Comorbidities"},"content":{"rendered":"","protected":false},"excerpt":{"rendered":"","protected":false},"author":43,"featured_media":0,"parent":0,"menu_order":0,"comment_status":"closed","ping_status":"closed","template":"marketing_new.php","meta":{"_acf_changed":false,"footnotes":""},"class_list":["post-13370","page","type-page","status-publish","hentry"],"acf":{"components":[{"choose_component":"marketingImage","hide":"","logged_in":"","logged_out":"","grey_background":[],"background_color":"","background_image":null,"title_text_color":"","title":"Enfrentando o desafio das comorbidades","text":"","image":[{"image_field":13364}],"qr_image":null,"circular_image":null,"button_text":"","button_url":"","button2_text":"","button2_url":"","video_embed":"","quote":"","quote_author":"","author_job_title":"","feature_iconsimages":null,"bullets":"none","bullet_text":null,"expiration_date":null,"review_type":"normal","reviews":null,"feature_image_cards":null,"feature_icon_cards":null,"podcast_date":null,"podcast_title":"","podcast_text":"","podcast_embed_script":"","campaign_advert_link":"","monthly":{"show_monthly_tab":false,"strikethrough_price":"","price_text":"","per_month_text":"","vat_text":"","subscribe_button_text":"","subscribe_button_link":""},"annual":{"show_annual_tab":false,"packages":null,"default_price":"","default_strikethrough_price":"","default_per_year_text":"","vat_text":"","subscribe_button_text":"","subscribe_button_link":""},"advisory_panel":null,"article_list_fields":null,"subscription_tab_main_heading":"","subscription_tabs":null,"accordion_for_page":null,"embed_code":""},{"choose_component":"genericQuote","hide":"","logged_in":"","logged_out":"","grey_background":"","background_color":"","background_image":null,"title_text_color":"","title":"","text":"<h1><strong>Um em cada tr\u00eas adultos <\/strong>sofre de v\u00e1rias condi\u00e7\u00f5es cr\u00f4nicas, e a maioria dos pacientes agudos tem mais de uma condi\u00e7\u00e3o m\u00e9dica. Este \u00e9 um problema global significativo e caro.<\/h1>\r\nTanto os m\u00e9dicos seniores quanto os juniores no cen\u00e1rio agudo nos relataram que muitas vezes t\u00eam dificuldades com o diagn\u00f3stico e o tratamento de pacientes com condi\u00e7\u00f5es pr\u00e9-existentes.\r\n\r\nSomos a <strong>\u00fanica ferramenta de ponto de atendimento<\/strong> que oferece suporte ao gerenciamento do paciente como um todo, incluindo orienta\u00e7\u00f5es sobre o tratamento da condi\u00e7\u00e3o aguda do paciente, juntamente com suas comorbidades pr\u00e9-existentes.\r\n\r\nGerenciar o tratamento de pacientes com comorbidades \u00e9 dif\u00edcil, pois as diretrizes cl\u00ednicas se concentram apenas em condi\u00e7\u00f5es individuais, mas n\u00e3o gerenciar comorbidades leva a resultados cl\u00ednicos piores e a per\u00edodos mais longos de interna\u00e7\u00e3o. Por isso, integramos o Comorbidities Manager \u00e0 BMJ Best Practice.\r\n\r\nOs profissionais de sa\u00fade s\u00e3o lembrados de considerar as comorbidades do paciente ao acessar as informa\u00e7\u00f5es do tratamento. A ferramenta ent\u00e3o produz um plano de gerenciamento inicial que \u00e9 adaptado \u00e0s necessidades \u00fanicas do paciente.\r\n\r\nTratar a apresenta\u00e7\u00e3o aguda juntamente com as condi\u00e7\u00f5es pr\u00e9-existentes permite que os hospitais aumentem a qualidade do atendimento e a efici\u00eancia por meio do gerenciamento eficaz do paciente. Isso, por sua vez, significa melhores resultados cl\u00ednicos, interna\u00e7\u00f5es mais curtas e menos reinterna\u00e7\u00f5es.","image":null,"qr_image":null,"circular_image":null,"button_text":"","button_url":"","button2_text":"","button2_url":"","video_embed":"","quote":"\"Tratar cada doen\u00e7a em um paciente como se ela existisse de forma isolada leva a menos resultados bons e complica e duplica as intera\u00e7\u00f5es com o sistema de sa\u00fade. Por\u00e9m, o ensino m\u00e9dico desde a faculdade de medicina, as equipes cl\u00ednicas e as diretrizes cl\u00ednicas costumam ser organizados ao redor de uma \u00fanica doen\u00e7a ou \u00f3rg\u00e3o.\"","quote_author":"Christopher J M Whitty","author_job_title":"Diretor m\u00e9dico da Inglaterra","feature_iconsimages":null,"bullets":"none","bullet_text":null,"expiration_date":null,"review_type":"normal","reviews":null,"feature_image_cards":null,"feature_icon_cards":null,"podcast_date":null,"podcast_title":"","podcast_text":"","podcast_embed_script":"","campaign_advert_link":"","monthly":{"show_monthly_tab":false,"strikethrough_price":"","price_text":"","per_month_text":"","vat_text":"","subscribe_button_text":"","subscribe_button_link":""},"annual":{"show_annual_tab":false,"packages":null,"default_price":"","default_strikethrough_price":"","default_per_year_text":"","vat_text":"","subscribe_button_text":"","subscribe_button_link":""},"advisory_panel":null,"article_list_fields":null,"subscription_tab_main_heading":"","subscription_tabs":null,"accordion_for_page":null,"embed_code":""},{"choose_component":"bulletList","hide":"","logged_in":"","logged_out":"","grey_background":[],"background_color":"","background_image":null,"title_text_color":"","title":"Nosso valor comprovado","text":"<h2>Pesquisas recentes comprovam o impacto positivo que a BMJ Best Practice tem na \u00e1rea da sa\u00fade.<\/h2>\r\n&nbsp;","image":null,"qr_image":null,"circular_image":null,"button_text":"","button_url":"","button2_text":"","button2_url":"","video_embed":"","quote":"","quote_author":"","author_job_title":"","feature_iconsimages":null,"bullets":"ticks","bullet_text":[{"text_data":"A BMJ Best Practice \u00e9 classificada como uma das melhores ferramentas de apoio \u00e0 decis\u00e3o cl\u00ednica para profissionais de sa\u00fade do mundo todo.(1)","bullet_icon_url":""},{"text_data":"<strong>Quase 90%<\/strong> dos usu\u00e1rios entrevistados disseram que a BMJ Best Practice teve um impacto na sua pr\u00e1tica cl\u00ednica.(2)","bullet_icon_url":""},{"text_data":"<strong>97% dos usu\u00e1rios<\/strong> considerariam usar a BMJ Best Practice Comorbidities Manager para melhorar o atendimento prestado no futuro.(3)","bullet_icon_url":""},{"text_data":"<strong>77% dos usu\u00e1rios<\/strong> disseram que as orienta\u00e7\u00f5es do Comorbidities Manager da BMJ Best Practice mudou o atendimento prestado aos pacientes.(4)","bullet_icon_url":""}],"expiration_date":null,"review_type":"normal","reviews":null,"feature_image_cards":null,"feature_icon_cards":null,"podcast_date":null,"podcast_title":"","podcast_text":"","podcast_embed_script":"","campaign_advert_link":"","monthly":{"show_monthly_tab":false,"strikethrough_price":"","price_text":"","per_month_text":"","vat_text":"","subscribe_button_text":"","subscribe_button_link":""},"annual":{"show_annual_tab":false,"packages":null,"default_price":"","default_strikethrough_price":"","default_per_year_text":"","vat_text":"","subscribe_button_text":"","subscribe_button_link":""},"advisory_panel":null,"article_list_fields":null,"subscription_tab_main_heading":"","subscription_tabs":null,"accordion_for_page":null,"embed_code":""},{"choose_component":"generic","hide":"","logged_in":"","logged_out":"","grey_background":"","background_color":"","background_image":null,"title_text_color":"","title":"","text":"<h3>Refer\u00eancias<\/h3>\r\n<ol>\r\n \t<li>Providing Doctors With High-Quality Information: An Updated Evaluation of Web-Based Point-of-Care Information Summaries https:\/\/www.jmir.org\/2016\/1\/e15\/<\/li>\r\n \t<li>Pesquisa com usu\u00e1rios, 140 respondentes, 2021<\/li>\r\n \t<li>Resultados de uma pesquisa com mais de 1.000 usu\u00e1rios do Comorbidities Manager feita pelo BMJ em 2020<\/li>\r\n \t<li>Resultados de uma pesquisa com mais de 1.000 usu\u00e1rios do Comorbidities Manager conduzida pelo BMJ em 2020<\/li>\r\n<\/ol>","image":null,"qr_image":null,"circular_image":null,"button_text":"","button_url":"","button2_text":"","button2_url":"","video_embed":"","quote":"","quote_author":"","author_job_title":"","feature_iconsimages":null,"bullets":"none","bullet_text":null,"expiration_date":null,"review_type":"normal","reviews":null,"feature_image_cards":null,"feature_icon_cards":null,"podcast_date":null,"podcast_title":"","podcast_text":"","podcast_embed_script":"","campaign_advert_link":"","monthly":{"show_monthly_tab":false,"strikethrough_price":"","price_text":"","per_month_text":"","vat_text":"","subscribe_button_text":"","subscribe_button_link":""},"annual":{"show_annual_tab":false,"packages":null,"default_price":"","default_strikethrough_price":"","default_per_year_text":"","vat_text":"","subscribe_button_text":"","subscribe_button_link":""},"advisory_panel":null,"article_list_fields":null,"subscription_tab_main_heading":"","subscription_tabs":null,"accordion_for_page":null,"embed_code":""},{"choose_component":"generic","hide":"","logged_in":"","logged_out":["yes"],"grey_background":["yes"],"background_color":"","background_image":null,"title_text_color":"","title":"Entre em contato conosco para obter detalhes sobre nossas avalia\u00e7\u00f5es e assinaturas gratuitas","text":"<a class=\"cc-btn\" href=\"https:\/\/bestpractice.bmj.com\/info\/pt\/subscribe\/institutional-access\"><button>Fale conosco<\/button><\/a>","image":null,"qr_image":null,"circular_image":null,"button_text":"","button_url":"","button2_text":"","button2_url":"","video_embed":"","quote":"","quote_author":"","author_job_title":"","feature_iconsimages":null,"bullets":"none","bullet_text":null,"expiration_date":null,"review_type":"normal","reviews":null,"feature_image_cards":null,"feature_icon_cards":null,"podcast_date":null,"podcast_title":"","podcast_text":"","podcast_embed_script":"","campaign_advert_link":"","monthly":{"show_monthly_tab":false,"strikethrough_price":"","price_text":"","per_month_text":"","vat_text":"","subscribe_button_text":"","subscribe_button_link":""},"annual":{"show_annual_tab":false,"packages":null,"default_price":"","default_strikethrough_price":"","default_per_year_text":"","vat_text":"","subscribe_button_text":"","subscribe_button_link":""},"advisory_panel":null,"article_list_fields":null,"subscription_tab_main_heading":"","subscription_tabs":null,"accordion_for_page":null,"embed_code":""}],"sticky_cta_text":"Inscreva-se hoje","sticky_cta_link":"https:\/\/bestpractice.bmj.com\/info\/pt\/subscribe\/","display_content_search":false,"seo_schema":""},"aioseo_notices":[],"_links":{"self":[{"href":"https:\/\/bestpractice.bmj.com\/info\/pt\/wp-json\/wp\/v2\/pages\/13370","targetHints":{"allow":["GET"]}}],"collection":[{"href":"https:\/\/bestpractice.bmj.com\/info\/pt\/wp-json\/wp\/v2\/pages"}],"about":[{"href":"https:\/\/bestpractice.bmj.com\/info\/pt\/wp-json\/wp\/v2\/types\/page"}],"author":[{"embeddable":true,"href":"https:\/\/bestpractice.bmj.com\/info\/pt\/wp-json\/wp\/v2\/users\/43"}],"replies":[{"embeddable":true,"href":"https:\/\/bestpractice.bmj.com\/info\/pt\/wp-json\/wp\/v2\/comments?post=13370"}],"version-history":[{"count":0,"href":"https:\/\/bestpractice.bmj.com\/info\/pt\/wp-json\/wp\/v2\/pages\/13370\/revisions"}],"wp:attachment":[{"href":"https:\/\/bestpractice.bmj.com\/info\/pt\/wp-json\/wp\/v2\/media?parent=13370"}],"curies":[{"name":"wp","href":"https:\/\/api.w.org\/{rel}","templated":true}]}}