{"id":13361,"date":"2023-10-03T06:35:52","date_gmt":"2023-10-03T05:35:52","guid":{"rendered":"https:\/\/bestpractice.bmj.com\/info\/?page_id=13361"},"modified":"2023-10-03T18:04:58","modified_gmt":"2023-10-03T17:04:58","slug":"local-guidance","status":"publish","type":"page","link":"https:\/\/bestpractice.bmj.com\/info\/pt\/local-guidance\/","title":{"rendered":"Local guidance"},"content":{"rendered":"","protected":false},"excerpt":{"rendered":"","protected":false},"author":43,"featured_media":0,"parent":0,"menu_order":0,"comment_status":"closed","ping_status":"closed","template":"marketing_new.php","meta":{"_acf_changed":false,"footnotes":""},"class_list":["post-13361","page","type-page","status-publish","hentry"],"acf":{"components":[{"choose_component":"marketingImage","hide":"","logged_in":"","logged_out":"","grey_background":[],"background_color":"","background_image":null,"title_text_color":"","title":"Uma \u00fanica solu\u00e7\u00e3o para ter informa\u00e7\u00f5es centralizadas de apoio \u00e0 decis\u00e3o cl\u00ednica","text":"","image":[{"image_field":13355}],"qr_image":null,"circular_image":null,"button_text":"","button_url":"","button2_text":"","button2_url":"","video_embed":"","quote":"","quote_author":"","author_job_title":"","feature_iconsimages":null,"bullets":"none","bullet_text":null,"expiration_date":null,"review_type":"normal","reviews":null,"feature_image_cards":null,"feature_icon_cards":null,"podcast_date":null,"podcast_title":"","podcast_text":"","podcast_embed_script":"","campaign_advert_link":"","monthly":{"show_monthly_tab":false,"strikethrough_price":"","price_text":"","per_month_text":"","vat_text":"","subscribe_button_text":"","subscribe_button_link":""},"annual":{"show_annual_tab":false,"packages":null,"default_price":"","default_strikethrough_price":"","default_per_year_text":"","vat_text":"","subscribe_button_text":"","subscribe_button_link":""},"advisory_panel":null,"article_list_fields":null,"subscription_tab_main_heading":"","subscription_tabs":null,"accordion_for_page":null,"embed_code":""},{"choose_component":"generic","hide":"","logged_in":"","logged_out":"","grey_background":"","background_color":"","background_image":null,"title_text_color":"","title":"","text":"<h3>No mundo acelerado dos cuidados de sa\u00fade, o acesso a informa\u00e7\u00f5es cl\u00ednicas atualizadas e abrangentes \u00e9 vital para prestar cuidados de alta qualidade ao paciente. No entanto, os profissionais de sa\u00fade enfrentam desafios para acessar as informa\u00e7\u00f5es cl\u00ednicas de que precisam quando est\u00e3o hospedadas em diferentes plataformas. Isso pode levar a inefici\u00eancias e inconsist\u00eancias nos cuidados prestados.<\/h3>","image":null,"qr_image":null,"circular_image":null,"button_text":"","button_url":"","button2_text":"","button2_url":"","video_embed":"","quote":"","quote_author":"","author_job_title":"","feature_iconsimages":null,"bullets":"none","bullet_text":null,"expiration_date":null,"review_type":"normal","reviews":null,"feature_image_cards":null,"feature_icon_cards":null,"podcast_date":null,"podcast_title":"","podcast_text":"","podcast_embed_script":"","campaign_advert_link":"","monthly":{"show_monthly_tab":false,"strikethrough_price":"","price_text":"","per_month_text":"","vat_text":"","subscribe_button_text":"","subscribe_button_link":""},"annual":{"show_annual_tab":false,"packages":null,"default_price":"","default_strikethrough_price":"","default_per_year_text":"","vat_text":"","subscribe_button_text":"","subscribe_button_link":""},"advisory_panel":null,"article_list_fields":null,"subscription_tab_main_heading":"","subscription_tabs":null,"accordion_for_page":null,"embed_code":""},{"choose_component":"generic","hide":"","logged_in":"","logged_out":"","grey_background":["yes"],"background_color":"","background_image":null,"title_text_color":"","title":"Nossa solu\u00e7\u00e3o","text":"Na BMJ Best Practice, entendemos a import\u00e2ncia de fornecer acesso r\u00e1pido a informa\u00e7\u00f5es cl\u00ednicas cr\u00edticas. A ferramenta de orienta\u00e7\u00e3o local da BMJ Best Practice permite que as organiza\u00e7\u00f5es de sa\u00fade adicionem facilmente links para informa\u00e7\u00f5es cl\u00ednicas locais aos t\u00f3picos da BMJ Best Practice. A ferramenta fornece um lugar central para os profissionais de sa\u00fade acessarem informa\u00e7\u00f5es cl\u00ednicas locais, bem como orienta\u00e7\u00f5es nacionais e internacionais.","image":null,"qr_image":null,"circular_image":null,"button_text":"","button_url":"","button2_text":"","button2_url":"","video_embed":"","quote":"","quote_author":"","author_job_title":"","feature_iconsimages":null,"bullets":"none","bullet_text":null,"expiration_date":null,"review_type":"normal","reviews":null,"feature_image_cards":null,"feature_icon_cards":null,"podcast_date":null,"podcast_title":"","podcast_text":"","podcast_embed_script":"","campaign_advert_link":"","monthly":{"show_monthly_tab":false,"strikethrough_price":"","price_text":"","per_month_text":"","vat_text":"","subscribe_button_text":"","subscribe_button_link":""},"annual":{"show_annual_tab":false,"packages":null,"default_price":"","default_strikethrough_price":"","default_per_year_text":"","vat_text":"","subscribe_button_text":"","subscribe_button_link":""},"advisory_panel":null,"article_list_fields":null,"subscription_tab_main_heading":"","subscription_tabs":null,"accordion_for_page":null,"embed_code":""},{"choose_component":"generic","hide":"","logged_in":"","logged_out":"","grey_background":"","background_color":"","background_image":null,"title_text_color":"","title":"Principais benef\u00edcios","text":"<strong><img class=\"alignnone wp-image-10389 size-full\" src=\"https:\/\/bestpractice.bmj.com\/info\/wp-content\/uploads\/Numbers\/1.png\" alt=\"\" width=\"50\" height=\"50\" \/>\u00a0 Integra\u00e7\u00e3o simples<\/strong>\r\n\r\nUma ferramenta de orienta\u00e7\u00e3o local que permite que as organiza\u00e7\u00f5es de sa\u00fade integrem facilmente links para informa\u00e7\u00f5es cl\u00ednicas locais diretamente nos t\u00f3picos da BMJ Best Practice.\r\n\r\n<strong><img class=\"alignnone wp-image-10389 size-full\" src=\"https:\/\/bestpractice.bmj.com\/info\/wp-content\/uploads\/Numbers\/2.png\" alt=\"\" width=\"50\" height=\"50\" \/>\u00a0 \u00a0Maior consist\u00eancia dos cuidados<\/strong>\r\n\r\nAumentar a consist\u00eancia dos cuidados em todas as organiza\u00e7\u00f5es de sa\u00fade \u00e9 crucial. A ferramenta de orienta\u00e7\u00e3o local apoia isso, permitindo que as principais informa\u00e7\u00f5es cl\u00ednicas sejam armazenadas de forma centralizada e facilmente acess\u00edvel.\r\n\r\n<strong><img class=\"alignnone wp-image-10389 size-full\" src=\"https:\/\/bestpractice.bmj.com\/info\/wp-content\/uploads\/Numbers\/3.png\" alt=\"\" width=\"50\" height=\"50\" \/>\u00a0 \u00a0Tomada de decis\u00e3o mais r\u00e1pida<\/strong>\r\n\r\nAo testar essa ferramenta, os usu\u00e1rios elogiaram a conveni\u00eancia de ter todas as informa\u00e7\u00f5es essenciais acess\u00edveis em um local centralizado. Com acesso mais r\u00e1pido a informa\u00e7\u00f5es importantes, os profissionais de sa\u00fade podem tomar decis\u00f5es informadas mais rapidamente.","image":null,"qr_image":null,"circular_image":null,"button_text":"","button_url":"","button2_text":"","button2_url":"","video_embed":"","quote":"","quote_author":"","author_job_title":"","feature_iconsimages":null,"bullets":"none","bullet_text":null,"expiration_date":null,"review_type":"normal","reviews":null,"feature_image_cards":null,"feature_icon_cards":null,"podcast_date":null,"podcast_title":"","podcast_text":"","podcast_embed_script":"","campaign_advert_link":"","monthly":{"show_monthly_tab":false,"strikethrough_price":"","price_text":"","per_month_text":"","vat_text":"","subscribe_button_text":"","subscribe_button_link":""},"annual":{"show_annual_tab":false,"packages":null,"default_price":"","default_strikethrough_price":"","default_per_year_text":"","vat_text":"","subscribe_button_text":"","subscribe_button_link":""},"advisory_panel":null,"article_list_fields":null,"subscription_tab_main_heading":"","subscription_tabs":null,"accordion_for_page":null,"embed_code":""},{"choose_component":"standaloneCta","hide":"","logged_in":"","logged_out":"","grey_background":[],"background_color":"","background_image":null,"title_text_color":"","title":"Como come\u00e7ar:","text":"As organiza\u00e7\u00f5es de sa\u00fade podem cadastrar uma conta de administrador por institui\u00e7\u00e3o entrando em contato com <a href=\"mailto:support@bmj.com\">support@bmj.com<\/a>.\r\n\r\nOs solicitantes devem fornecer os seguintes detalhes: nome, nome da organiza\u00e7\u00e3o, cargo e um endere\u00e7o de e-mail com um dom\u00ednio que corresponda ao da organiza\u00e7\u00e3o.\r\n\r\nEm seguida, faremos a refer\u00eancia cruzada desses dados com os dados no nosso sistema.\r\n\r\nAp\u00f3s a aprova\u00e7\u00e3o, um e-mail de confirma\u00e7\u00e3o ser\u00e1 enviado com os dados da conta.","image":null,"qr_image":null,"circular_image":null,"button_text":"Entre em contato conosco","button_url":"https:\/\/bestpractice.bmj.com\/info\/contact-us\/","button2_text":"","button2_url":"","video_embed":"","quote":"","quote_author":"","author_job_title":"","feature_iconsimages":null,"bullets":"none","bullet_text":null,"expiration_date":null,"review_type":"normal","reviews":null,"feature_image_cards":null,"feature_icon_cards":null,"podcast_date":null,"podcast_title":"","podcast_text":"","podcast_embed_script":"","campaign_advert_link":"","monthly":{"show_monthly_tab":false,"strikethrough_price":"","price_text":"","per_month_text":"","vat_text":"","subscribe_button_text":"","subscribe_button_link":""},"annual":{"show_annual_tab":false,"packages":null,"default_price":"","default_strikethrough_price":"","default_per_year_text":"","vat_text":"","subscribe_button_text":"","subscribe_button_link":""},"advisory_panel":null,"article_list_fields":null,"subscription_tab_main_heading":"","subscription_tabs":null,"accordion_for_page":null,"embed_code":""}],"sticky_cta_text":"Contact us","sticky_cta_link":"https:\/\/bestpractice.bmj.com\/info\/pt\/contact-us\/","display_content_search":false,"seo_schema":""},"aioseo_notices":[],"_links":{"self":[{"href":"https:\/\/bestpractice.bmj.com\/info\/pt\/wp-json\/wp\/v2\/pages\/13361","targetHints":{"allow":["GET"]}}],"collection":[{"href":"https:\/\/bestpractice.bmj.com\/info\/pt\/wp-json\/wp\/v2\/pages"}],"about":[{"href":"https:\/\/bestpractice.bmj.com\/info\/pt\/wp-json\/wp\/v2\/types\/page"}],"author":[{"embeddable":true,"href":"https:\/\/bestpractice.bmj.com\/info\/pt\/wp-json\/wp\/v2\/users\/43"}],"replies":[{"embeddable":true,"href":"https:\/\/bestpractice.bmj.com\/info\/pt\/wp-json\/wp\/v2\/comments?post=13361"}],"version-history":[{"count":0,"href":"https:\/\/bestpractice.bmj.com\/info\/pt\/wp-json\/wp\/v2\/pages\/13361\/revisions"}],"wp:attachment":[{"href":"https:\/\/bestpractice.bmj.com\/info\/pt\/wp-json\/wp\/v2\/media?parent=13361"}],"curies":[{"name":"wp","href":"https:\/\/api.w.org\/{rel}","templated":true}]}}