{"id":13353,"date":"2023-10-03T06:28:59","date_gmt":"2023-10-03T05:28:59","guid":{"rendered":"https:\/\/bestpractice.bmj.com\/info\/?page_id=13353"},"modified":"2023-10-26T07:23:19","modified_gmt":"2023-10-26T06:23:19","slug":"clinical-tools","status":"publish","type":"page","link":"https:\/\/bestpractice.bmj.com\/info\/pt\/clinical-tools\/","title":{"rendered":"Clinical tools"},"content":{"rendered":"","protected":false},"excerpt":{"rendered":"","protected":false},"author":43,"featured_media":0,"parent":0,"menu_order":0,"comment_status":"closed","ping_status":"closed","template":"marketing_new.php","meta":{"_acf_changed":false,"footnotes":""},"class_list":["post-13353","page","type-page","status-publish","hentry"],"acf":{"components":[{"choose_component":"marketingImage","hide":"","logged_in":"","logged_out":"","grey_background":[],"background_color":"","background_image":null,"title_text_color":"","title":"Informa\u00e7\u00f5es e ferramentas cl\u00ednicas exclusivas e confi\u00e1veis","text":"","image":[{"image_field":13346}],"qr_image":null,"circular_image":null,"button_text":"","button_url":"","button2_text":"","button2_url":"","video_embed":"","quote":"","quote_author":"","author_job_title":"","feature_iconsimages":null,"bullets":"none","bullet_text":null,"expiration_date":null,"review_type":"normal","reviews":null,"feature_image_cards":null,"feature_icon_cards":null,"podcast_date":null,"podcast_title":"","podcast_text":"","podcast_embed_script":"","campaign_advert_link":"","monthly":{"show_monthly_tab":false,"strikethrough_price":"","price_text":"","per_month_text":"","vat_text":"","subscribe_button_text":"","subscribe_button_link":""},"annual":{"show_annual_tab":false,"packages":null,"default_price":"","default_strikethrough_price":"","default_per_year_text":"","vat_text":"","subscribe_button_text":"","subscribe_button_link":""},"advisory_panel":null,"article_list_fields":null,"subscription_tab_main_heading":"","subscription_tabs":null,"accordion_for_page":null,"embed_code":""},{"choose_component":"generic","hide":"","logged_in":"","logged_out":"","grey_background":"","background_color":"","background_image":null,"title_text_color":"","title":"Resposta \u00e0s mudan\u00e7as de necessidades dos profissionais de sa\u00fade","text":"As informa\u00e7\u00f5es cl\u00ednicas na BMJ Best Practice s\u00e3o ideais para generalistas, m\u00e9dicos juniores e a equipe multidisciplinar em geral, cobrindo mais de 90% das condi\u00e7\u00f5es mais comuns em ambientes de cuidados prim\u00e1rios e secund\u00e1rios.\r\n\r\nSomos a \u00fanica ferramenta de ponto de atendimento que oferece suporte ao gerenciamento do paciente como um todo, incluindo orienta\u00e7\u00f5es sobre o tratamento da condi\u00e7\u00e3o aguda de um paciente, juntamente com suas comorbidades pr\u00e9-existentes.\r\n\r\nComo uma verdadeira ferramenta de ponto de atendimento, as informa\u00e7\u00f5es cl\u00ednicas mais recentes s\u00e3o acess\u00edveis de forma f\u00e1cil e r\u00e1pida por meio do nosso site ou aplicativo.\r\n\r\nNossa orienta\u00e7\u00e3o \u00e9 estruturada de forma \u00fanica, com foco na consulta com o paciente, incluindo conselhos sobre avalia\u00e7\u00e3o de sintomas, solicita\u00e7\u00e3o de exames e abordagem de tratamento.","image":null,"qr_image":null,"circular_image":null,"button_text":"","button_url":"","button2_text":"","button2_url":"","video_embed":"","quote":"","quote_author":"","author_job_title":"","feature_iconsimages":null,"bullets":"none","bullet_text":null,"expiration_date":null,"review_type":"normal","reviews":null,"feature_image_cards":null,"feature_icon_cards":null,"podcast_date":null,"podcast_title":"","podcast_text":"","podcast_embed_script":"","campaign_advert_link":"","monthly":{"show_monthly_tab":false,"strikethrough_price":"","price_text":"","per_month_text":"","vat_text":"","subscribe_button_text":"","subscribe_button_link":""},"annual":{"show_annual_tab":false,"packages":null,"default_price":"","default_strikethrough_price":"","default_per_year_text":"","vat_text":"","subscribe_button_text":"","subscribe_button_link":""},"advisory_panel":null,"article_list_fields":null,"subscription_tab_main_heading":"","subscription_tabs":null,"accordion_for_page":null,"embed_code":""},{"choose_component":"bulletList","hide":"","logged_in":"","logged_out":"","grey_background":[],"background_color":"","background_image":null,"title_text_color":"","title":"Exclusividade da BMJ Best Practice","text":"A BMJ Best Practice colabora com institui\u00e7\u00f5es de sa\u00fade e acad\u00eamicas do mundo todo. Trabalhamos para entender as necessidades delas e dos nossos usu\u00e1rios para ajustar e desenvolver recursos essenciais.","image":null,"qr_image":null,"circular_image":null,"button_text":"","button_url":"","button2_text":"","button2_url":"","video_embed":"","quote":"","quote_author":"","author_job_title":"","feature_iconsimages":null,"bullets":"icon","bullet_text":[{"text_data":"<strong>O kit de ferramentas de medicina baseada em evid\u00eancias (EBM Toolkit)<\/strong> ensina os profissionais de sa\u00fade a avaliar os resultados dos estudos, mostrando at\u00e9 que ponto esses resultados podem ser generalizados na pr\u00e1tica cl\u00ednica rotineira, com contribui\u00e7\u00f5es dos principais pensadores da MBE. Tamb\u00e9m promove a tomada de decis\u00f5es em conjunto entre m\u00e9dicos e pacientes.","bullet_icon_url":"https:\/\/bestpractice.bmj.com\/info\/wp-content\/uploads\/Small-icon-EBM.png"},{"text_data":"<strong>Os algoritmos de tratamento<\/strong> fornecem orienta\u00e7\u00e3o r\u00e1pida e baseada em evid\u00eancias sobre recomenda\u00e7\u00f5es de gerenciamento para grupos espec\u00edficos de pacientes.","bullet_icon_url":"https:\/\/bestpractice.bmj.com\/info\/wp-content\/uploads\/Small-icon-Tx.png"},{"text_data":"<strong>O<\/strong> <strong>Cochrane Clinical Answers<\/strong> permite uma tomada de decis\u00e3o confiante em conjunto com os pacientes, mesmo quando h\u00e1 incerteza cl\u00ednica. As evid\u00eancias s\u00e3o exibidas em um formato de perguntas e respostas, e a narrativa, os n\u00fameros e os gr\u00e1ficos mostram a popula\u00e7\u00e3o, interven\u00e7\u00e3o, compara\u00e7\u00e3o e os resultados.","bullet_icon_url":"https:\/\/bestpractice.bmj.com\/info\/wp-content\/uploads\/Small-icon-CCAs.png"},{"text_data":"<strong>O Comorbidities Manager<\/strong> ajuda os hospitais a melhorar os resultados dos pacientes, reduzir custos, evitar tratamentos desnecess\u00e1rios e reduzir o tempo de interna\u00e7\u00e3o.","bullet_icon_url":"https:\/\/bestpractice.bmj.com\/info\/wp-content\/uploads\/51px-pink-icon-CMs-1.png"}],"expiration_date":null,"review_type":"normal","reviews":null,"feature_image_cards":null,"feature_icon_cards":null,"podcast_date":null,"podcast_title":"","podcast_text":"","podcast_embed_script":"","campaign_advert_link":"","monthly":{"show_monthly_tab":false,"strikethrough_price":"","price_text":"","per_month_text":"","vat_text":"","subscribe_button_text":"","subscribe_button_link":""},"annual":{"show_annual_tab":false,"packages":null,"default_price":"","default_strikethrough_price":"","default_per_year_text":"","vat_text":"","subscribe_button_text":"","subscribe_button_link":""},"advisory_panel":null,"article_list_fields":null,"subscription_tab_main_heading":"","subscription_tabs":null,"accordion_for_page":null,"embed_code":""},{"choose_component":"standaloneQuote","hide":"","logged_in":"","logged_out":"","grey_background":"","background_color":"","background_image":null,"title_text_color":"","title":"","text":"","image":null,"qr_image":null,"circular_image":null,"button_text":"","button_url":"","button2_text":"","button2_url":"","video_embed":"","quote":"Para aqueles momentos em que n\u00e3o h\u00e1 ningu\u00e9m dispon\u00edvel para consultar, ou quando voc\u00ea tem 95% de certeza, mas quer a garantia de ver os fatos, a BMJ Best Practice \u00e9 extremamente \u00fatil.","quote_author":"Dr Jack Cope, bolsista cl\u00ednico j\u00fanior em gastroenterologia ","author_job_title":"","feature_iconsimages":null,"bullets":"none","bullet_text":null,"expiration_date":null,"review_type":"normal","reviews":null,"feature_image_cards":null,"feature_icon_cards":null,"podcast_date":null,"podcast_title":"","podcast_text":"","podcast_embed_script":"","campaign_advert_link":"","monthly":{"show_monthly_tab":false,"strikethrough_price":"","price_text":"","per_month_text":"","vat_text":"","subscribe_button_text":"","subscribe_button_link":""},"annual":{"show_annual_tab":false,"packages":null,"default_price":"","default_strikethrough_price":"","default_per_year_text":"","vat_text":"","subscribe_button_text":"","subscribe_button_link":""},"advisory_panel":null,"article_list_fields":null,"subscription_tab_main_heading":"","subscription_tabs":null,"accordion_for_page":null,"embed_code":""},{"choose_component":"bulletList","hide":"","logged_in":"","logged_out":"","grey_background":[],"background_color":"","background_image":null,"title_text_color":"","title":"Rica em recursos","text":"Todos os dias, a BMJ Best Practice desempenha um papel crucial na tomada de decis\u00f5es cl\u00ednicas com suas ferramentas e t\u00f3picos cl\u00ednicos abrangentes.","image":null,"qr_image":null,"circular_image":null,"button_text":"","button_url":"","button2_text":"","button2_url":"","video_embed":"","quote":"","quote_author":"","author_job_title":"","feature_iconsimages":null,"bullets":"icon","bullet_text":[{"text_data":"<strong>T\u00f3picos de avalia\u00e7\u00e3o<\/strong> apoiam perguntas relativas a sinais, sintomas e resultados de testes anormais espec\u00edficos, diminuindo as causas poss\u00edveis e resumindo-as em uma lista curta de possibilidades de diagn\u00f3sticos em poucos segundos.\r\n\r\n&nbsp;","bullet_icon_url":"https:\/\/bestpractice.bmj.com\/info\/wp-content\/uploads\/Small-icon-Assessment.png"},{"text_data":"<strong>T\u00f3picos de doen\u00e7as<\/strong> fornecem uma vis\u00e3o geral da teoria e aspectos cl\u00ednicos, incluindo preven\u00e7\u00e3o, diagn\u00f3stico, tratamento e acompanhamento, com informa\u00e7\u00f5es detalhadas sobre doen\u00e7as espec\u00edficas","bullet_icon_url":"https:\/\/bestpractice.bmj.com\/info\/wp-content\/uploads\/Small-icon-Condition-topics.png"},{"text_data":"<strong>T\u00f3picos gerais<\/strong> fornecem uma sinopse geral sobre um grupo de doen\u00e7as, por exemplo, s\u00edndrome coronariana aguda, e tamb\u00e9m funcionam como uma central com links para doen\u00e7as ou t\u00f3picos de avalia\u00e7\u00e3o associados.","bullet_icon_url":"https:\/\/bestpractice.bmj.com\/info\/wp-content\/uploads\/Small-icon-Overview-topics.png"},{"text_data":"Cada t\u00f3pico da BMJ Best Practice cont\u00e9m uma lista de<strong> diretrizes internacionais de diagn\u00f3stico e tratamento<\/strong> relevantes para o t\u00f3pico e agrupadas por regi\u00e3o geogr\u00e1fica.","bullet_icon_url":"https:\/\/bestpractice.bmj.com\/info\/wp-content\/uploads\/51px-pink-icon-Dx-1.png"},{"text_data":"A BMJ Best Practice integrou uma curadoria cuidadosamente selecionada <strong>de relatos de casos<\/strong> que incluem doen\u00e7as raras e condi\u00e7\u00f5es e apresenta\u00e7\u00f5es incomuns. Relatos de casos d\u00e3o vida \u00e0 pr\u00e1tica e fornecem acesso r\u00e1pido a informa\u00e7\u00f5es de fontes confi\u00e1veis.","bullet_icon_url":"https:\/\/bestpractice.bmj.com\/info\/wp-content\/uploads\/Small-icon-Case-reports.png"},{"text_data":"Nosso <strong>aplicativo premiado e com avalia\u00e7\u00f5es excelentes<\/strong> fornece acesso \u00e0 BMJ Best Practice de qualquer lugar, a qualquer hora. Mesmo sem internet.","bullet_icon_url":"https:\/\/bestpractice.bmj.com\/info\/wp-content\/uploads\/51px-pink-icon-App-1.png"},{"text_data":"<strong>Mais de 250 calculadoras<\/strong> m\u00e9dicas ajudam a identificar, diagnosticar e tratar uma grande variedade de doen\u00e7as.","bullet_icon_url":"https:\/\/bestpractice.bmj.com\/info\/wp-content\/uploads\/Small-icon-Calculators.png"},{"text_data":"<strong>As tabelas de evid\u00eancias<\/strong> fornecem acesso f\u00e1cil a camadas de evid\u00eancias no contexto de quest\u00f5es cl\u00ednicas espec\u00edficas. Pontua\u00e7\u00f5es de evid\u00eancias vinculadas, com base no GRADE, aumentam a transpar\u00eancia sobre a qualidade da evid\u00eancia.","bullet_icon_url":"https:\/\/bestpractice.bmj.com\/info\/wp-content\/uploads\/Small-icon-Evidence-tables.png"},{"text_data":"<strong>Alertas de atualiza\u00e7\u00f5es importantes<\/strong> resumem os pontos principais, assim fica f\u00e1cil visualizar o que mudou sem mergulhar em diretrizes detalhadas.\r\n\r\n&nbsp;","bullet_icon_url":"https:\/\/bestpractice.bmj.com\/info\/wp-content\/uploads\/Small-icon-Important-updates.png"},{"text_data":"<strong>Os v\u00eddeos de procedimentos<\/strong> cobrem mais de 55 procedimentos cl\u00ednicos, como ventila\u00e7\u00e3o com bal\u00e3o e m\u00e1scara, pun\u00e7\u00e3o lombar e realiza\u00e7\u00e3o de ECG, com listas de equipamentos, complica\u00e7\u00f5es, indica\u00e7\u00f5es, contraindica\u00e7\u00f5es e cuidados posteriores fornecidos para cada demonstra\u00e7\u00e3o.","bullet_icon_url":"https:\/\/bestpractice.bmj.com\/info\/wp-content\/uploads\/Small-icon-Videos-1.png"},{"text_data":"<strong>Mais de 500 panfletos<\/strong> <strong>informativos<\/strong> para pacientes fornecem resumos concisos para ajudar os pacientes e seus cuidadores a tomar decis\u00f5es informadas com profissionais de sa\u00fade. Todos os panfletos s\u00e3o revisados pelo painel de pacientes do BMJ.","bullet_icon_url":"https:\/\/bestpractice.bmj.com\/info\/wp-content\/uploads\/Small-icon-Patient-leaflets.png"},{"text_data":"<strong>Integre seus formul\u00e1rios de medicamentos<\/strong> \u00e0 BMJ Best Practice para dar acesso r\u00e1pido a informa\u00e7\u00f5es detalhadas sobre dosagem, disponibilidade, formula\u00e7\u00f5es, efeitos adversos e contraindica\u00e7\u00f5es.","bullet_icon_url":"https:\/\/bestpractice.bmj.com\/info\/wp-content\/uploads\/Small-icon-Drugs.png"}],"expiration_date":null,"review_type":"normal","reviews":null,"feature_image_cards":null,"feature_icon_cards":null,"podcast_date":null,"podcast_title":"","podcast_text":"","podcast_embed_script":"","campaign_advert_link":"","monthly":{"show_monthly_tab":false,"strikethrough_price":"","price_text":"","per_month_text":"","vat_text":"","subscribe_button_text":"","subscribe_button_link":""},"annual":{"show_annual_tab":false,"packages":null,"default_price":"","default_strikethrough_price":"","default_per_year_text":"","vat_text":"","subscribe_button_text":"","subscribe_button_link":""},"advisory_panel":null,"article_list_fields":null,"subscription_tab_main_heading":"","subscription_tabs":null,"accordion_for_page":null,"embed_code":""}],"sticky_cta_text":"Subscribe today","sticky_cta_link":"https:\/\/bestpractice.bmj.com\/info\/subscribe\/","display_content_search":false,"seo_schema":""},"aioseo_notices":[],"_links":{"self":[{"href":"https:\/\/bestpractice.bmj.com\/info\/pt\/wp-json\/wp\/v2\/pages\/13353","targetHints":{"allow":["GET"]}}],"collection":[{"href":"https:\/\/bestpractice.bmj.com\/info\/pt\/wp-json\/wp\/v2\/pages"}],"about":[{"href":"https:\/\/bestpractice.bmj.com\/info\/pt\/wp-json\/wp\/v2\/types\/page"}],"author":[{"embeddable":true,"href":"https:\/\/bestpractice.bmj.com\/info\/pt\/wp-json\/wp\/v2\/users\/43"}],"replies":[{"embeddable":true,"href":"https:\/\/bestpractice.bmj.com\/info\/pt\/wp-json\/wp\/v2\/comments?post=13353"}],"version-history":[{"count":0,"href":"https:\/\/bestpractice.bmj.com\/info\/pt\/wp-json\/wp\/v2\/pages\/13353\/revisions"}],"wp:attachment":[{"href":"https:\/\/bestpractice.bmj.com\/info\/pt\/wp-json\/wp\/v2\/media?parent=13353"}],"curies":[{"name":"wp","href":"https:\/\/api.w.org\/{rel}","templated":true}]}}