{"id":13343,"date":"2023-10-03T05:48:04","date_gmt":"2023-10-03T04:48:04","guid":{"rendered":"https:\/\/bestpractice.bmj.com\/info\/?page_id=13343"},"modified":"2023-10-04T07:46:48","modified_gmt":"2023-10-04T06:46:48","slug":"history-of-bmj-best-practice","status":"publish","type":"page","link":"https:\/\/bestpractice.bmj.com\/info\/pt\/history-of-bmj-best-practice\/","title":{"rendered":"History of BMJ Best Practice"},"content":{"rendered":"","protected":false},"excerpt":{"rendered":"","protected":false},"author":43,"featured_media":0,"parent":0,"menu_order":0,"comment_status":"closed","ping_status":"closed","template":"marketing_new.php","meta":{"_acf_changed":false,"footnotes":""},"class_list":["post-13343","page","type-page","status-publish","hentry"],"acf":{"components":[{"choose_component":"marketingImage","hide":"","logged_in":"","logged_out":"","grey_background":[],"background_color":"","background_image":null,"title_text_color":"","title":"Como a BMJ Best Practice respondeu \u00e0s mudan\u00e7as na \u00e1rea da sa\u00fade nos \u00faltimos 15 anos","text":"","image":[{"image_field":13338}],"qr_image":null,"circular_image":null,"button_text":"","button_url":"","button2_text":"","button2_url":"","video_embed":"","quote":"","quote_author":"","author_job_title":"","feature_iconsimages":null,"bullets":"none","bullet_text":null,"expiration_date":null,"review_type":"normal","reviews":null,"feature_image_cards":null,"feature_icon_cards":null,"podcast_date":null,"podcast_title":"","podcast_text":"","podcast_embed_script":"","campaign_advert_link":"","monthly":{"show_monthly_tab":false,"strikethrough_price":"","price_text":"","per_month_text":"","vat_text":"","subscribe_button_text":"","subscribe_button_link":""},"annual":{"show_annual_tab":false,"packages":null,"default_price":"","default_strikethrough_price":"","default_per_year_text":"","vat_text":"","subscribe_button_text":"","subscribe_button_link":""},"advisory_panel":null,"article_list_fields":null,"subscription_tab_main_heading":"","subscription_tabs":null,"accordion_for_page":null,"embed_code":""},{"choose_component":"generic","hide":"","logged_in":"","logged_out":"","grey_background":"","background_color":"","background_image":null,"title_text_color":"","title":"","text":"<h3>A BMJ \u00e9 uma provedora global de conhecimento em sa\u00fade que oferece uma variedade de servi\u00e7os, incluindo o British Medical Journal (BMJ), o BMJ Learning e a BMJ Best Practice. Desde a sua cria\u00e7\u00e3o em 1840, o BMJ tem sido uma fonte confi\u00e1vel de conhecimento e inova\u00e7\u00e3o m\u00e9dica, reconhecido por sua excel\u00eancia em pesquisa e educa\u00e7\u00e3o m\u00e9dica no mundo todo. Sua miss\u00e3o \u00e9 criar um mundo mais saud\u00e1vel.<\/h3>\r\n<h2>Diretamente no ponto de atendimento<\/h2>\r\nA BMJ Best Practice \u00e9 uma ferramenta de suporte \u00e0 decis\u00e3o cl\u00ednica baseada em evid\u00eancias. Seu guia passo a passo para diagn\u00f3sticos, progn\u00f3sticos, tratamentos e preven\u00e7\u00f5es \u00e9 atualizado diariamente usando uma metodologia robusta e baseada em evid\u00eancias e opini\u00f5es de especialistas.\r\n\r\nA BMJ Best Practice \u00e9 a \u00fanica ferramenta de ponto de atendimento que oferece suporte ao gerenciamento de condi\u00e7\u00f5es \u00fanicas e pacientes com comorbidades mais complexas. Como um em cada tr\u00eas pacientes tem comorbidades, a BMJ Best Practice apoia os profissionais de sa\u00fade no tratamento do paciente como um todo.\r\n<h2>Uma fonte \u00fanica, confi\u00e1vel e baseada em evid\u00eancias de informa\u00e7\u00f5es acion\u00e1veis<\/h2>\r\nO BMJ Best Practice foi desenvolvido para fornecer aos profissionais de sa\u00fade uma ferramenta de apoio \u00e0 decis\u00e3o cl\u00ednica abrangente e confi\u00e1vel no ponto de atendimento, abordando o desafio de se manter atualizado com a grande quantidade de literatura m\u00e9dica dispon\u00edvel.\r\n\r\nDesde seu lan\u00e7amento em 2009, a BMJ Best Practice evoluiu continuamente para atender \u00e0s necessidades dos profissionais de sa\u00fade do mundo todo. Com usu\u00e1rios em mais de 100 pa\u00edses, <a href=\"https:\/\/stg-bestpractice.bmj.com\/info\/global_impact_for-transfer\/\">\u00e9 amplamente utilizada e avaliada em v\u00e1rios estudos<\/a>, demonstrando sua efic\u00e1cia no aprimoramento da tomada de decis\u00f5es cl\u00ednicas, na redu\u00e7\u00e3o de erros e na melhoria dos resultados dos pacientes.","image":null,"qr_image":null,"circular_image":null,"button_text":"","button_url":"","button2_text":"","button2_url":"","video_embed":"","quote":"","quote_author":"","author_job_title":"","feature_iconsimages":null,"bullets":"none","bullet_text":null,"expiration_date":null,"review_type":"normal","reviews":null,"feature_image_cards":null,"feature_icon_cards":null,"podcast_date":null,"podcast_title":"","podcast_text":"","podcast_embed_script":"","campaign_advert_link":"","monthly":{"show_monthly_tab":false,"strikethrough_price":"","price_text":"","per_month_text":"","vat_text":"","subscribe_button_text":"","subscribe_button_link":""},"annual":{"show_annual_tab":false,"packages":null,"default_price":"","default_strikethrough_price":"","default_per_year_text":"","vat_text":"","subscribe_button_text":"","subscribe_button_link":""},"advisory_panel":null,"article_list_fields":null,"subscription_tab_main_heading":"","subscription_tabs":null,"accordion_for_page":null,"embed_code":""},{"choose_component":"standaloneQuote","hide":"","logged_in":"","logged_out":"","grey_background":"","background_color":"","background_image":null,"title_text_color":"","title":"","text":"","image":null,"qr_image":null,"circular_image":null,"button_text":"","button_url":"","button2_text":"","button2_url":"","video_embed":"","quote":"Como um m\u00e9dico de cuidados prim\u00e1rios ocupado, a BMJ Best Practice \u00e9 minha ferramenta favorita para obter informa\u00e7\u00f5es r\u00e1pidas e confi\u00e1veis sobre uma ampla gama de condi\u00e7\u00f5es m\u00e9dicas.","quote_author":"John Smith, GP","author_job_title":"","feature_iconsimages":null,"bullets":"none","bullet_text":null,"expiration_date":null,"review_type":"normal","reviews":null,"feature_image_cards":null,"feature_icon_cards":null,"podcast_date":null,"podcast_title":"","podcast_text":"","podcast_embed_script":"","campaign_advert_link":"","monthly":{"show_monthly_tab":false,"strikethrough_price":"","price_text":"","per_month_text":"","vat_text":"","subscribe_button_text":"","subscribe_button_link":""},"annual":{"show_annual_tab":false,"packages":null,"default_price":"","default_strikethrough_price":"","default_per_year_text":"","vat_text":"","subscribe_button_text":"","subscribe_button_link":""},"advisory_panel":null,"article_list_fields":null,"subscription_tab_main_heading":"","subscription_tabs":null,"accordion_for_page":null,"embed_code":""},{"choose_component":"generic","hide":"","logged_in":"","logged_out":"","grey_background":"","background_color":"","background_image":null,"title_text_color":"","title":"Uma linha do tempo de desenvolvimentos","text":"<h3>Alguns dos principais marcos do nosso hist\u00f3rico de desenvolvimento est\u00e3o listados abaixo.<\/h3>\r\n<strong><img class=\"gmail-alignnone gmail-size-full gmail-wp-image-10385\" src=\"https:\/\/bestpractice.bmj.com\/info\/wp-content\/uploads\/Numbers\/1.png\" alt=\"1\" width=\"50\" height=\"50\" \/>\u00a0 Lan\u00e7amento da BMJ Best Practice em 2009<\/strong>\r\n\r\nA BMJ Best Practice foi lan\u00e7ada como uma ferramenta de apoio \u00e0 decis\u00e3o cl\u00ednica baseada em evid\u00eancias para fornecer aos profissionais de sa\u00fade acesso r\u00e1pido e f\u00e1cil \u00e0s informa\u00e7\u00f5es m\u00e9dicas mais recentes\r\n\r\n<strong><img class=\"gmail-alignnone gmail-wp-image-10421 gmail-size-full\" src=\"https:\/\/bestpractice.bmj.com\/info\/wp-content\/uploads\/Numbers\/2.png\" alt=\"2\" width=\"50\" height=\"50\" \/>\u00a0 Ado\u00e7\u00e3o de pr\u00e1ticas baseadas em evid\u00eancias (anos 2000-2010)<\/strong>\r\n\r\nAo longo dos anos, houve uma \u00eanfase cada vez maior na pr\u00e1tica baseada em evid\u00eancias na \u00e1rea da sa\u00fade. A BMJ Best Practice foi fundamental para apoiar essa mudan\u00e7a, fornecendo aos profissionais de sa\u00fade acesso \u00e0s mais recentes diretrizes e recomenda\u00e7\u00f5es baseadas em evid\u00eancias.\r\n\r\n<strong><img class=\"gmail-alignnone gmail-wp-image-10417 gmail-size-full\" src=\"https:\/\/bestpractice.bmj.com\/info\/wp-content\/uploads\/Numbers\/3.png\" alt=\"3\" width=\"50\" height=\"50\" \/>\u00a0 Lan\u00e7amento do aplicativo BMJ Best Practice (2010-2017)\u00a0<\/strong>\r\n\r\nEm 2010, a BMJ Best Practice lan\u00e7ou seu aplicativo m\u00f3vel, permitindo que os profissionais de sa\u00fade acessassem a ferramenta em qualquer lugar utilizando seus dispositivos m\u00f3veis. Ap\u00f3s o feedback dos usu\u00e1rios, um novo aplicativo foi projetado e lan\u00e7ado em 2017. Desde o seu lan\u00e7amento, \u00e9 o aplicativo de suporte \u00e0 decis\u00e3o cl\u00ednica mais bem avaliado.\r\n\r\n<strong><img class=\"gmail-alignnone gmail-wp-image-10413 gmail-size-full\" src=\"https:\/\/bestpractice.bmj.com\/info\/wp-content\/uploads\/Numbers\/4.png\" alt=\"4\" width=\"50\" height=\"50\" \/>\u00a0 Reformula\u00e7\u00e3o do produto em 2018<\/strong>\r\n\r\nEm 2018, a BMJ Best Practice passou por uma reformula\u00e7\u00e3o significativa do produto, o que incluiu uma reformula\u00e7\u00e3o da navega\u00e7\u00e3o, a inclus\u00e3o de v\u00eddeos de procedimentos, atualiza\u00e7\u00f5es que mudam a pr\u00e1tica e calculadoras. Essa reformula\u00e7\u00e3o teve como objetivo melhorar a experi\u00eancia do usu\u00e1rio e facilitar o acesso \u00e0s informa\u00e7\u00f5es m\u00e9dicas mais recentes por profissionais de sa\u00fade e sua aplica\u00e7\u00e3o pr\u00e1tica.\r\n\r\n<strong><img class=\"gmail-alignnone gmail-wp-image-10409 gmail-size-full\" src=\"https:\/\/bestpractice.bmj.com\/info\/wp-content\/uploads\/Numbers\/5.png\" alt=\"5\" width=\"50\" height=\"50\" \/>\u00a0 Lan\u00e7amento do Gerente de Comorbidades em 2020<\/strong>\r\n\r\nEm 2020, a BMJ Best Practice lan\u00e7ou o Comorbidities Manager, que permite que os profissionais de sa\u00fade gerenciem pacientes complexos, com v\u00e1rias comorbidades, de forma mais eficaz. A ferramenta permite que os profissionais de sa\u00fade tomem decis\u00f5es de tratamento mais informadas, fornecendo acesso \u00e0s mais recentes recomenda\u00e7\u00f5es baseadas em evid\u00eancias para o gerenciamento de pacientes com v\u00e1rias comorbidades em um cen\u00e1rio agudo.\r\n\r\n<strong><img class=\"gmail-alignnone gmail-wp-image-10405 gmail-size-full\" src=\"https:\/\/bestpractice.bmj.com\/info\/wp-content\/uploads\/Numbers\/6.png\" alt=\"6\" width=\"50\" height=\"50\" \/>\u00a0 Relan\u00e7amento da Ferramenta de Orienta\u00e7\u00e3o Local em 2020<\/strong>\r\n\r\nEm 2020, a BMJ Best Practice relan\u00e7ou a Ferramenta de Orienta\u00e7\u00e3o Local, que permite que as organiza\u00e7\u00f5es de sa\u00fade adicionem facilmente links para informa\u00e7\u00f5es cl\u00ednicas locais aos t\u00f3picos da BMJ Best Practice. A ferramenta permite que os profissionais de sa\u00fade acessem informa\u00e7\u00f5es cl\u00ednicas locais juntamente com as recomenda\u00e7\u00f5es baseadas em evid\u00eancias mais recentes, facilitando assim decis\u00f5es de tratamento mais informadas.\r\n\r\n<strong><img class=\"gmail-alignnone gmail-wp-image-10401 gmail-size-full\" src=\"https:\/\/bestpractice.bmj.com\/info\/wp-content\/uploads\/Numbers\/7.png\" alt=\"7\" width=\"50\" height=\"50\" \/>\u00a0 Aumento do uso de tecnologia na \u00e1rea da sa\u00fade (d\u00e9cada de 2010-2020)<\/strong>\r\n\r\nCom a ado\u00e7\u00e3o generalizada da tecnologia na \u00e1rea da sa\u00fade, a BMJ Best Practice evoluiu e se tornou uma ferramenta m\u00f3vel e interativa que pode ser acessada de qualquer lugar, a qualquer hora.\r\n\r\n<strong><img class=\"gmail-alignnone gmail-wp-image-10397 gmail-size-full\" src=\"https:\/\/bestpractice.bmj.com\/info\/wp-content\/uploads\/Numbers\/8.png\" alt=\"8\" width=\"50\" height=\"50\" \/>\u00a0 \u00canfase no cuidado centrado no paciente (anos 2010-2020)<\/strong>\r\n\r\nNos \u00faltimos anos, houve uma \u00eanfase cada vez maior no cuidado centrado no paciente. Isso significa envolver os pacientes nas decis\u00f5es sobre seus pr\u00f3prios cuidados e tratamentos. A BMJ Best Practice apoiou essa mudan\u00e7a, fornecendo aos profissionais de sa\u00fade ferramentas e recursos para ajud\u00e1-los a envolver os pacientes nos seus pr\u00f3prios cuidados\r\n\r\n<strong><img class=\"gmail-alignnone gmail-wp-image-10393 gmail-size-full\" src=\"https:\/\/bestpractice.bmj.com\/info\/wp-content\/uploads\/Numbers\/9.png\" alt=\"9\" width=\"50\" height=\"50\" \/>\u00a0 \u00canfase no cuidado baseado em valor (anos 2010-2020)<\/strong>\r\n\r\nAl\u00e9m do cuidado centrado no paciente, h\u00e1 uma \u00eanfase cada vez maior no cuidado baseado em valor, que envolve a presta\u00e7\u00e3o de cuidados de alta qualidade, econ\u00f4micos e eficientes. A BMJ Best Practice tem apoiado essa mudan\u00e7a, fornecendo aos profissionais de sa\u00fade acesso \u00e0s mais recentes diretrizes e recomenda\u00e7\u00f5es baseadas em evid\u00eancias para prestar cuidados baseados em valor.\r\n\r\n<strong><img class=\"gmail-alignnone gmail-wp-image-10389 gmail-size-full\" src=\"https:\/\/bestpractice.bmj.com\/info\/wp-content\/uploads\/Numbers\/10.png\" alt=\"10\" width=\"50\" height=\"50\" \/>\u00a0 Reformula\u00e7\u00e3o do algoritmo de tratamento e novos recursos do Comorbidities Manager em 2022<\/strong>\r\n\r\nEm 2022, a BMJ Best Practice reformulou o algoritmo de tratamento para facilitar o acesso r\u00e1pido e f\u00e1cil \u00e0s informa\u00e7\u00f5es de suporte \u00e0 decis\u00e3o cl\u00ednica. Al\u00e9m disso, novos recursos foram adicionados ao Comorbidities Manager para incorporar \"fragilidade\" e \"tabagismo\". Essas atualiza\u00e7\u00f5es tiveram como objetivo melhorar a precis\u00e3o e a efic\u00e1cia do suporte \u00e0 decis\u00e3o cl\u00ednica fornecido pela BMJ Best Practice.","image":null,"qr_image":null,"circular_image":null,"button_text":"","button_url":"","button2_text":"","button2_url":"","video_embed":"","quote":"","quote_author":"","author_job_title":"","feature_iconsimages":null,"bullets":"none","bullet_text":null,"expiration_date":null,"review_type":"normal","reviews":null,"feature_image_cards":null,"feature_icon_cards":null,"podcast_date":null,"podcast_title":"","podcast_text":"","podcast_embed_script":"","campaign_advert_link":"","monthly":{"show_monthly_tab":false,"strikethrough_price":"","price_text":"","per_month_text":"","vat_text":"","subscribe_button_text":"","subscribe_button_link":""},"annual":{"show_annual_tab":false,"packages":null,"default_price":"","default_strikethrough_price":"","default_per_year_text":"","vat_text":"","subscribe_button_text":"","subscribe_button_link":""},"advisory_panel":null,"article_list_fields":null,"subscription_tab_main_heading":"","subscription_tabs":null,"accordion_for_page":null,"embed_code":""}],"sticky_cta_text":"Subscribe today","sticky_cta_link":"https:\/\/bestpractice.bmj.com\/info\/subscribe\/","display_content_search":false,"seo_schema":""},"aioseo_notices":[],"_links":{"self":[{"href":"https:\/\/bestpractice.bmj.com\/info\/pt\/wp-json\/wp\/v2\/pages\/13343","targetHints":{"allow":["GET"]}}],"collection":[{"href":"https:\/\/bestpractice.bmj.com\/info\/pt\/wp-json\/wp\/v2\/pages"}],"about":[{"href":"https:\/\/bestpractice.bmj.com\/info\/pt\/wp-json\/wp\/v2\/types\/page"}],"author":[{"embeddable":true,"href":"https:\/\/bestpractice.bmj.com\/info\/pt\/wp-json\/wp\/v2\/users\/43"}],"replies":[{"embeddable":true,"href":"https:\/\/bestpractice.bmj.com\/info\/pt\/wp-json\/wp\/v2\/comments?post=13343"}],"version-history":[{"count":0,"href":"https:\/\/bestpractice.bmj.com\/info\/pt\/wp-json\/wp\/v2\/pages\/13343\/revisions"}],"wp:attachment":[{"href":"https:\/\/bestpractice.bmj.com\/info\/pt\/wp-json\/wp\/v2\/media?parent=13343"}],"curies":[{"name":"wp","href":"https:\/\/api.w.org\/{rel}","templated":true}]}}