{"id":13333,"date":"2023-10-03T06:09:52","date_gmt":"2023-10-03T05:09:52","guid":{"rendered":"https:\/\/bestpractice.bmj.com\/info\/?page_id=13333"},"modified":"2023-10-26T06:27:14","modified_gmt":"2023-10-26T05:27:14","slug":"about-bmj-best-practice","status":"publish","type":"page","link":"https:\/\/bestpractice.bmj.com\/info\/pt\/about-bmj-best-practice\/","title":{"rendered":"About BMJ Best Practice"},"content":{"rendered":"","protected":false},"excerpt":{"rendered":"","protected":false},"author":43,"featured_media":0,"parent":0,"menu_order":0,"comment_status":"closed","ping_status":"closed","template":"marketing_new.php","meta":{"_acf_changed":false,"footnotes":""},"class_list":["post-13333","page","type-page","status-publish","hentry"],"acf":{"components":[{"choose_component":"marketingImage","hide":"","logged_in":"","logged_out":"","grey_background":[],"background_color":"","background_image":null,"title_text_color":"","title":"Informa\u00e7\u00f5es de apoio \u00e0 decis\u00e3o cl\u00ednica baseada em evid\u00eancias para equipes multidisciplinares","text":"","image":[{"image_field":13328}],"qr_image":null,"circular_image":null,"button_text":"","button_url":"","button2_text":"","button2_url":"","video_embed":"","quote":"","quote_author":"","author_job_title":"","feature_iconsimages":null,"bullets":"none","bullet_text":null,"expiration_date":null,"review_type":"normal","reviews":null,"feature_image_cards":null,"feature_icon_cards":null,"podcast_date":null,"podcast_title":"","podcast_text":"","podcast_embed_script":"","campaign_advert_link":"","monthly":{"show_monthly_tab":false,"strikethrough_price":"","price_text":"","per_month_text":"","vat_text":"","subscribe_button_text":"","subscribe_button_link":""},"annual":{"show_annual_tab":false,"packages":null,"default_price":"","default_strikethrough_price":"","default_per_year_text":"","vat_text":"","subscribe_button_text":"","subscribe_button_link":""},"advisory_panel":null,"article_list_fields":null,"subscription_tab_main_heading":"","subscription_tabs":null,"accordion_for_page":null,"embed_code":""},{"choose_component":"generic","hide":"","logged_in":"","logged_out":"","grey_background":"","background_color":"","background_image":null,"title_text_color":"","title":"","text":"<h2>A BMJ Best Practice leva a voc\u00ea as \u00faltimas informa\u00e7\u00f5es baseadas em evid\u00eancias de forma r\u00e1pida e precisa, quando e onde quer que voc\u00ea precise.<\/h2>\r\nNossos guias passo a passo para diagn\u00f3sticos, progn\u00f3sticos, tratamentos e preven\u00e7\u00f5es s\u00e3o atualizados diariamente usando uma metodologia robusta e baseada em evid\u00eancias e opini\u00f5es de especialistas. Somos a \u00fanica ferramenta de ponto de atendimento que oferece suporte ao gerenciamento de condi\u00e7\u00f5es \u00fanicas e pacientes com comorbidades mais complexas. Apoiamos voc\u00ea no tratamento do paciente como um todo.\r\n\r\nNossa equipe interna de evid\u00eancias colabora com mais de 1.600 autores especialistas internacionais e mais de 2.500 avaliadores para garantir que os usu\u00e1rios sempre tenham as informa\u00e7\u00f5es baseadas em evid\u00eancias mais recentes e pr\u00e1ticas para o ambiente cl\u00ednico.","image":null,"qr_image":null,"circular_image":null,"button_text":"","button_url":"","button2_text":"","button2_url":"","video_embed":"","quote":"","quote_author":"","author_job_title":"","feature_iconsimages":null,"bullets":"none","bullet_text":null,"expiration_date":null,"review_type":"normal","reviews":null,"feature_image_cards":null,"feature_icon_cards":null,"podcast_date":null,"podcast_title":"","podcast_text":"","podcast_embed_script":"","campaign_advert_link":"","monthly":{"show_monthly_tab":false,"strikethrough_price":"","price_text":"","per_month_text":"","vat_text":"","subscribe_button_text":"","subscribe_button_link":""},"annual":{"show_annual_tab":false,"packages":null,"default_price":"","default_strikethrough_price":"","default_per_year_text":"","vat_text":"","subscribe_button_text":"","subscribe_button_link":""},"advisory_panel":null,"article_list_fields":null,"subscription_tab_main_heading":"","subscription_tabs":null,"accordion_for_page":null,"embed_code":""},{"choose_component":"bulletList","hide":"","logged_in":"","logged_out":"","grey_background":[],"background_color":"","background_image":null,"title_text_color":"","title":"","text":"<h2>A BMJ Best Practice tamb\u00e9m oferece:<\/h2>","image":null,"qr_image":null,"circular_image":null,"button_text":"","button_url":"","button2_text":"","button2_url":"","video_embed":"","quote":"","quote_author":"","author_job_title":"","feature_iconsimages":null,"bullets":"icon","bullet_text":[{"text_data":"<strong><a href=\"http:\/\/bestpractice.bmj.com\/info\/comorbidities\">Um Gerente de Comorbidades<\/a> exclusivo<\/strong> para apoiar os profissionais de sa\u00fade no tratamento do paciente como um todo ao gerenciar condi\u00e7\u00f5es agudas. A BMJ Best Practice \u00e9 o \u00fanico sistema de suporte \u00e0 decis\u00e3o cl\u00ednica que oferece um gerente de comorbidades dedicado.","bullet_icon_url":"https:\/\/bestpractice.bmj.com\/info\/wp-content\/uploads\/51px-pink-icon-CMs-1.png"},{"text_data":"Um <strong><a href=\"https:\/\/bestpractice.bmj.com\/info\/pt-br\/app\/\">aplicativo premiado<\/a><\/strong> que oferece acesso online e offline.","bullet_icon_url":"https:\/\/bestpractice.bmj.com\/info\/wp-content\/uploads\/51px-pink-icon-App-1.png"},{"text_data":"<strong>Diagn\u00f3sticos diferenciais, algoritmos de tratamento exclusivos e orienta\u00e7\u00f5es passo a passo sobre o tratamento<\/strong> para apoiar as demandas cl\u00ednicas da vida real.","bullet_icon_url":"https:\/\/bestpractice.bmj.com\/info\/wp-content\/uploads\/51px-pink-icon-Dx-1.png"},{"text_data":"Conte\u00fado multim\u00eddia, incluindo mais de <strong>5.000 imagens<\/strong> e <a href=\"https:\/\/bestpractice.bmj.com\/procedural-videos\">v\u00eddeos<\/a> que fornecem demonstra\u00e7\u00f5es animadas de procedimentos comuns, como a inser\u00e7\u00e3o de cateter venoso central.","bullet_icon_url":"https:\/\/bestpractice.bmj.com\/info\/wp-content\/uploads\/Small-icon-Videos.png"},{"text_data":"Acesso a <strong><a href=\"https:\/\/bestpractice.bmj.com\/patient-leaflets\">quase 500 panfletos<\/a> baseados em evid\u00eancias para pacientes<\/strong>. Os panfletos fornecem resumos concisos e simplificados para dar mais confian\u00e7a aos pacientes e cuidadores e ajud\u00e1-los a tomar decis\u00f5es informadas juntamente com os profissionais de sa\u00fade.","bullet_icon_url":"https:\/\/bestpractice.bmj.com\/info\/wp-content\/uploads\/Small-icon-Patient-leaflets.png"},{"text_data":"Mais de <a href=\"https:\/\/bestpractice.bmj.com\/calculators\"><strong>250 calculadoras<\/strong><\/a> cl\u00ednicas, dispon\u00edveis online e offline, que fornecem crit\u00e9rios r\u00e1pidos e suporte para c\u00e1lculos aos profissionais de sa\u00fade.","bullet_icon_url":"https:\/\/bestpractice.bmj.com\/info\/wp-content\/uploads\/Small-icon-Calculators.png"},{"text_data":"<strong>Hist\u00f3ricos de casos de pacientes t\u00edpicos<\/strong> para cada t\u00f3pico de condi\u00e7\u00e3o.","bullet_icon_url":"https:\/\/bestpractice.bmj.com\/info\/wp-content\/uploads\/Small-icon-Case-reports.png"},{"text_data":"<strong>Alertas visuais para evid\u00eancias que mudam a pr\u00e1tica:<\/strong> um resumo das atualiza\u00e7\u00f5es mais recentes \u00e9 fornecido na p\u00e1gina inicial e nos t\u00f3picos relevantes.","bullet_icon_url":"https:\/\/bestpractice.bmj.com\/info\/wp-content\/uploads\/Small-icon-Important-updates.png"},{"text_data":"Um <strong>Kit de Ferramentas de MBE,<\/strong> que fornece os fundamentos para aprender, praticar e discutir a medicina baseada em evid\u00eancias.","bullet_icon_url":"https:\/\/bestpractice.bmj.com\/info\/wp-content\/uploads\/Small-icon-EBM.png"},{"text_data":"<strong>Cobertura internacional de diretrizes de diagn\u00f3sticos e tratamentos<\/strong> agrupadas por \u00e1rea geogr\u00e1fica.","bullet_icon_url":"https:\/\/bestpractice.bmj.com\/info\/wp-content\/uploads\/Small-icon-Language-searching.png"},{"text_data":"<strong>Uma ferramenta de orienta\u00e7\u00e3o<\/strong> local que permite que as organiza\u00e7\u00f5es de sa\u00fade adicionem facilmente links para informa\u00e7\u00f5es cl\u00ednicas locais aos t\u00f3picos da BMJ Best Practice.","bullet_icon_url":"https:\/\/bestpractice.bmj.com\/info\/wp-content\/uploads\/Small-icon-Local-guidance.png"},{"text_data":"<strong>Tabelas de evid\u00eancias<\/strong> que seja mais f\u00e1cil encontrar, digerir e acionar as evid\u00eancias. Isso fornece aos profissionais de sa\u00fade respostas r\u00e1pidas a perguntas cr\u00edticas sobre evid\u00eancias, com base no GRADE, o padr\u00e3o internacional de desenvolvimento de diretrizes.","bullet_icon_url":"https:\/\/bestpractice.bmj.com\/info\/wp-content\/uploads\/Small-icon-Evidence-tables.png"},{"text_data":"Uma<strong> parceria \u00fanica<\/strong> com a <strong>Cochrane Clinical Answers<\/strong> que ajuda a diferenciar claramente opini\u00f5es de evid\u00eancias, permitindo uma tomada de decis\u00e3o confiante e baseada em evid\u00eancias em parceria com os pacientes.","bullet_icon_url":"https:\/\/bestpractice.bmj.com\/info\/wp-content\/uploads\/Small-icon-CCAs.png"},{"text_data":"<strong>65.000 refer\u00eancias<\/strong> incorporadas no texto como pop-ups.","bullet_icon_url":"https:\/\/bestpractice.bmj.com\/info\/wp-content\/uploads\/Small-icon-EHR.png"},{"text_data":"<strong>Rastreamento autom\u00e1tico de atividades de CME\/CPD<\/strong> no site e no aplicativo, o que permite aos usu\u00e1rios comprovar melhorias cont\u00ednuas e imprimir certificados personalizados para comprovar seu aprendizado.","bullet_icon_url":"https:\/\/bestpractice.bmj.com\/info\/wp-content\/uploads\/Small-icon-CME-CPD.png"},{"text_data":"<strong>Downloads de t\u00f3picos completos<\/strong> em formato PDF para ajudar alunos e profissionais de sa\u00fade que desejam fazer anota\u00e7\u00f5es sobre um t\u00f3pico","bullet_icon_url":"https:\/\/bestpractice.bmj.com\/info\/wp-content\/uploads\/Small-icon-Assessment.png"}],"expiration_date":null,"review_type":"normal","reviews":null,"feature_image_cards":null,"feature_icon_cards":null,"podcast_date":null,"podcast_title":"","podcast_text":"","podcast_embed_script":"","campaign_advert_link":"","monthly":{"show_monthly_tab":false,"strikethrough_price":"","price_text":"","per_month_text":"","vat_text":"","subscribe_button_text":"","subscribe_button_link":""},"annual":{"show_annual_tab":false,"packages":null,"default_price":"","default_strikethrough_price":"","default_per_year_text":"","vat_text":"","subscribe_button_text":"","subscribe_button_link":""},"advisory_panel":null,"article_list_fields":null,"subscription_tab_main_heading":"","subscription_tabs":null,"accordion_for_page":null,"embed_code":""}],"sticky_cta_text":"","sticky_cta_link":"","display_content_search":false,"seo_schema":""},"aioseo_notices":[],"_links":{"self":[{"href":"https:\/\/bestpractice.bmj.com\/info\/pt\/wp-json\/wp\/v2\/pages\/13333","targetHints":{"allow":["GET"]}}],"collection":[{"href":"https:\/\/bestpractice.bmj.com\/info\/pt\/wp-json\/wp\/v2\/pages"}],"about":[{"href":"https:\/\/bestpractice.bmj.com\/info\/pt\/wp-json\/wp\/v2\/types\/page"}],"author":[{"embeddable":true,"href":"https:\/\/bestpractice.bmj.com\/info\/pt\/wp-json\/wp\/v2\/users\/43"}],"replies":[{"embeddable":true,"href":"https:\/\/bestpractice.bmj.com\/info\/pt\/wp-json\/wp\/v2\/comments?post=13333"}],"version-history":[{"count":0,"href":"https:\/\/bestpractice.bmj.com\/info\/pt\/wp-json\/wp\/v2\/pages\/13333\/revisions"}],"wp:attachment":[{"href":"https:\/\/bestpractice.bmj.com\/info\/pt\/wp-json\/wp\/v2\/media?parent=13333"}],"curies":[{"name":"wp","href":"https:\/\/api.w.org\/{rel}","templated":true}]}}