{"id":13317,"date":"2023-10-03T05:45:37","date_gmt":"2023-10-03T04:45:37","guid":{"rendered":"https:\/\/bestpractice.bmj.com\/info\/?page_id=13317"},"modified":"2023-10-04T12:11:04","modified_gmt":"2023-10-04T11:11:04","slug":"telehealth","status":"publish","type":"page","link":"https:\/\/bestpractice.bmj.com\/info\/pt\/telehealth\/","title":{"rendered":"Telehealth"},"content":{"rendered":"","protected":false},"excerpt":{"rendered":"","protected":false},"author":31,"featured_media":0,"parent":0,"menu_order":0,"comment_status":"closed","ping_status":"closed","template":"marketing_new.php","meta":{"_acf_changed":false,"footnotes":""},"class_list":["post-13317","page","type-page","status-publish","hentry"],"acf":{"components":[{"choose_component":"marketingImage","hide":"","logged_in":"","logged_out":"","grey_background":[],"background_color":"","background_image":null,"title_text_color":"","title":"O emparelhamento da BMJ Best Practice com seus servi\u00e7os de telemedicina facilitar\u00e1 a rela\u00e7\u00e3o m\u00e9dico\/paciente","text":"","image":[{"image_field":13233}],"qr_image":null,"circular_image":null,"button_text":"","button_url":"","button2_text":"","button2_url":"","video_embed":"","quote":"","quote_author":"","author_job_title":"","feature_iconsimages":null,"bullets":"none","bullet_text":null,"expiration_date":null,"review_type":"normal","reviews":null,"feature_image_cards":null,"feature_icon_cards":null,"podcast_date":null,"podcast_title":"","podcast_text":"","podcast_embed_script":"","campaign_advert_link":"","monthly":{"show_monthly_tab":false,"strikethrough_price":"","price_text":"","per_month_text":"","vat_text":"","subscribe_button_text":"","subscribe_button_link":""},"annual":{"show_annual_tab":false,"packages":null,"default_price":"","default_strikethrough_price":"","default_per_year_text":"","vat_text":"","subscribe_button_text":"","subscribe_button_link":""},"advisory_panel":null,"article_list_fields":null,"subscription_tab_main_heading":"","subscription_tabs":null,"accordion_for_page":null,"embed_code":""},{"choose_component":"generic","hide":"","logged_in":"","logged_out":"","grey_background":"","background_color":"","background_image":null,"title_text_color":"","title":"","text":"<h1>Nossas informa\u00e7\u00f5es f\u00e1ceis de navegar e baseadas em evid\u00eancias garantem que os profissionais encontrem o que precisam de forma r\u00e1pida e eficiente durante consultas online.<\/h1>\r\n<ul>\r\n \t<li>\u00c9 relevante para m\u00e9dicos, profissionais de enfermagem e outros profissionais de sa\u00fade da linha de frente em call centers m\u00e9dicos<\/li>\r\n \t<li>Pode ser integrado ao seu sistema cl\u00ednico ou prontu\u00e1rio eletr\u00f4nico<\/li>\r\n \t<li>Apoia a tomada de decis\u00f5es compartilhadas com mais de 500 panfletos informativos para pacientes, algo essencial para uma pr\u00e1tica de telemedicina segura e de alta qualidade<\/li>\r\n \t<li>Permite que os profissionais de sa\u00fade monitorem, registrem e resgatem automaticamente CME\/CPD pelo tempo gasto na ferramenta.<\/li>\r\n<\/ul>\r\n&nbsp;","image":null,"qr_image":null,"circular_image":null,"button_text":"Leia: Aetna internacional escolhe a BMJ Best Practice","button_url":"https:\/\/bestpractice.bmj.com\/info\/customerstory\/aetna-international-chooses-bmj-best-practice-to-power-evidence-based-telehealth-consultation","button2_text":"","button2_url":"","video_embed":"","quote":"","quote_author":"","author_job_title":"","feature_iconsimages":null,"bullets":"none","bullet_text":null,"expiration_date":null,"review_type":"normal","reviews":null,"feature_image_cards":null,"feature_icon_cards":null,"podcast_date":null,"podcast_title":"","podcast_text":"","podcast_embed_script":"","campaign_advert_link":"","monthly":{"show_monthly_tab":false,"strikethrough_price":"","price_text":"","per_month_text":"","vat_text":"","subscribe_button_text":"","subscribe_button_link":""},"annual":{"show_annual_tab":false,"packages":null,"default_price":"","default_strikethrough_price":"","default_per_year_text":"","vat_text":"","subscribe_button_text":"","subscribe_button_link":""},"advisory_panel":null,"article_list_fields":null,"subscription_tab_main_heading":"","subscription_tabs":null,"accordion_for_page":null,"embed_code":""},{"choose_component":"standaloneQuote","hide":"","logged_in":"","logged_out":"","grey_background":"","background_color":"","background_image":null,"title_text_color":"","title":"","text":"","image":null,"qr_image":null,"circular_image":null,"button_text":"","button_url":"","button2_text":"","button2_url":"","video_embed":"","quote":"...se voc\u00ea quer mesmo reduzir seu risco cl\u00ednico e oferecer um servi\u00e7o de qualidade e busca a acredita\u00e7\u00e3o, ent\u00e3o acho que as pessoas devem realmente avaliar como a BMJ Best Practice pode ajudar os m\u00e9dicos a oferecer o melhor atendimento poss\u00edvel aos seus pacientes.","quote_author":"Dra. Hemal Desai, Diretora Executiva do Servi\u00e7o de Sa\u00fade Cl\u00ednica da Aetna International, parte do grupo CVS Health","author_job_title":"","feature_iconsimages":null,"bullets":"none","bullet_text":null,"expiration_date":null,"review_type":"normal","reviews":null,"feature_image_cards":null,"feature_icon_cards":null,"podcast_date":null,"podcast_title":"","podcast_text":"","podcast_embed_script":"","campaign_advert_link":"","monthly":{"show_monthly_tab":false,"strikethrough_price":"","price_text":"","per_month_text":"","vat_text":"","subscribe_button_text":"","subscribe_button_link":""},"annual":{"show_annual_tab":false,"packages":null,"default_price":"","default_strikethrough_price":"","default_per_year_text":"","vat_text":"","subscribe_button_text":"","subscribe_button_link":""},"advisory_panel":null,"article_list_fields":null,"subscription_tab_main_heading":"","subscription_tabs":null,"accordion_for_page":null,"embed_code":""},{"choose_component":"generic","hide":"","logged_in":"","logged_out":"","grey_background":"","background_color":"","background_image":null,"title_text_color":"","title":"Orienta\u00e7\u00e3o cl\u00ednica estruturada para espelhar o fluxo de trabalho cl\u00ednico","text":"<h3>Veja uma amostra dos nossos t\u00f3picos e entenda por que nossas informa\u00e7\u00f5es cl\u00ednicas contribu\u00edram para o nosso sucesso como uma das melhores ferramentas de apoio \u00e0 decis\u00e3o cl\u00ednica para profissionais de sa\u00fade do mundo todo.*<\/h3>\r\n*Journal of Medical Internet Research\r\n\r\nNossa estrutura \u00fanica e nosso compromisso com as evid\u00eancias fizeram da BMJ Best Practice uma parceira de confian\u00e7a para algumas das ferramentas mais renomadas do mundo. Agende uma chamada com nossa equipe para explorar como podemos ajudar voc\u00ea a apoiar seus fornecedores, enriquecer suas ofertas de conte\u00fado ou explorar novos empreendimentos.","image":null,"qr_image":null,"circular_image":null,"button_text":"Avalia\u00e7\u00e3o da dispneia ","button_url":"https:\/\/bestpractice.bmj.com\/topics\/pt-br\/862","button2_text":"Diabetes tipo 2","button2_url":"https:\/\/bestpractice.bmj.com\/topics\/pt-br\/24","video_embed":"","quote":"","quote_author":"","author_job_title":"","feature_iconsimages":null,"bullets":"none","bullet_text":null,"expiration_date":null,"review_type":"normal","reviews":null,"feature_image_cards":null,"feature_icon_cards":null,"podcast_date":null,"podcast_title":"","podcast_text":"","podcast_embed_script":"","campaign_advert_link":"","monthly":{"show_monthly_tab":false,"strikethrough_price":"","price_text":"","per_month_text":"","vat_text":"","subscribe_button_text":"","subscribe_button_link":""},"annual":{"show_annual_tab":false,"packages":null,"default_price":"","default_strikethrough_price":"","default_per_year_text":"","vat_text":"","subscribe_button_text":"","subscribe_button_link":""},"advisory_panel":null,"article_list_fields":null,"subscription_tab_main_heading":"","subscription_tabs":null,"accordion_for_page":null,"embed_code":""},{"choose_component":"generic","hide":"","logged_in":"","logged_out":"","grey_background":"","background_color":"","background_image":null,"title_text_color":"","title":"Acesse BMJ Best Practice","text":"<h3>Voc\u00ea pode acessar as informa\u00e7\u00f5es cl\u00ednicas da BMJ Best Practice das tr\u00eas maneiras a seguir:<\/h3>\r\n<ul>\r\n \t<li>Uma <a href=\"https:\/\/bestpractice.bmj.com\/info\/pt\/subscribe\/\">assinatura<\/a><\/li>\r\n \t<li>Integrando a BMJ Best Practice com seu sistema de prontu\u00e1rios eletr\u00f4nicos<\/li>\r\n \t<li>Licenciando nosso conte\u00fado<\/li>\r\n<\/ul>","image":null,"qr_image":null,"circular_image":null,"button_text":"","button_url":"","button2_text":"","button2_url":"","video_embed":"","quote":"","quote_author":"","author_job_title":"","feature_iconsimages":null,"bullets":"none","bullet_text":null,"expiration_date":null,"review_type":"normal","reviews":null,"feature_image_cards":null,"feature_icon_cards":null,"podcast_date":null,"podcast_title":"","podcast_text":"","podcast_embed_script":"","campaign_advert_link":"","monthly":{"show_monthly_tab":false,"strikethrough_price":"","price_text":"","per_month_text":"","vat_text":"","subscribe_button_text":"","subscribe_button_link":""},"annual":{"show_annual_tab":false,"packages":null,"default_price":"","default_strikethrough_price":"","default_per_year_text":"","vat_text":"","subscribe_button_text":"","subscribe_button_link":""},"advisory_panel":null,"article_list_fields":null,"subscription_tab_main_heading":"","subscription_tabs":null,"accordion_for_page":null,"embed_code":""},{"choose_component":"generic","hide":"","logged_in":"","logged_out":"","grey_background":"","background_color":"","background_image":null,"title_text_color":"","title":"Contact us","text":"<h3>Quer explorar uma ideia? Nossa equipe experiente adoraria falar com voc\u00ea.<\/h3>\r\nT: + 1 855-458-0579\r\nE: <a href=\"mailto:LatAmsupport@bmj.com\">LatAmSupport@bmj.com<\/a>\r\nChat ao vivo<a class=\"waffle-rich-text-link\" href=\"http:\/\/support.bmj.com\/\">:<\/a><a href=\"http:\/\/support.bmj.com\"> support.bmj.com<\/a>\r\n\r\n&nbsp;","image":null,"qr_image":null,"circular_image":null,"button_text":"","button_url":"","button2_text":"","button2_url":"","video_embed":"","quote":"","quote_author":"","author_job_title":"","feature_iconsimages":null,"bullets":"none","bullet_text":null,"expiration_date":null,"review_type":"normal","reviews":null,"feature_image_cards":null,"feature_icon_cards":null,"podcast_date":null,"podcast_title":"","podcast_text":"","podcast_embed_script":"","campaign_advert_link":"","monthly":{"show_monthly_tab":false,"strikethrough_price":"","price_text":"","per_month_text":"","vat_text":"","subscribe_button_text":"","subscribe_button_link":""},"annual":{"show_annual_tab":false,"packages":null,"default_price":"","default_strikethrough_price":"","default_per_year_text":"","vat_text":"","subscribe_button_text":"","subscribe_button_link":""},"advisory_panel":null,"article_list_fields":null,"subscription_tab_main_heading":"","subscription_tabs":null,"accordion_for_page":null,"embed_code":""},{"choose_component":"marketingIconcards","hide":"","logged_in":"","logged_out":"","grey_background":"","background_color":"","background_image":null,"title_text_color":"","title":"Porque somos a sua melhor op\u00e7\u00e3o de apoio \u00e0s decis\u00f5es cl\u00ednicas","text":"A BMJ Best Practice \u00e9 uma ferramenta de apoio \u00e0 decis\u00e3o cl\u00ednica abrangente e baseada em evid\u00eancias. Ela foi desenvolvida para ajudar os profissionais de sa\u00fade a tomar decis\u00f5es informadas no ponto de atendimento, a qualquer hora, em qualquer lugar.\r\n\r\n\u00c9 f\u00e1cil de usar e ajuda os profissionais de sa\u00fade a se manterem atualizados sobre as pesquisas e diretrizes m\u00e9dicas mais recentes e oferecer cuidados de alta qualidade em diversas condi\u00e7\u00f5es m\u00e9dicas.","image":null,"qr_image":null,"circular_image":null,"button_text":"","button_url":"","button2_text":"","button2_url":"","video_embed":"","quote":"","quote_author":"","author_job_title":"","feature_iconsimages":null,"bullets":"none","bullet_text":null,"expiration_date":null,"review_type":"normal","reviews":null,"feature_image_cards":null,"feature_icon_cards":[{"feature_card_icon":10901,"feature_card_subtitle":"Acesso em qualquer lugar","feature_card_text":"As informa\u00e7\u00f5es certas, quando e onde voc\u00ea precisar delas","feature_card_button_text":"Leia mais","feature_card_button_link":"https:\/\/bestpractice.bmj.com\/info\/pt\/access-anywhere\/"},{"feature_card_icon":10949,"feature_card_subtitle":"Ganhe cr\u00e9ditos","feature_card_text":"Ganhe cr\u00e9ditos de CPD\/CME enquanto procura respostas para suas perguntas cl\u00ednicas","feature_card_button_text":"Leia mais","feature_card_button_link":"https:\/\/bestpractice.bmj.com\/info\/pt\/earn-cme-cpd-points"},{"feature_card_icon":10989,"feature_card_subtitle":"Baseado em evid\u00eancias","feature_card_text":"Atualizado diariamente, o BMJ Best Practice se baseia nas mais recentes pesquisas baseadas em evid\u00eancias","feature_card_button_text":"Leia mais","feature_card_button_link":"https:\/\/bestpractice.bmj.com\/info\/pt\/evidence-based\/"},{"feature_card_icon":10933,"feature_card_subtitle":"Conte\u00fado confi\u00e1vel","feature_card_text":"Projetado para uso no ponto de atendimento, com todos os recursos desenvolvidos com nossos usu\u00e1rios","feature_card_button_text":"Leia mais","feature_card_button_link":"https:\/\/bestpractice.bmj.com\/info\/pt\/trusted-content\/"}],"podcast_date":null,"podcast_title":"","podcast_text":"","podcast_embed_script":"","campaign_advert_link":"","monthly":{"show_monthly_tab":false,"strikethrough_price":"","price_text":"","per_month_text":"","vat_text":"","subscribe_button_text":"","subscribe_button_link":""},"annual":{"show_annual_tab":false,"packages":null,"default_price":"","default_strikethrough_price":"","default_per_year_text":"","vat_text":"","subscribe_button_text":"","subscribe_button_link":""},"advisory_panel":null,"article_list_fields":null,"subscription_tab_main_heading":"","subscription_tabs":null,"accordion_for_page":null,"embed_code":""},{"choose_component":"advetorialQuote","hide":"","logged_in":"","logged_out":"","grey_background":"","background_color":"#1f5189","background_image":12617,"title_text_color":"#ffffff","title":"Enfrentando o desafio das comorbidades","text":"<strong>Um em cada tr\u00eas adultos sofre de v\u00e1rias condi\u00e7\u00f5es cr\u00f4nicas, e a maioria dos pacientes agudos tem mais de uma condi\u00e7\u00e3o m\u00e9dica. <\/strong>Nosso Comorbidities Manager est\u00e1 totalmente integrado \u00e0 BMJ Best Practice, a ferramenta de apoio \u00e0 decis\u00e3o cl\u00ednica que ajuda os profissionais a tratar o paciente como um todo.\r\n\r\nSomos a \u00fanica ferramenta de ponto de atendimento que oferece apoio ao gerenciamento do paciente como um todo, incluindo orienta\u00e7\u00f5es sobre o tratamento da condi\u00e7\u00e3o aguda, juntamente com comorbidades pr\u00e9-existentes. Acesse o link abaixo para saber mais.","image":null,"qr_image":null,"circular_image":null,"button_text":"Leia mais","button_url":"https:\/\/bestpractice.bmj.com\/info\/pt\/comorbidities_logged-out","button2_text":"","button2_url":"","video_embed":"","quote":"Tratar cada doen\u00e7a em um paciente como se ela existisse de forma isolada leva a menos resultados bons e complica e duplica as intera\u00e7\u00f5es com o sistema de sa\u00fade.\"","quote_author":"Christopher J M Whitty","author_job_title":"Chief Medical Officer, England","feature_iconsimages":null,"bullets":"none","bullet_text":null,"expiration_date":null,"review_type":"normal","reviews":null,"feature_image_cards":null,"feature_icon_cards":null,"podcast_date":null,"podcast_title":"","podcast_text":"","podcast_embed_script":"","campaign_advert_link":"","monthly":{"show_monthly_tab":false,"strikethrough_price":"","price_text":"","per_month_text":"","vat_text":"","subscribe_button_text":"","subscribe_button_link":""},"annual":{"show_annual_tab":false,"packages":null,"default_price":"","default_strikethrough_price":"","default_per_year_text":"","vat_text":"","subscribe_button_text":"","subscribe_button_link":""},"advisory_panel":null,"article_list_fields":null,"subscription_tab_main_heading":"","subscription_tabs":null,"accordion_for_page":null,"embed_code":""},{"choose_component":"generic","hide":"","logged_in":"","logged_out":["yes"],"grey_background":["yes"],"background_color":"","background_image":null,"title_text_color":"","title":"Op\u00e7\u00f5es de assinatura mensal e anual dispon\u00edveis","text":"","image":null,"qr_image":null,"circular_image":null,"button_text":"Assine hoje","button_url":"https:\/\/bestpractice.bmj.com\/info\/pt\/subscribe\/","button2_text":"","button2_url":"","video_embed":"","quote":"","quote_author":"","author_job_title":"","feature_iconsimages":null,"bullets":"none","bullet_text":null,"expiration_date":null,"review_type":"normal","reviews":null,"feature_image_cards":null,"feature_icon_cards":null,"podcast_date":null,"podcast_title":"","podcast_text":"","podcast_embed_script":"","campaign_advert_link":"","monthly":{"show_monthly_tab":false,"strikethrough_price":"","price_text":"","per_month_text":"","vat_text":"","subscribe_button_text":"","subscribe_button_link":""},"annual":{"show_annual_tab":false,"packages":null,"default_price":"","default_strikethrough_price":"","default_per_year_text":"","vat_text":"","subscribe_button_text":"","subscribe_button_link":""},"advisory_panel":null,"article_list_fields":null,"subscription_tab_main_heading":"","subscription_tabs":null,"accordion_for_page":null,"embed_code":""}],"sticky_cta_text":"Assine hoje","sticky_cta_link":"https:\/\/bestpractice.bmj.com\/info\/pt\/subscribe\/","display_content_search":false,"seo_schema":""},"aioseo_notices":[],"_links":{"self":[{"href":"https:\/\/bestpractice.bmj.com\/info\/pt\/wp-json\/wp\/v2\/pages\/13317","targetHints":{"allow":["GET"]}}],"collection":[{"href":"https:\/\/bestpractice.bmj.com\/info\/pt\/wp-json\/wp\/v2\/pages"}],"about":[{"href":"https:\/\/bestpractice.bmj.com\/info\/pt\/wp-json\/wp\/v2\/types\/page"}],"author":[{"embeddable":true,"href":"https:\/\/bestpractice.bmj.com\/info\/pt\/wp-json\/wp\/v2\/users\/31"}],"replies":[{"embeddable":true,"href":"https:\/\/bestpractice.bmj.com\/info\/pt\/wp-json\/wp\/v2\/comments?post=13317"}],"version-history":[{"count":0,"href":"https:\/\/bestpractice.bmj.com\/info\/pt\/wp-json\/wp\/v2\/pages\/13317\/revisions"}],"wp:attachment":[{"href":"https:\/\/bestpractice.bmj.com\/info\/pt\/wp-json\/wp\/v2\/media?parent=13317"}],"curies":[{"name":"wp","href":"https:\/\/api.w.org\/{rel}","templated":true}]}}