{"id":13310,"date":"2023-10-03T05:38:47","date_gmt":"2023-10-03T04:38:47","guid":{"rendered":"https:\/\/bestpractice.bmj.com\/info\/?page_id=13310"},"modified":"2023-10-04T11:25:08","modified_gmt":"2023-10-04T10:25:08","slug":"paramedics","status":"publish","type":"page","link":"https:\/\/bestpractice.bmj.com\/info\/pt\/paramedics\/","title":{"rendered":"Paramedics"},"content":{"rendered":"","protected":false},"excerpt":{"rendered":"","protected":false},"author":31,"featured_media":0,"parent":0,"menu_order":0,"comment_status":"closed","ping_status":"closed","template":"marketing_new.php","meta":{"_acf_changed":false,"footnotes":""},"class_list":["post-13310","page","type-page","status-publish","hentry"],"acf":{"components":[{"choose_component":"marketingImage","hide":"","logged_in":"","logged_out":"","grey_background":[],"background_color":"","background_image":null,"title_text_color":"","title":"A BMJ Best Practice oferece acesso r\u00e1pido e f\u00e1cil \u00e0s informa\u00e7\u00f5es cl\u00ednicas de apoio mais recentes","text":"","image":[{"image_field":13304}],"qr_image":null,"circular_image":null,"button_text":"","button_url":"","button2_text":"","button2_url":"","video_embed":"","quote":"","quote_author":"","author_job_title":"","feature_iconsimages":null,"bullets":"none","bullet_text":null,"expiration_date":null,"review_type":"normal","reviews":null,"feature_image_cards":null,"feature_icon_cards":null,"podcast_date":null,"podcast_title":"","podcast_text":"","podcast_embed_script":"","campaign_advert_link":"","monthly":{"show_monthly_tab":false,"strikethrough_price":"","price_text":"","per_month_text":"","vat_text":"","subscribe_button_text":"","subscribe_button_link":""},"annual":{"show_annual_tab":false,"packages":null,"default_price":"","default_strikethrough_price":"","default_per_year_text":"","vat_text":"","subscribe_button_text":"","subscribe_button_link":""},"advisory_panel":null,"article_list_fields":null,"subscription_tab_main_heading":"","subscription_tabs":null,"accordion_for_page":null,"embed_code":""},{"choose_component":"genericQuote","hide":"","logged_in":"","logged_out":"","grey_background":"","background_color":"","background_image":null,"title_text_color":"","title":"","text":"<h1>Os param\u00e9dicos desempenham um papel crucial na presta\u00e7\u00e3o de cuidados de sa\u00fade de urg\u00eancia e emerg\u00eancia. A BMJ Best Practice pode ajudar voc\u00ea a fornecer tratamento cont\u00ednuo, eficaz e de alta qualidade aos seus pacientes.<\/h1>\r\n<h3>Ajuda a avaliar pacientes, fornecer tratamento de emerg\u00eancia e fazer diagn\u00f3sticos com acesso r\u00e1pido a informa\u00e7\u00f5es baseadas em evid\u00eancias no ponto de atendimento.<\/h3>\r\n<ul>\r\n \t<li>Diagn\u00f3sticos diferenciais, algoritmos de tratamento exclusivos e orienta\u00e7\u00f5es passo a passo sobre o tratamento para apoiar as demandas cl\u00ednicas da vida real<\/li>\r\n \t<li>Obtenha as informa\u00e7\u00f5es certas, quando e onde precisar. Acesse online e offline por meio do aplicativo BMJ Best Practice<\/li>\r\n \t<li>Mais de 5.000 imagens e v\u00eddeos que fornecem demonstra\u00e7\u00f5es animadas de procedimentos comuns. Por exemplo, inser\u00e7\u00e3o de cateter venoso central<\/li>\r\n \t<li>Fique por dentro das novidades e continue o seu desenvolvimento profissional sempre, com monitoramento autom\u00e1tico de CME\/CPD para embasar revalida\u00e7\u00f5es e avalia\u00e7\u00f5es<\/li>\r\n<\/ul>","image":null,"qr_image":null,"circular_image":null,"button_text":"","button_url":"","button2_text":"","button2_url":"","video_embed":"","quote":"Para meus estudos, o BMJ Best Practice est\u00e1 rapidamente se tornando meu novo melhor amigo. \u00c9 uma \u00f3tima ferramenta de refer\u00eancia e aprendizado para os alunos.","quote_author":"Benjamin Morris","author_job_title":"Param\u00e9dico Trainee, Anglia Ruskin University, UK","feature_iconsimages":null,"bullets":"none","bullet_text":null,"expiration_date":null,"review_type":"normal","reviews":null,"feature_image_cards":null,"feature_icon_cards":null,"podcast_date":null,"podcast_title":"","podcast_text":"","podcast_embed_script":"","campaign_advert_link":"","monthly":{"show_monthly_tab":false,"strikethrough_price":"","price_text":"","per_month_text":"","vat_text":"","subscribe_button_text":"","subscribe_button_link":""},"annual":{"show_annual_tab":false,"packages":null,"default_price":"","default_strikethrough_price":"","default_per_year_text":"","vat_text":"","subscribe_button_text":"","subscribe_button_link":""},"advisory_panel":null,"article_list_fields":null,"subscription_tab_main_heading":"","subscription_tabs":null,"accordion_for_page":null,"embed_code":""},{"choose_component":"marketingIconcards","hide":"","logged_in":"","logged_out":"","grey_background":"","background_color":"","background_image":null,"title_text_color":"","title":"Porque somos a sua melhor op\u00e7\u00e3o de apoio \u00e0s decis\u00f5es cl\u00ednicas","text":"A BMJ Best Practice \u00e9 uma ferramenta de apoio \u00e0 decis\u00e3o cl\u00ednica abrangente e baseada em evid\u00eancias. Ela foi desenvolvida para ajudar os profissionais de sa\u00fade a tomar decis\u00f5es informadas no ponto de atendimento, a qualquer hora, em qualquer lugar.\r\n\r\n\u00c9 f\u00e1cil de usar e ajuda os profissionais de sa\u00fade a se manterem atualizados sobre as pesquisas e diretrizes m\u00e9dicas mais recentes e oferecer cuidados de alta qualidade em diversas condi\u00e7\u00f5es m\u00e9dicas.","image":null,"qr_image":null,"circular_image":null,"button_text":"","button_url":"","button2_text":"","button2_url":"","video_embed":"","quote":"","quote_author":"","author_job_title":"","feature_iconsimages":null,"bullets":"none","bullet_text":null,"expiration_date":null,"review_type":"normal","reviews":null,"feature_image_cards":null,"feature_icon_cards":[{"feature_card_icon":10901,"feature_card_subtitle":"Acesso em qualquer lugar","feature_card_text":"As informa\u00e7\u00f5es certas, quando e onde voc\u00ea precisar delas","feature_card_button_text":"Leia mais","feature_card_button_link":"https:\/\/bestpractice.bmj.com\/info\/access-anywhere\/"},{"feature_card_icon":10949,"feature_card_subtitle":"Ganhe pontos CME","feature_card_text":"Ganhe cr\u00e9ditos de CPD\/CME enquanto procura respostas para suas perguntas cl\u00ednicas","feature_card_button_text":"Leia mais","feature_card_button_link":"https:\/\/bestpractice.bmj.com\/info\/earn-cme-cpd-points"},{"feature_card_icon":10989,"feature_card_subtitle":"Baseado em evid\u00eancias","feature_card_text":"Atualizado diariamente, o BMJ Best Practice se baseia nas mais recentes pesquisas baseadas em evid\u00eancias","feature_card_button_text":"Leia mais","feature_card_button_link":"https:\/\/bestpractice.bmj.com\/info\/evidence-based\/"},{"feature_card_icon":10933,"feature_card_subtitle":"Conte\u00fado confi\u00e1vel","feature_card_text":"Projetado para uso no ponto de atendimento, com todos os recursos desenvolvidos com nossos usu\u00e1rios","feature_card_button_text":"Leia mais","feature_card_button_link":"https:\/\/bestpractice.bmj.com\/info\/trusted-content\/"}],"podcast_date":null,"podcast_title":"","podcast_text":"","podcast_embed_script":"","campaign_advert_link":"","monthly":{"show_monthly_tab":false,"strikethrough_price":"","price_text":"","per_month_text":"","vat_text":"","subscribe_button_text":"","subscribe_button_link":""},"annual":{"show_annual_tab":false,"packages":null,"default_price":"","default_strikethrough_price":"","default_per_year_text":"","vat_text":"","subscribe_button_text":"","subscribe_button_link":""},"advisory_panel":null,"article_list_fields":null,"subscription_tab_main_heading":"","subscription_tabs":null,"accordion_for_page":null,"embed_code":""},{"choose_component":"advetorialQuote","hide":"","logged_in":"","logged_out":"","grey_background":"","background_color":"#1f5189","background_image":12617,"title_text_color":"#ffffff","title":"Enfrentando o desafio das comorbidades","text":"<strong>Um em cada tr\u00eas adultos sofre de v\u00e1rias condi\u00e7\u00f5es cr\u00f4nicas, e a maioria dos pacientes agudos tem mais de uma condi\u00e7\u00e3o m\u00e9dica. <\/strong>\r\n\r\nNosso Comorbidities Manager est\u00e1 totalmente integrado \u00e0 BMJ Best Practice, a ferramenta de apoio \u00e0 decis\u00e3o cl\u00ednica que ajuda os profissionais a tratar o paciente como um todo.\r\n\r\nSomos a \u00fanica ferramenta de ponto de atendimento que oferece apoio ao gerenciamento do paciente como um todo, incluindo orienta\u00e7\u00f5es sobre o tratamento da condi\u00e7\u00e3o aguda, juntamente com comorbidades pr\u00e9-existentes.\r\n\r\n&nbsp;","image":null,"qr_image":null,"circular_image":null,"button_text":"Leia mais","button_url":"https:\/\/bestpractice.bmj.com\/info\/comorbidities_logged-out","button2_text":"","button2_url":"","video_embed":"","quote":"Tratar cada doen\u00e7a em um paciente como se ela existisse de forma isolada leva a menos resultados bons e complica e duplica as intera\u00e7\u00f5es com o sistema de sa\u00fade","quote_author":"Christopher J M Whitty","author_job_title":"Chief Medical Officer, England","feature_iconsimages":null,"bullets":"none","bullet_text":null,"expiration_date":null,"review_type":"normal","reviews":null,"feature_image_cards":null,"feature_icon_cards":null,"podcast_date":null,"podcast_title":"","podcast_text":"","podcast_embed_script":"","campaign_advert_link":"","monthly":{"show_monthly_tab":false,"strikethrough_price":"","price_text":"","per_month_text":"","vat_text":"","subscribe_button_text":"","subscribe_button_link":""},"annual":{"show_annual_tab":false,"packages":null,"default_price":"","default_strikethrough_price":"","default_per_year_text":"","vat_text":"","subscribe_button_text":"","subscribe_button_link":""},"advisory_panel":null,"article_list_fields":null,"subscription_tab_main_heading":"","subscription_tabs":null,"accordion_for_page":null,"embed_code":""},{"choose_component":"generic","hide":"","logged_in":"","logged_out":["yes"],"grey_background":["yes"],"background_color":"","background_image":null,"title_text_color":"","title":"Op\u00e7\u00f5es de assinatura mensal e anual dispon\u00edveis","text":"","image":null,"qr_image":null,"circular_image":null,"button_text":"Assine hoje","button_url":"https:\/\/bestpractice.bmj.com\/info\/subscribe\/","button2_text":"","button2_url":"","video_embed":"","quote":"","quote_author":"","author_job_title":"","feature_iconsimages":null,"bullets":"none","bullet_text":null,"expiration_date":null,"review_type":"normal","reviews":null,"feature_image_cards":null,"feature_icon_cards":null,"podcast_date":null,"podcast_title":"","podcast_text":"","podcast_embed_script":"","campaign_advert_link":"","monthly":{"show_monthly_tab":false,"strikethrough_price":"","price_text":"","per_month_text":"","vat_text":"","subscribe_button_text":"","subscribe_button_link":""},"annual":{"show_annual_tab":false,"packages":null,"default_price":"","default_strikethrough_price":"","default_per_year_text":"","vat_text":"","subscribe_button_text":"","subscribe_button_link":""},"advisory_panel":null,"article_list_fields":null,"subscription_tab_main_heading":"","subscription_tabs":null,"accordion_for_page":null,"embed_code":""}],"sticky_cta_text":"Assine hoje","sticky_cta_link":"https:\/\/bestpractice.bmj.com\/info\/subscribe\/","display_content_search":false,"seo_schema":""},"aioseo_notices":[],"_links":{"self":[{"href":"https:\/\/bestpractice.bmj.com\/info\/pt\/wp-json\/wp\/v2\/pages\/13310","targetHints":{"allow":["GET"]}}],"collection":[{"href":"https:\/\/bestpractice.bmj.com\/info\/pt\/wp-json\/wp\/v2\/pages"}],"about":[{"href":"https:\/\/bestpractice.bmj.com\/info\/pt\/wp-json\/wp\/v2\/types\/page"}],"author":[{"embeddable":true,"href":"https:\/\/bestpractice.bmj.com\/info\/pt\/wp-json\/wp\/v2\/users\/31"}],"replies":[{"embeddable":true,"href":"https:\/\/bestpractice.bmj.com\/info\/pt\/wp-json\/wp\/v2\/comments?post=13310"}],"version-history":[{"count":0,"href":"https:\/\/bestpractice.bmj.com\/info\/pt\/wp-json\/wp\/v2\/pages\/13310\/revisions"}],"wp:attachment":[{"href":"https:\/\/bestpractice.bmj.com\/info\/pt\/wp-json\/wp\/v2\/media?parent=13310"}],"curies":[{"name":"wp","href":"https:\/\/api.w.org\/{rel}","templated":true}]}}