{"id":13300,"date":"2023-10-03T05:33:54","date_gmt":"2023-10-03T04:33:54","guid":{"rendered":"https:\/\/bestpractice.bmj.com\/info\/?page_id=13300"},"modified":"2023-10-04T10:47:11","modified_gmt":"2023-10-04T09:47:11","slug":"librarian","status":"publish","type":"page","link":"https:\/\/bestpractice.bmj.com\/info\/pt\/librarian\/","title":{"rendered":"Librarian"},"content":{"rendered":"","protected":false},"excerpt":{"rendered":"","protected":false},"author":31,"featured_media":0,"parent":0,"menu_order":0,"comment_status":"closed","ping_status":"closed","template":"marketing_new.php","meta":{"_acf_changed":false,"footnotes":""},"class_list":["post-13300","page","type-page","status-publish","hentry"],"acf":{"components":[{"choose_component":"marketingImage","hide":"","logged_in":"","logged_out":"","grey_background":[],"background_color":"","background_image":null,"title_text_color":"","title":"Tornamos mais f\u00e1cil para os bibliotec\u00e1rios apoiar os profissionais de sa\u00fade em sua pr\u00e1tica cl\u00ednica e pesquisa","text":"","image":[{"image_field":13295}],"qr_image":null,"circular_image":null,"button_text":"","button_url":"","button2_text":"","button2_url":"","video_embed":"","quote":"","quote_author":"","author_job_title":"","feature_iconsimages":null,"bullets":"none","bullet_text":null,"expiration_date":null,"review_type":"normal","reviews":null,"feature_image_cards":null,"feature_icon_cards":null,"podcast_date":null,"podcast_title":"","podcast_text":"","podcast_embed_script":"","campaign_advert_link":"","monthly":{"show_monthly_tab":false,"strikethrough_price":"","price_text":"","per_month_text":"","vat_text":"","subscribe_button_text":"","subscribe_button_link":""},"annual":{"show_annual_tab":false,"packages":null,"default_price":"","default_strikethrough_price":"","default_per_year_text":"","vat_text":"","subscribe_button_text":"","subscribe_button_link":""},"advisory_panel":null,"article_list_fields":null,"subscription_tab_main_heading":"","subscription_tabs":null,"accordion_for_page":null,"embed_code":""},{"choose_component":"genericQuote","hide":"","logged_in":"","logged_out":"","grey_background":"","background_color":"","background_image":null,"title_text_color":"","title":"","text":"<h1><strong>A BMJ Best Practice \u00e9 um recurso valioso para bibliotec\u00e1rios que ajudam profissionais de sa\u00fade na pr\u00e1tica cl\u00ednica e pesquisa.<\/strong><\/h1>\r\n<h3>Vejam cinco exemplos de como a BMJ Best Practice atualmente ajuda bibliotec\u00e1rios no mundo todo:<\/h3>\r\n<ol>\r\n \t<li><strong>Fornecendo acesso cont\u00ednuo \u00e0s informa\u00e7\u00f5es cl\u00ednicas mais recentes:<\/strong> Os bibliotec\u00e1rios que fornecem a BMJ Best Practice como recurso garantem que os profissionais de sa\u00fade tenham acesso \u00e0s informa\u00e7\u00f5es cl\u00ednicas mais recentes em qualquer lugar, a qualquer hora. O premiado aplicativo BMJ Best Practice funciona offline, por isso \u00e9 perfeito em \u00e1reas onde o acesso \u00e0 Internet n\u00e3o \u00e9 confi\u00e1vel. A BMJ Best Practice tem o aplicativo de apoio \u00e0 decis\u00e3o cl\u00ednica com a melhor avalia\u00e7\u00e3o* <strong>(* Avalia\u00e7\u00f5es na App Store e no Google Play em agosto de 2023)<\/strong><\/li>\r\n \t<li><strong>Apoio \u00e0 medicina baseada em evid\u00eancias:<\/strong><span style=\"font-size: 16px;\"> os bibliotec\u00e1rios podem usar a BMJ Best Practice para promover a medicina baseada em evid\u00eancias em suas institui\u00e7\u00f5es, fornecendo aos profissionais de sa\u00fade acesso \u00e0s informa\u00e7\u00f5es cl\u00ednicas mais recentes e confi\u00e1veis. <\/span>Os bibliotec\u00e1rios tamb\u00e9m podem usar a BMJ Best Practice para ensinar os m\u00e9dicos a usar recursos baseados em evid\u00eancias para apoiar a tomada de decis\u00e3o cl\u00ednica<\/li>\r\n \t<li><strong>Treinamento e educa\u00e7\u00e3o: <\/strong>os bibliotec\u00e1rios podem usar a BMJ Best Practice para desenvolver ou complementar sess\u00f5es de treinamento ou programas educacionais para profissionais de sa\u00fade sobre t\u00f3picos relacionados \u00e0 pr\u00e1tica baseada em evid\u00eancias e \u00e0 tomada de decis\u00f5es cl\u00ednicas<\/li>\r\n \t<li><strong>\u00a0Habilidades informacionais:<\/strong> os bibliotec\u00e1rios podem usar a BMJ Best Practice para ensinar habilidades informacionais a profissionais de sa\u00fade. A BMJ Best Practice fornece uma variedade de recursos educacionais, incluindo um kit de ferramentas de Medicina Baseada em Evid\u00eancias, v\u00eddeos e estudos de caso, que podem ser usados para ensinar os m\u00e9dicos a avaliar informa\u00e7\u00f5es cl\u00ednicas de forma cr\u00edtica e aplic\u00e1-las na pr\u00e1tica<\/li>\r\n \t<li><strong>Educa\u00e7\u00e3o de pacientes:<\/strong> os bibliotec\u00e1rios podem promover a educa\u00e7\u00e3o de pacientes utilizando os panfletos informativos para pacientes da BMJ Best Practice. Isso ajuda os pacientes a entender suas condi\u00e7\u00f5es e tratamentos.<\/li>\r\n<\/ol>\r\n<h3><strong>Ajudamos voc\u00ea a aproveitar ao m\u00e1ximo sua assinatura da BMJ Best Practice<\/strong><\/h3>\r\nA BMJ Best Practice ajuda os bibliotec\u00e1rios a apoiar a medicina baseada em evid\u00eancias e ensinar habilidades informacionais aos profissionais de sa\u00fade em suas institui\u00e7\u00f5es.\r\n\r\nA BMJ Best Practice oferece uma grande variedade de recursos para administradores, incluindo relat\u00f3rios de uso e estat\u00edsticas compat\u00edveis com o COUNTER, que os bibliotec\u00e1rios podem usar para monitorar o uso do recurso e demonstrar seu valor para suas institui\u00e7\u00f5es. Isso pode ajudar os bibliotec\u00e1rios a tomar decis\u00f5es informadas sobre a aloca\u00e7\u00e3o de recursos.\r\n\r\n&nbsp;","image":null,"qr_image":null,"circular_image":null,"button_text":"","button_url":"","button2_text":"","button2_url":"","video_embed":"","quote":"Que melhor maneira de preparar os alunos para a pr\u00e1tica cl\u00ednica do que fornecer acesso a essa ferramenta de atendimento que eles provavelmente usar\u00e3o ao longo de sua carreira?","quote_author":"Andy Doyle","author_job_title":"Especialista em informa\u00e7\u00f5es, equipe de servi\u00e7os de biblioteca, Aston University.","feature_iconsimages":null,"bullets":"none","bullet_text":null,"expiration_date":null,"review_type":"normal","reviews":null,"feature_image_cards":null,"feature_icon_cards":null,"podcast_date":null,"podcast_title":"","podcast_text":"","podcast_embed_script":"","campaign_advert_link":"","monthly":{"show_monthly_tab":false,"strikethrough_price":"","price_text":"","per_month_text":"","vat_text":"","subscribe_button_text":"","subscribe_button_link":""},"annual":{"show_annual_tab":false,"packages":null,"default_price":"","default_strikethrough_price":"","default_per_year_text":"","vat_text":"","subscribe_button_text":"","subscribe_button_link":""},"advisory_panel":null,"article_list_fields":null,"subscription_tab_main_heading":"","subscription_tabs":null,"accordion_for_page":null,"embed_code":""},{"choose_component":"marketingIconcards","hide":"","logged_in":"","logged_out":"","grey_background":"","background_color":"","background_image":null,"title_text_color":"","title":"Porque somos a sua melhor op\u00e7\u00e3o de apoio \u00e0s decis\u00f5es cl\u00ednicas","text":"A BMJ Best Practice \u00e9 uma ferramenta de apoio \u00e0 decis\u00e3o cl\u00ednica abrangente e baseada em evid\u00eancias. Ela foi desenvolvida para ajudar os profissionais de sa\u00fade a tomar decis\u00f5es informadas no ponto de atendimento, a qualquer hora, em qualquer lugar.\r\n\r\n\u00c9 f\u00e1cil de usar e ajuda os profissionais de sa\u00fade a se manterem atualizados sobre as pesquisas e diretrizes m\u00e9dicas mais recentes e oferecer cuidados de alta qualidade em diversas condi\u00e7\u00f5es m\u00e9dicas.","image":null,"qr_image":null,"circular_image":null,"button_text":"","button_url":"","button2_text":"","button2_url":"","video_embed":"","quote":"","quote_author":"","author_job_title":"","feature_iconsimages":null,"bullets":"none","bullet_text":null,"expiration_date":null,"review_type":"normal","reviews":null,"feature_image_cards":null,"feature_icon_cards":[{"feature_card_icon":10901,"feature_card_subtitle":"Acesso em qualquer lugar","feature_card_text":"As informa\u00e7\u00f5es certas, quando e onde voc\u00ea precisar delas","feature_card_button_text":"Leia mais","feature_card_button_link":"https:\/\/bestpractice.bmj.com\/info\/access-anywhere\/"},{"feature_card_icon":10949,"feature_card_subtitle":"Ganhe pontos CME","feature_card_text":"Ganhe cr\u00e9ditos de CPD\/CME enquanto procura respostas para suas perguntas cl\u00ednicas","feature_card_button_text":"Leia mais","feature_card_button_link":"https:\/\/bestpractice.bmj.com\/info\/earn-cme-cpd-points"},{"feature_card_icon":10989,"feature_card_subtitle":"Baseado em evid\u00eancias","feature_card_text":"Atualizado diariamente, o BMJ Best Practice se baseia nas mais recentes pesquisas baseadas em evid\u00eancias","feature_card_button_text":"Leia mais","feature_card_button_link":"https:\/\/bestpractice.bmj.com\/info\/evidence-based\/"},{"feature_card_icon":10933,"feature_card_subtitle":"Conte\u00fado confi\u00e1vel","feature_card_text":"Projetado para uso no ponto de atendimento, com todos os recursos desenvolvidos com nossos usu\u00e1rios","feature_card_button_text":"Leia mais","feature_card_button_link":"https:\/\/bestpractice.bmj.com\/info\/trusted-content\/"}],"podcast_date":null,"podcast_title":"","podcast_text":"","podcast_embed_script":"","campaign_advert_link":"","monthly":{"show_monthly_tab":false,"strikethrough_price":"","price_text":"","per_month_text":"","vat_text":"","subscribe_button_text":"","subscribe_button_link":""},"annual":{"show_annual_tab":false,"packages":null,"default_price":"","default_strikethrough_price":"","default_per_year_text":"","vat_text":"","subscribe_button_text":"","subscribe_button_link":""},"advisory_panel":null,"article_list_fields":null,"subscription_tab_main_heading":"","subscription_tabs":null,"accordion_for_page":null,"embed_code":""},{"choose_component":"advetorialQuote","hide":"","logged_in":"","logged_out":"","grey_background":"","background_color":"#1f5189","background_image":12617,"title_text_color":"#ffffff","title":"Enfrentando o desafio das comorbidades","text":"<strong>Um em cada tr\u00eas adultos sofre de v\u00e1rias condi\u00e7\u00f5es cr\u00f4nicas, e a maioria dos pacientes agudos tem mais de uma condi\u00e7\u00e3o m\u00e9dica.\u00a0 <\/strong>\r\n\r\nNosso Comorbidities Manager est\u00e1 totalmente integrado \u00e0 BMJ Best Practice, a ferramenta de apoio \u00e0 decis\u00e3o cl\u00ednica que ajuda os profissionais a tratar o paciente como um todo.\r\n\r\nSomos a \u00fanica ferramenta de ponto de atendimento que oferece apoio ao gerenciamento do paciente como um todo, incluindo orienta\u00e7\u00f5es sobre o tratamento da condi\u00e7\u00e3o aguda, juntamente com comorbidades pr\u00e9-existentes.\r\n\r\nAcesse o link abaixo para saber mais.\r\n\r\n&nbsp;","image":null,"qr_image":null,"circular_image":null,"button_text":"Leia mais","button_url":"https:\/\/bestpractice.bmj.com\/info\/comorbidities_logged-out","button2_text":"","button2_url":"","video_embed":"","quote":"Tratar cada doen\u00e7a em um paciente como se ela existisse de forma isolada leva a menos resultados bons e complica e duplica as intera\u00e7\u00f5es com o sistema de sa\u00fade.","quote_author":"Christopher J M Whitty","author_job_title":"Diretor M\u00e9dico, Inglaterra Op\u00e7\u00f5es de assinatura mensal e anual dispon\u00edveis","feature_iconsimages":null,"bullets":"none","bullet_text":null,"expiration_date":null,"review_type":"normal","reviews":null,"feature_image_cards":null,"feature_icon_cards":null,"podcast_date":null,"podcast_title":"","podcast_text":"","podcast_embed_script":"","campaign_advert_link":"","monthly":{"show_monthly_tab":false,"strikethrough_price":"","price_text":"","per_month_text":"","vat_text":"","subscribe_button_text":"","subscribe_button_link":""},"annual":{"show_annual_tab":false,"packages":null,"default_price":"","default_strikethrough_price":"","default_per_year_text":"","vat_text":"","subscribe_button_text":"","subscribe_button_link":""},"advisory_panel":null,"article_list_fields":null,"subscription_tab_main_heading":"","subscription_tabs":null,"accordion_for_page":null,"embed_code":""},{"choose_component":"generic","hide":"","logged_in":"","logged_out":["yes"],"grey_background":["yes"],"background_color":"","background_image":null,"title_text_color":"","title":"Op\u00e7\u00f5es de assinatura mensal e anual dispon\u00edveis ","text":"","image":null,"qr_image":null,"circular_image":null,"button_text":"Entre em contato","button_url":"https:\/\/bestpractice.bmj.com\/info\/contact-us\/","button2_text":"","button2_url":"","video_embed":"","quote":"","quote_author":"","author_job_title":"","feature_iconsimages":null,"bullets":"none","bullet_text":null,"expiration_date":null,"review_type":"normal","reviews":null,"feature_image_cards":null,"feature_icon_cards":null,"podcast_date":null,"podcast_title":"","podcast_text":"","podcast_embed_script":"","campaign_advert_link":"","monthly":{"show_monthly_tab":false,"strikethrough_price":"","price_text":"","per_month_text":"","vat_text":"","subscribe_button_text":"","subscribe_button_link":""},"annual":{"show_annual_tab":false,"packages":null,"default_price":"","default_strikethrough_price":"","default_per_year_text":"","vat_text":"","subscribe_button_text":"","subscribe_button_link":""},"advisory_panel":null,"article_list_fields":null,"subscription_tab_main_heading":"","subscription_tabs":null,"accordion_for_page":null,"embed_code":""}],"sticky_cta_text":"Assine Hoje","sticky_cta_link":"https:\/\/bestpractice.bmj.com\/info\/subscribe\/","display_content_search":false,"seo_schema":""},"aioseo_notices":[],"_links":{"self":[{"href":"https:\/\/bestpractice.bmj.com\/info\/pt\/wp-json\/wp\/v2\/pages\/13300","targetHints":{"allow":["GET"]}}],"collection":[{"href":"https:\/\/bestpractice.bmj.com\/info\/pt\/wp-json\/wp\/v2\/pages"}],"about":[{"href":"https:\/\/bestpractice.bmj.com\/info\/pt\/wp-json\/wp\/v2\/types\/page"}],"author":[{"embeddable":true,"href":"https:\/\/bestpractice.bmj.com\/info\/pt\/wp-json\/wp\/v2\/users\/31"}],"replies":[{"embeddable":true,"href":"https:\/\/bestpractice.bmj.com\/info\/pt\/wp-json\/wp\/v2\/comments?post=13300"}],"version-history":[{"count":0,"href":"https:\/\/bestpractice.bmj.com\/info\/pt\/wp-json\/wp\/v2\/pages\/13300\/revisions"}],"wp:attachment":[{"href":"https:\/\/bestpractice.bmj.com\/info\/pt\/wp-json\/wp\/v2\/media?parent=13300"}],"curies":[{"name":"wp","href":"https:\/\/api.w.org\/{rel}","templated":true}]}}