{"id":13292,"date":"2023-10-03T05:28:34","date_gmt":"2023-10-03T04:28:34","guid":{"rendered":"https:\/\/bestpractice.bmj.com\/info\/?page_id=13292"},"modified":"2023-10-04T11:19:11","modified_gmt":"2023-10-04T10:19:11","slug":"clinics","status":"publish","type":"page","link":"https:\/\/bestpractice.bmj.com\/info\/pt\/clinics\/","title":{"rendered":"Primary Care"},"content":{"rendered":"","protected":false},"excerpt":{"rendered":"","protected":false},"author":31,"featured_media":0,"parent":0,"menu_order":0,"comment_status":"closed","ping_status":"closed","template":"marketing_new.php","meta":{"_acf_changed":false,"footnotes":""},"class_list":["post-13292","page","type-page","status-publish","hentry"],"acf":{"components":[{"choose_component":"marketingImage","hide":"","logged_in":"","logged_out":"","grey_background":[],"background_color":"","background_image":null,"title_text_color":"","title":"Em um ambiente onde o tempo \u00e9 crucial, como na aten\u00e7\u00e3o prim\u00e1ria, diagn\u00f3sticos e decis\u00f5es r\u00e1pidos e precisos s\u00e3o vitais","text":"","image":[{"image_field":13286}],"qr_image":null,"circular_image":null,"button_text":"","button_url":"","button2_text":"","button2_url":"","video_embed":"","quote":"","quote_author":"","author_job_title":"","feature_iconsimages":null,"bullets":"none","bullet_text":null,"expiration_date":null,"review_type":"normal","reviews":null,"feature_image_cards":null,"feature_icon_cards":null,"podcast_date":null,"podcast_title":"","podcast_text":"","podcast_embed_script":"","campaign_advert_link":"","monthly":{"show_monthly_tab":false,"strikethrough_price":"","price_text":"","per_month_text":"","vat_text":"","subscribe_button_text":"","subscribe_button_link":""},"annual":{"show_annual_tab":false,"packages":null,"default_price":"","default_strikethrough_price":"","default_per_year_text":"","vat_text":"","subscribe_button_text":"","subscribe_button_link":""},"advisory_panel":null,"article_list_fields":null,"subscription_tab_main_heading":"","subscription_tabs":null,"accordion_for_page":null,"embed_code":""},{"choose_component":"genericQuote","hide":"","logged_in":"","logged_out":"","grey_background":"","background_color":"","background_image":null,"title_text_color":"","title":"","text":"<h1>Com ampla cobertura das doen\u00e7as mais comuns, voc\u00ea pode contar com a BMJ Best Practice para responder \u00e0s suas quest\u00f5es cl\u00ednicas.<\/h1>\r\n<h3>A BMJ Best Practice usa as pesquisas baseadas em evid\u00eancias, diretrizes e opini\u00f5es de especialistas mais atuais para oferecer um guia passo a passo de diagn\u00f3stico, progn\u00f3stico e preven\u00e7\u00e3o.<\/h3>\r\n<ul>\r\n \t<li>A BMJ Best Practice usa as pesquisas baseadas em evid\u00eancias, diretrizes e opini\u00f5es de especialistas mais atuais para oferecer um guia passo a passo de diagn\u00f3stico, progn\u00f3stico e preven\u00e7\u00e3o.<\/li>\r\n \t<li>Apoie seus m\u00e9dicos com as evid\u00eancias e opini\u00f5es de especialistas mais recentes, atualizadas diariamente e com links para diretrizes internacionais<\/li>\r\n \t<li>Ajude seus m\u00e9dicos a discutir op\u00e7\u00f5es de tratamento com os pacientes. A Best Practices tem mais de 500 panfletos explicativos para pacientes revisados pelo nosso Painel de Pacientes<\/li>\r\n \t<li>Mais de 250 calculadoras m\u00e9dicas para apoiar a tomada de decis\u00f5es precisas<\/li>\r\n \t<li>Apoie o desenvolvimento profissional dos seus m\u00e9dicos. A Best Practice inclui acompanhamento autom\u00e1tico de CME\/CPD para ajudar em revalida\u00e7\u00e3o e avalia\u00e7\u00f5es.<\/li>\r\n<\/ul>\r\nAl\u00e9m disso, \u00e9 <a href=\"https:\/\/bestpractice.bmj.com\/info\/accreditation\/\">reconhecida por organiza\u00e7\u00f5es profissionais<\/a> ao redor do mundo\r\n\r\nDisponibilize o acesso aos seus m\u00e9dicos, estejam eles na cl\u00ednica, em casa ou de plant\u00e3o, com acesso online, m\u00f3vel e offline por meio do nosso aplicativo com excelentes avalia\u00e7\u00f5es..","image":null,"qr_image":null,"circular_image":null,"button_text":"","button_url":"","button2_text":"","button2_url":"","video_embed":"","quote":"O BMJ Best Practice tem ajudado muito a informar o paciente, o que tem sido de grande ajuda, especialmente quando se trata de concordar com um curso de tratamento adequado e desenvolver um atendimento de qualidade.","quote_author":"Dr Andrew Nevay, GP, ","author_job_title":"The Balfron Clinic","feature_iconsimages":null,"bullets":"none","bullet_text":null,"expiration_date":null,"review_type":"normal","reviews":null,"feature_image_cards":null,"feature_icon_cards":null,"podcast_date":null,"podcast_title":"","podcast_text":"","podcast_embed_script":"","campaign_advert_link":"","monthly":{"show_monthly_tab":false,"strikethrough_price":"","price_text":"","per_month_text":"","vat_text":"","subscribe_button_text":"","subscribe_button_link":""},"annual":{"show_annual_tab":false,"packages":null,"default_price":"","default_strikethrough_price":"","default_per_year_text":"","vat_text":"","subscribe_button_text":"","subscribe_button_link":""},"advisory_panel":null,"article_list_fields":null,"subscription_tab_main_heading":"","subscription_tabs":null,"accordion_for_page":null,"embed_code":""},{"choose_component":"marketingIconcards","hide":"","logged_in":"","logged_out":"","grey_background":"","background_color":"","background_image":null,"title_text_color":"","title":"Porque somos a sua melhor op\u00e7\u00e3o de apoio \u00e0s decis\u00f5es cl\u00ednicas","text":"A BMJ Best Practice \u00e9 uma ferramenta de apoio \u00e0 decis\u00e3o cl\u00ednica abrangente e baseada em evid\u00eancias. Ela foi desenvolvida para ajudar os profissionais de sa\u00fade a tomar decis\u00f5es informadas no ponto de atendimento, a qualquer hora, em qualquer lugar.\r\n\r\n\u00c9 f\u00e1cil de usar e ajuda os profissionais de sa\u00fade a se manterem atualizados sobre as pesquisas e diretrizes m\u00e9dicas mais recentes e oferecer cuidados de alta qualidade em diversas condi\u00e7\u00f5es m\u00e9dicas.","image":null,"qr_image":null,"circular_image":null,"button_text":"","button_url":"","button2_text":"","button2_url":"","video_embed":"","quote":"","quote_author":"","author_job_title":"","feature_iconsimages":null,"bullets":"none","bullet_text":null,"expiration_date":null,"review_type":"normal","reviews":null,"feature_image_cards":null,"feature_icon_cards":[{"feature_card_icon":10901,"feature_card_subtitle":"Acesso em qualquer lugar","feature_card_text":"As informa\u00e7\u00f5es certas, quando e onde voc\u00ea precisar delas","feature_card_button_text":"Leia mais","feature_card_button_link":"https:\/\/bestpractice.bmj.com\/info\/pt\/access-anywhere\/"},{"feature_card_icon":10949,"feature_card_subtitle":"Ganhe pontos CME","feature_card_text":"Ganhe cr\u00e9ditos de CPD\/CME enquanto procura respostas para suas perguntas cl\u00ednicas","feature_card_button_text":"Leia mais","feature_card_button_link":"https:\/\/bestpractice.bmj.com\/info\/pt\/earn-cme-cpd-points"},{"feature_card_icon":10989,"feature_card_subtitle":"Baseado em evid\u00eancias","feature_card_text":"Atualizado diariamente, o BMJ Best Practice se baseia nas mais recentes pesquisas baseadas em evid\u00eancias","feature_card_button_text":"Leia mais","feature_card_button_link":"https:\/\/bestpractice.bmj.com\/info\/pt\/evidence-based\/"},{"feature_card_icon":10933,"feature_card_subtitle":"Conte\u00fado confi\u00e1vel","feature_card_text":"Projetado para uso no ponto de atendimento, com todos os recursos desenvolvidos com nossos usu\u00e1rios","feature_card_button_text":"Leia mais","feature_card_button_link":"https:\/\/bestpractice.bmj.com\/info\/pt\/trusted-content\/"}],"podcast_date":null,"podcast_title":"","podcast_text":"","podcast_embed_script":"","campaign_advert_link":"","monthly":{"show_monthly_tab":false,"strikethrough_price":"","price_text":"","per_month_text":"","vat_text":"","subscribe_button_text":"","subscribe_button_link":""},"annual":{"show_annual_tab":false,"packages":null,"default_price":"","default_strikethrough_price":"","default_per_year_text":"","vat_text":"","subscribe_button_text":"","subscribe_button_link":""},"advisory_panel":null,"article_list_fields":null,"subscription_tab_main_heading":"","subscription_tabs":null,"accordion_for_page":null,"embed_code":""},{"choose_component":"generic","hide":"","logged_in":"","logged_out":"","grey_background":"","background_color":"","background_image":null,"title_text_color":"","title":"Op\u00e7\u00f5es de assinatura mensal e anual dispon\u00edveis","text":"","image":null,"qr_image":null,"circular_image":null,"button_text":"Assine Hoje","button_url":"https:\/\/bestpractice.bmj.com\/info\/pt\/subscribe\/","button2_text":"","button2_url":"","video_embed":"","quote":"","quote_author":"","author_job_title":"","feature_iconsimages":null,"bullets":"none","bullet_text":null,"expiration_date":null,"review_type":"normal","reviews":null,"feature_image_cards":null,"feature_icon_cards":null,"podcast_date":null,"podcast_title":"","podcast_text":"","podcast_embed_script":"","campaign_advert_link":"","monthly":{"show_monthly_tab":false,"strikethrough_price":"","price_text":"","per_month_text":"","vat_text":"","subscribe_button_text":"","subscribe_button_link":""},"annual":{"show_annual_tab":false,"packages":null,"default_price":"","default_strikethrough_price":"","default_per_year_text":"","vat_text":"","subscribe_button_text":"","subscribe_button_link":""},"advisory_panel":null,"article_list_fields":null,"subscription_tab_main_heading":"","subscription_tabs":null,"accordion_for_page":null,"embed_code":""}],"sticky_cta_text":"Assine Hoje","sticky_cta_link":"https:\/\/bestpractice.bmj.com\/info\/pt\/subscribe\/","display_content_search":false,"seo_schema":""},"aioseo_notices":[],"_links":{"self":[{"href":"https:\/\/bestpractice.bmj.com\/info\/pt\/wp-json\/wp\/v2\/pages\/13292","targetHints":{"allow":["GET"]}}],"collection":[{"href":"https:\/\/bestpractice.bmj.com\/info\/pt\/wp-json\/wp\/v2\/pages"}],"about":[{"href":"https:\/\/bestpractice.bmj.com\/info\/pt\/wp-json\/wp\/v2\/types\/page"}],"author":[{"embeddable":true,"href":"https:\/\/bestpractice.bmj.com\/info\/pt\/wp-json\/wp\/v2\/users\/31"}],"replies":[{"embeddable":true,"href":"https:\/\/bestpractice.bmj.com\/info\/pt\/wp-json\/wp\/v2\/comments?post=13292"}],"version-history":[{"count":0,"href":"https:\/\/bestpractice.bmj.com\/info\/pt\/wp-json\/wp\/v2\/pages\/13292\/revisions"}],"wp:attachment":[{"href":"https:\/\/bestpractice.bmj.com\/info\/pt\/wp-json\/wp\/v2\/media?parent=13292"}],"curies":[{"name":"wp","href":"https:\/\/api.w.org\/{rel}","templated":true}]}}